{"id":1736,"date":"2023-04-27T08:26:48","date_gmt":"2023-04-27T08:26:48","guid":{"rendered":"https:\/\/yingmeipack.com\/?post_type=product&#038;p=1736"},"modified":"2025-06-04T09:07:36","modified_gmt":"2025-06-04T09:07:36","slug":"90ml-3oz-matte-gold-embossed-logo-aluminum-jar-with-screw-cap","status":"publish","type":"product","link":"https:\/\/yingmeipack.com\/es\/product\/90ml-3oz-matte-gold-embossed-logo-aluminum-jar-with-screw-cap\/","title":{"rendered":"Tarro de aluminio de 90 ml y 3 onzas con logotipo en relieve dorado mate y tap\u00f3n de rosca"},"content":{"rendered":"","protected":false},"excerpt":{"rendered":"<p>1.\u2714 DISE\u00d1O DE CALIDAD: Hecho de aluminio duradero, latas de hojalata de acero redondas con tapa a rosca de 3 oz, viene con tapas a rosca.Cada recipiente tiene una tapa redonda y forros interiores para crear un sello herm\u00e9tico que no gotee. Dimensiones: 68mm di\u00e1metro &amp; 42mm profundidad &amp; 0.3MM espesor<br \/>\n2.\u2714ELIMINA EL RIESGO DE DERRETIMIENTO O FUGAS: Recipientes poco profundos con tapa a presi\u00f3n fabricados en acero esta\u00f1ado con tapas roscadas. Una vez aplicado a la base de la lata, el plomo mantiene una sujeci\u00f3n segura, eliminando el riesgo de cualquier fuga desordenada durante sus muchos viajes. Este art\u00edculo es fant\u00e1stico para el equipaje de mano.<br \/>\n3.\u2714EL TAMA\u00d1O COMPACTO LES PERMITE IR A CUALQUIER PARTE:Estos tarros caben perfectamente en el bolsillo, el bolso, la mochila o el equipaje. Son especialmente valiosos cuando se viaja en avi\u00f3n, ya que el tama\u00f1o de los frascos de cremas y lociones para llevar en el equipaje de mano est\u00e1 muy restringido.<br \/>\n4.\u2714COSM\u00c9TICA, COCINA Y MUCHO M\u00c1S:Estos tarros son perfectos para guardar maquillaje mineralizado, sombras de ojos, lociones, b\u00e1lsamos labiales, t\u00f3nicos, cremas, ung\u00fcentos, polvos acr\u00edlicos y otros art\u00edculos de belleza. Tambi\u00e9n son adecuados para guardar muestras de t\u00e9s de hojas sueltas, especias, aceites de cocina, hierbas, medicamentos, pinturas, peque\u00f1as joyas y mucho m\u00e1s.<br \/>\n5.\u2714\u2606Great para decorar y utilizar como favores del partido, dar regalos, almacenar especias, dulces en el interior.<\/p>\n<p>&nbsp;<\/p>","protected":false},"featured_media":1737,"template":"","meta":{"_kad_post_transparent":"default","_kad_post_title":"","_kad_post_layout":"default","_kad_post_sidebar_id":"","_kad_post_content_style":"default","_kad_post_vertical_padding":"default","_kad_post_feature":"","_kad_post_feature_position":"","_kad_post_header":false,"_kad_post_footer":false,"jetpack_publicize_message":"","jetpack_publicize_feature_enabled":true,"jetpack_social_post_already_shared":false,"jetpack_social_options":{"image_generator_settings":{"template":"highway","default_image_id":0,"enabled":false},"version":2}},"product_brand":[],"product_cat":[28,24,27],"product_tag":[101,107,106,108],"class_list":{"0":"post-1736","1":"product","2":"type-product","3":"status-publish","4":"has-post-thumbnail","6":"product_cat-aluminum-jars","7":"product_cat-jars","8":"product_cat-metal-jars","9":"product_tag-aluminum-jar-with-screw-lid","10":"product_tag-aluminum-tin-with-screw-lid","11":"product_tag-rose-gold-aluminum-jar","12":"product_tag-rose-gold-aluminum-tin","14":"first","15":"instock","16":"shipping-taxable","17":"purchasable","18":"product-type-simple","19":"entry","20":"content-bg","21":"loop-entry"},"aioseo_notices":[],"jetpack_publicize_connections":[],"jetpack_sharing_enabled":true,"_links":{"self":[{"href":"https:\/\/yingmeipack.com\/es\/wp-json\/wp\/v2\/product\/1736","targetHints":{"allow":["GET"]}}],"collection":[{"href":"https:\/\/yingmeipack.com\/es\/wp-json\/wp\/v2\/product"}],"about":[{"href":"https:\/\/yingmeipack.com\/es\/wp-json\/wp\/v2\/types\/product"}],"version-history":[{"count":1,"href":"https:\/\/yingmeipack.com\/es\/wp-json\/wp\/v2\/product\/1736\/revisions"}],"predecessor-version":[{"id":1742,"href":"https:\/\/yingmeipack.com\/es\/wp-json\/wp\/v2\/product\/1736\/revisions\/1742"}],"wp:featuredmedia":[{"embeddable":true,"href":"https:\/\/yingmeipack.com\/es\/wp-json\/wp\/v2\/media\/1737"}],"wp:attachment":[{"href":"https:\/\/yingmeipack.com\/es\/wp-json\/wp\/v2\/media?parent=1736"}],"wp:term":[{"taxonomy":"product_brand","embeddable":true,"href":"https:\/\/yingmeipack.com\/es\/wp-json\/wp\/v2\/product_brand?post=1736"},{"taxonomy":"product_cat","embeddable":true,"href":"https:\/\/yingmeipack.com\/es\/wp-json\/wp\/v2\/product_cat?post=1736"},{"taxonomy":"product_tag","embeddable":true,"href":"https:\/\/yingmeipack.com\/es\/wp-json\/wp\/v2\/product_tag?post=1736"}],"curies":[{"name":"wp","href":"https:\/\/api.w.org\/{rel}","templated":true}]}}