{"id":1697,"date":"2023-04-27T02:13:03","date_gmt":"2023-04-27T02:13:03","guid":{"rendered":"https:\/\/yingmeipack.com\/?post_type=product&#038;p=1697"},"modified":"2025-06-05T02:58:48","modified_gmt":"2025-06-05T02:58:48","slug":"custom-red-silk-screen-printing-200g-aluminum-tin-jar-with-slip-lid","status":"publish","type":"product","link":"https:\/\/yingmeipack.com\/es\/product\/custom-red-silk-screen-printing-200g-aluminum-tin-jar-with-slip-lid\/","title":{"rendered":"serigrafia roja personalizada tarro de aluminio de 200g con tapa deslizante"},"content":{"rendered":"","protected":false},"excerpt":{"rendered":"<p>El tama\u00f1o de este tarro de aluminio es de 93*43 mm. Est\u00e1 fabricado en aluminio de primera calidad, ligero pero duradero, f\u00e1cil de transportar cuando se viaja. La tapa de rosca herm\u00e9ticamente sellada y la espuma interior eliminan el riesgo de fugas o derretimiento y protegen sus productos de la exposici\u00f3n a la luz y las altas temperaturas. Todos los bordes est\u00e1n redondeados y perfectamente formados. Excelentes recipientes para b\u00e1lsamos labiales, desodorantes en crema, pastillas de dent\u00edfrico, pastillas, monedas, hierbas y mucho m\u00e1s. Los clientes pueden personalizar a\u00fan m\u00e1s todos los detalles en funci\u00f3n de sus propias necesidades.<\/p>\n<p>&nbsp;<\/p>","protected":false},"featured_media":1698,"template":"","meta":{"_kad_post_transparent":"default","_kad_post_title":"","_kad_post_layout":"default","_kad_post_sidebar_id":"","_kad_post_content_style":"default","_kad_post_vertical_padding":"default","_kad_post_feature":"","_kad_post_feature_position":"","_kad_post_header":false,"_kad_post_footer":false,"jetpack_publicize_message":"","jetpack_publicize_feature_enabled":true,"jetpack_social_post_already_shared":false,"jetpack_social_options":{"image_generator_settings":{"template":"highway","default_image_id":0,"enabled":false},"version":2}},"product_brand":[],"product_cat":[28,24,27],"product_tag":[101,107,106,108],"class_list":{"0":"post-1697","1":"product","2":"type-product","3":"status-publish","4":"has-post-thumbnail","6":"product_cat-aluminum-jars","7":"product_cat-jars","8":"product_cat-metal-jars","9":"product_tag-aluminum-jar-with-screw-lid","10":"product_tag-aluminum-tin-with-screw-lid","11":"product_tag-rose-gold-aluminum-jar","12":"product_tag-rose-gold-aluminum-tin","14":"first","15":"instock","16":"shipping-taxable","17":"purchasable","18":"product-type-simple","19":"entry","20":"content-bg","21":"loop-entry"},"aioseo_notices":[],"jetpack_publicize_connections":[],"jetpack_sharing_enabled":true,"_links":{"self":[{"href":"https:\/\/yingmeipack.com\/es\/wp-json\/wp\/v2\/product\/1697","targetHints":{"allow":["GET"]}}],"collection":[{"href":"https:\/\/yingmeipack.com\/es\/wp-json\/wp\/v2\/product"}],"about":[{"href":"https:\/\/yingmeipack.com\/es\/wp-json\/wp\/v2\/types\/product"}],"version-history":[{"count":1,"href":"https:\/\/yingmeipack.com\/es\/wp-json\/wp\/v2\/product\/1697\/revisions"}],"predecessor-version":[{"id":1703,"href":"https:\/\/yingmeipack.com\/es\/wp-json\/wp\/v2\/product\/1697\/revisions\/1703"}],"wp:featuredmedia":[{"embeddable":true,"href":"https:\/\/yingmeipack.com\/es\/wp-json\/wp\/v2\/media\/1698"}],"wp:attachment":[{"href":"https:\/\/yingmeipack.com\/es\/wp-json\/wp\/v2\/media?parent=1697"}],"wp:term":[{"taxonomy":"product_brand","embeddable":true,"href":"https:\/\/yingmeipack.com\/es\/wp-json\/wp\/v2\/product_brand?post=1697"},{"taxonomy":"product_cat","embeddable":true,"href":"https:\/\/yingmeipack.com\/es\/wp-json\/wp\/v2\/product_cat?post=1697"},{"taxonomy":"product_tag","embeddable":true,"href":"https:\/\/yingmeipack.com\/es\/wp-json\/wp\/v2\/product_tag?post=1697"}],"curies":[{"name":"wp","href":"https:\/\/api.w.org\/{rel}","templated":true}]}}