{"id":1674,"date":"2023-04-25T07:41:04","date_gmt":"2023-04-25T07:41:04","guid":{"rendered":"https:\/\/yingmeipack.com\/?post_type=product&#038;p=1674"},"modified":"2025-06-05T03:01:43","modified_gmt":"2025-06-05T03:01:43","slug":"high-quality-heart-shaped-candy-box-wholesale-wedding-gift-tin-box","status":"publish","type":"product","link":"https:\/\/yingmeipack.com\/es\/product\/high-quality-heart-shaped-candy-box-wholesale-wedding-gift-tin-box\/","title":{"rendered":"Caja de caramelos con forma de coraz\u00f3n de alta calidad al por mayor caja de lata para regalos de boda"},"content":{"rendered":"","protected":false},"excerpt":{"rendered":"<p>Presentamos las cajas de hojalata personalizadas con forma de coraz\u00f3n: la forma perfecta de a\u00f1adir un toque de comodidad y estilo a sus envases. Estas elegantes cajas est\u00e1n disponibles en varios tama\u00f1os, con bisagras para abrirlas y cerrarlas f\u00e1cilmente. Son perfectas para regalos, velas, cosm\u00e9ticos, t\u00e9, especias y mucho m\u00e1s. Y son totalmente personalizables, para que pueda a\u00f1adir sus propios estampados y dise\u00f1os exclusivos.<\/p>\n<p>Material de hojalata duradero - Los contenedores de hojalata vac\u00edos Dicunoy est\u00e1n hechos de material de hojalata de alta calidad, es dif\u00edcil de doblar con la mano, y se ve elegante en su lugar debido a la superficie plateada.<br \/>\nSin bordes afilados - Nuestros envases de lata de metal vac\u00edos est\u00e1n dise\u00f1ados en un borde redondo y liso, que puede reducir el riesgo de da\u00f1o de borde de metal de pico, es seguro de usar en su tiempo diario.<br \/>\nAmplias aplicaciones - Nuestras latas de plata son ideales para proyectos caseros de bricolaje, fabricaci\u00f3n de velas sin fugas, favores de la fiesta de bodas, dulces, joyas, cajas del tesoro, material de oficina o regalos.<\/p>\n<p>&nbsp;<\/p>","protected":false},"featured_media":1675,"template":"","meta":{"_kad_post_transparent":"default","_kad_post_title":"","_kad_post_layout":"default","_kad_post_sidebar_id":"","_kad_post_content_style":"default","_kad_post_vertical_padding":"default","_kad_post_feature":"","_kad_post_feature_position":"","_kad_post_header":false,"_kad_post_footer":false,"jetpack_publicize_message":"","jetpack_publicize_feature_enabled":true,"jetpack_social_post_already_shared":false,"jetpack_social_options":{"image_generator_settings":{"template":"highway","default_image_id":0,"enabled":false},"version":2}},"product_brand":[],"product_cat":[48,24,27,29],"product_tag":[114,116,117,115],"class_list":{"0":"post-1674","1":"product","2":"type-product","3":"status-publish","4":"has-post-thumbnail","6":"product_cat-box","7":"product_cat-jars","8":"product_cat-metal-jars","9":"product_cat-tinplate-jars","10":"product_tag-custom-tin-boxes","11":"product_tag-lightweight-tin-boxes","12":"product_tag-metal-tin-box","13":"product_tag-square-tin-boxes","15":"first","16":"instock","17":"shipping-taxable","18":"purchasable","19":"product-type-simple","20":"entry","21":"content-bg","22":"loop-entry"},"aioseo_notices":[],"jetpack_publicize_connections":[],"jetpack_sharing_enabled":true,"_links":{"self":[{"href":"https:\/\/yingmeipack.com\/es\/wp-json\/wp\/v2\/product\/1674","targetHints":{"allow":["GET"]}}],"collection":[{"href":"https:\/\/yingmeipack.com\/es\/wp-json\/wp\/v2\/product"}],"about":[{"href":"https:\/\/yingmeipack.com\/es\/wp-json\/wp\/v2\/types\/product"}],"version-history":[{"count":1,"href":"https:\/\/yingmeipack.com\/es\/wp-json\/wp\/v2\/product\/1674\/revisions"}],"predecessor-version":[{"id":1681,"href":"https:\/\/yingmeipack.com\/es\/wp-json\/wp\/v2\/product\/1674\/revisions\/1681"}],"wp:featuredmedia":[{"embeddable":true,"href":"https:\/\/yingmeipack.com\/es\/wp-json\/wp\/v2\/media\/1675"}],"wp:attachment":[{"href":"https:\/\/yingmeipack.com\/es\/wp-json\/wp\/v2\/media?parent=1674"}],"wp:term":[{"taxonomy":"product_brand","embeddable":true,"href":"https:\/\/yingmeipack.com\/es\/wp-json\/wp\/v2\/product_brand?post=1674"},{"taxonomy":"product_cat","embeddable":true,"href":"https:\/\/yingmeipack.com\/es\/wp-json\/wp\/v2\/product_cat?post=1674"},{"taxonomy":"product_tag","embeddable":true,"href":"https:\/\/yingmeipack.com\/es\/wp-json\/wp\/v2\/product_tag?post=1674"}],"curies":[{"name":"wp","href":"https:\/\/api.w.org\/{rel}","templated":true}]}}