{"id":1582,"date":"2023-04-19T08:35:26","date_gmt":"2023-04-19T08:35:26","guid":{"rendered":"https:\/\/yingmeipack.com\/?post_type=product&#038;p=1582"},"modified":"2025-06-05T08:12:50","modified_gmt":"2025-06-05T08:12:50","slug":"custom-round-smooth-edge-aluminum-jar-can-for-candle-cosmetic","status":"publish","type":"product","link":"https:\/\/yingmeipack.com\/es\/product\/custom-round-smooth-edge-aluminum-jar-can-for-candle-cosmetic\/","title":{"rendered":"Tarro de aluminio redondo con borde liso para velas cosm\u00e9ticas"},"content":{"rendered":"","protected":false},"excerpt":{"rendered":"<p>Muy ligeros y duraderos. Los envases est\u00e1n revestidos de EPA (Epoxi Fen\u00f3lico*) con esta resina especial en el interior, de modo que el aluminio no entra en contacto directo con el producto y, por lo tanto, no hay posibilidad de reacci\u00f3n u oxidaci\u00f3n con el producto. El aluminio con revestimiento EP hace que el tarro de aluminio sea adecuado para la mayor\u00eda de tipos de productos, incluidos los de base acuosa, base oleosa y base disolvente. Este tarro de aluminio se suministra completo con una tapa de aluminio, fabricada espec\u00edficamente para este tarro para garantizar un cierre herm\u00e9tico. El aluminio es totalmente reciclable y produce poco calor. Su bajo peso hace que el aluminio sea ideal para el transporte. El aluminio no se lixivia si se deposita en vertederos.<\/p>","protected":false},"featured_media":1583,"template":"","meta":{"_kad_post_transparent":"default","_kad_post_title":"","_kad_post_layout":"default","_kad_post_sidebar_id":"","_kad_post_content_style":"default","_kad_post_vertical_padding":"default","_kad_post_feature":"","_kad_post_feature_position":"","_kad_post_header":false,"_kad_post_footer":false,"jetpack_publicize_message":"","jetpack_publicize_feature_enabled":true,"jetpack_social_post_already_shared":false,"jetpack_social_options":{"image_generator_settings":{"template":"highway","default_image_id":0,"enabled":false},"version":2}},"product_brand":[],"product_cat":[28,24,27],"product_tag":[282,207,233],"class_list":{"0":"post-1582","1":"product","2":"type-product","3":"status-publish","4":"has-post-thumbnail","6":"product_cat-aluminum-jars","7":"product_cat-jars","8":"product_cat-metal-jars","9":"product_tag-aluminum-jar","10":"product_tag-round-aluminum-tins","11":"product_tag-screw-top-metal-containers","13":"first","14":"instock","15":"shipping-taxable","16":"purchasable","17":"product-type-simple","18":"entry","19":"content-bg","20":"loop-entry"},"aioseo_notices":[],"jetpack_publicize_connections":[],"jetpack_sharing_enabled":true,"_links":{"self":[{"href":"https:\/\/yingmeipack.com\/es\/wp-json\/wp\/v2\/product\/1582","targetHints":{"allow":["GET"]}}],"collection":[{"href":"https:\/\/yingmeipack.com\/es\/wp-json\/wp\/v2\/product"}],"about":[{"href":"https:\/\/yingmeipack.com\/es\/wp-json\/wp\/v2\/types\/product"}],"version-history":[{"count":1,"href":"https:\/\/yingmeipack.com\/es\/wp-json\/wp\/v2\/product\/1582\/revisions"}],"predecessor-version":[{"id":1589,"href":"https:\/\/yingmeipack.com\/es\/wp-json\/wp\/v2\/product\/1582\/revisions\/1589"}],"wp:featuredmedia":[{"embeddable":true,"href":"https:\/\/yingmeipack.com\/es\/wp-json\/wp\/v2\/media\/1583"}],"wp:attachment":[{"href":"https:\/\/yingmeipack.com\/es\/wp-json\/wp\/v2\/media?parent=1582"}],"wp:term":[{"taxonomy":"product_brand","embeddable":true,"href":"https:\/\/yingmeipack.com\/es\/wp-json\/wp\/v2\/product_brand?post=1582"},{"taxonomy":"product_cat","embeddable":true,"href":"https:\/\/yingmeipack.com\/es\/wp-json\/wp\/v2\/product_cat?post=1582"},{"taxonomy":"product_tag","embeddable":true,"href":"https:\/\/yingmeipack.com\/es\/wp-json\/wp\/v2\/product_tag?post=1582"}],"curies":[{"name":"wp","href":"https:\/\/api.w.org\/{rel}","templated":true}]}}