{"id":1574,"date":"2023-04-19T08:04:07","date_gmt":"2023-04-19T08:04:07","guid":{"rendered":"https:\/\/yingmeipack.com\/?post_type=product&#038;p=1574"},"modified":"2025-06-05T03:08:02","modified_gmt":"2025-06-05T03:08:02","slug":"120g-round-matte-black-aluminum-tin-metal-jar","status":"publish","type":"product","link":"https:\/\/yingmeipack.com\/es\/product\/120g-round-matte-black-aluminum-tin-metal-jar\/","title":{"rendered":"Tarro redondo de aluminio negro mate de 120 g"},"content":{"rendered":"","protected":false},"excerpt":{"rendered":"<p>\u2714High Calidad: 4.2 Oz latas redondas est\u00e1n hechas de aluminio durable con rosca segura tapa superior para proteger sus productos y evitar Leaks.These latas est\u00e1n hechas para ser fuerte y duradero no tienen bordes afilados y son reutilizables haci\u00e9ndolos respetuoso del medio ambiente, seguro para almacenar art\u00edculos.<br \/>\nBordes lisos: 120ML latas de esta\u00f1o, no tienen bordes afilados, estas latas de rosca son seguros para abrir y cerrar.F\u00e1cil y c\u00f3modo de llevar, suficiente para almacenar diferentes art\u00edculos peque\u00f1os para accessgood r\u00e1pida y conveniente para viajar y viaje de negocios.<br \/>\n\u2714Multiprop\u00f3sito: Ideal para sus b\u00e1lsamos labiales y corporales hechos a mano, cremas de manos y b\u00e1lsamos, aceites esenciales, ung\u00fcentos, hierbas medicinales y ceras, especias y condimentos, velas de t\u00e9, polvos, t\u00e9s de hojas sueltas, purpurina, popurr\u00ed, pendientes y otras peque\u00f1as joyas.<br \/>\nPerfecto para b\u00e1lsamos labiales DIY, p\u00edldoras, favores de partido, caramelos, mentas, vitaminas, o para incluir en los regalos. Las latas vac\u00edas tienen m\u00faltiples usos de bricolaje. F\u00e1ciles de transportar y usar.<br \/>\n\u2714Great para sus favores especiales del partido.Utilizarlos en su boda, aniversario, baby shower como el peque\u00f1o recipiente de regalo perfecto para sus caramelos, mentas, o chocolates caseros.Tambi\u00e9n puede ser una decoraci\u00f3n para su habitaci\u00f3n y desktop.Suitable para uso profesional o personal.<\/p>","protected":false},"featured_media":1575,"template":"","meta":{"_kad_post_transparent":"default","_kad_post_title":"","_kad_post_layout":"default","_kad_post_sidebar_id":"","_kad_post_content_style":"default","_kad_post_vertical_padding":"default","_kad_post_feature":"","_kad_post_feature_position":"","_kad_post_header":false,"_kad_post_footer":false,"jetpack_publicize_message":"","jetpack_publicize_feature_enabled":true,"jetpack_social_post_already_shared":false,"jetpack_social_options":{"image_generator_settings":{"template":"highway","default_image_id":0,"enabled":false},"version":2}},"product_brand":[],"product_cat":[28,24,27],"product_tag":[282,285,304],"class_list":{"0":"post-1574","1":"product","2":"type-product","3":"status-publish","4":"has-post-thumbnail","6":"product_cat-aluminum-jars","7":"product_cat-jars","8":"product_cat-metal-jars","9":"product_tag-aluminum-jar","10":"product_tag-aluminum-tin-can-with-slip-lid","11":"product_tag-matte-black-aluminum-tin-metal-jar","13":"first","14":"instock","15":"shipping-taxable","16":"purchasable","17":"product-type-simple","18":"entry","19":"content-bg","20":"loop-entry"},"aioseo_notices":[],"jetpack_publicize_connections":[],"jetpack_sharing_enabled":true,"_links":{"self":[{"href":"https:\/\/yingmeipack.com\/es\/wp-json\/wp\/v2\/product\/1574","targetHints":{"allow":["GET"]}}],"collection":[{"href":"https:\/\/yingmeipack.com\/es\/wp-json\/wp\/v2\/product"}],"about":[{"href":"https:\/\/yingmeipack.com\/es\/wp-json\/wp\/v2\/types\/product"}],"version-history":[{"count":1,"href":"https:\/\/yingmeipack.com\/es\/wp-json\/wp\/v2\/product\/1574\/revisions"}],"predecessor-version":[{"id":1581,"href":"https:\/\/yingmeipack.com\/es\/wp-json\/wp\/v2\/product\/1574\/revisions\/1581"}],"wp:featuredmedia":[{"embeddable":true,"href":"https:\/\/yingmeipack.com\/es\/wp-json\/wp\/v2\/media\/1575"}],"wp:attachment":[{"href":"https:\/\/yingmeipack.com\/es\/wp-json\/wp\/v2\/media?parent=1574"}],"wp:term":[{"taxonomy":"product_brand","embeddable":true,"href":"https:\/\/yingmeipack.com\/es\/wp-json\/wp\/v2\/product_brand?post=1574"},{"taxonomy":"product_cat","embeddable":true,"href":"https:\/\/yingmeipack.com\/es\/wp-json\/wp\/v2\/product_cat?post=1574"},{"taxonomy":"product_tag","embeddable":true,"href":"https:\/\/yingmeipack.com\/es\/wp-json\/wp\/v2\/product_tag?post=1574"}],"curies":[{"name":"wp","href":"https:\/\/api.w.org\/{rel}","templated":true}]}}