{"id":1565,"date":"2023-04-19T07:15:48","date_gmt":"2023-04-19T07:15:48","guid":{"rendered":"https:\/\/yingmeipack.com\/?post_type=product&#038;p=1565"},"modified":"2025-06-05T08:16:49","modified_gmt":"2025-06-05T08:16:49","slug":"round-rose-gold-window-lid-5ml-metal-packaging-aluminum-can","status":"publish","type":"product","link":"https:\/\/yingmeipack.com\/es\/product\/round-rose-gold-window-lid-5ml-metal-packaging-aluminum-can\/","title":{"rendered":"Tapa redonda con ventana de oro rosa 5ml envase met\u00e1lico lata aluminio"},"content":{"rendered":"","protected":false},"excerpt":{"rendered":"<p>Latas rosas con ventana transparente, para encontrar m\u00e1s f\u00e1cilmente los art\u00edculos de la caja<br \/>\nTama\u00f1o de referencia: Capacidad - 5ml, D27MM*H14MM<br \/>\nAlta calidad: Hecho de aluminio de alta calidad, seguro para almacenar art\u00edculos, tambi\u00e9n puede ser reciclado o reutilizado<br \/>\nBordes lisos: Estas latas de tornillo no tienen bordes afilados, f\u00e1cil de abrir y cerrar, que le puede traer una seguridad utilizando experiencia<br \/>\nLatas de metal multiusos: Alta calidad materail son grandes para almacenar lociones hechas a mano, cremas, b\u00e1lsamos, b\u00e1lsamos, botes de muestra, hierbas, arte de u\u00f1as etc.. Elimina el riesgo de derretimiento o fugas. Recipientes poco profundos con tapa a presi\u00f3n fabricados en acero esta\u00f1ado con tapas roscadas. Una vez aplicado a la base de la lata, el plomo mantiene una sujeci\u00f3n segura, eliminando el riesgo de cualquier fuga desordenada durante sus muchos viajes. Este art\u00edculo es fant\u00e1stico para el equipaje de mano<\/p>","protected":false},"featured_media":1566,"template":"","meta":{"_kad_post_transparent":"default","_kad_post_title":"","_kad_post_layout":"default","_kad_post_sidebar_id":"","_kad_post_content_style":"default","_kad_post_vertical_padding":"default","_kad_post_feature":"","_kad_post_feature_position":"","_kad_post_header":false,"_kad_post_footer":false,"jetpack_publicize_message":"","jetpack_publicize_feature_enabled":true,"jetpack_social_post_already_shared":false,"jetpack_social_options":{"image_generator_settings":{"template":"highway","default_image_id":0,"enabled":false},"version":2}},"product_brand":[],"product_cat":[28,24,27],"product_tag":[284,282,285],"class_list":{"0":"post-1565","1":"product","2":"type-product","3":"status-publish","4":"has-post-thumbnail","6":"product_cat-aluminum-jars","7":"product_cat-jars","8":"product_cat-metal-jars","9":"product_tag-10-aluminum-can","10":"product_tag-aluminum-jar","11":"product_tag-aluminum-tin-can-with-slip-lid","13":"first","14":"instock","15":"shipping-taxable","16":"purchasable","17":"product-type-simple","18":"entry","19":"content-bg","20":"loop-entry"},"aioseo_notices":[],"jetpack_publicize_connections":[],"jetpack_sharing_enabled":true,"_links":{"self":[{"href":"https:\/\/yingmeipack.com\/es\/wp-json\/wp\/v2\/product\/1565","targetHints":{"allow":["GET"]}}],"collection":[{"href":"https:\/\/yingmeipack.com\/es\/wp-json\/wp\/v2\/product"}],"about":[{"href":"https:\/\/yingmeipack.com\/es\/wp-json\/wp\/v2\/types\/product"}],"version-history":[{"count":1,"href":"https:\/\/yingmeipack.com\/es\/wp-json\/wp\/v2\/product\/1565\/revisions"}],"predecessor-version":[{"id":1573,"href":"https:\/\/yingmeipack.com\/es\/wp-json\/wp\/v2\/product\/1565\/revisions\/1573"}],"wp:featuredmedia":[{"embeddable":true,"href":"https:\/\/yingmeipack.com\/es\/wp-json\/wp\/v2\/media\/1566"}],"wp:attachment":[{"href":"https:\/\/yingmeipack.com\/es\/wp-json\/wp\/v2\/media?parent=1565"}],"wp:term":[{"taxonomy":"product_brand","embeddable":true,"href":"https:\/\/yingmeipack.com\/es\/wp-json\/wp\/v2\/product_brand?post=1565"},{"taxonomy":"product_cat","embeddable":true,"href":"https:\/\/yingmeipack.com\/es\/wp-json\/wp\/v2\/product_cat?post=1565"},{"taxonomy":"product_tag","embeddable":true,"href":"https:\/\/yingmeipack.com\/es\/wp-json\/wp\/v2\/product_tag?post=1565"}],"curies":[{"name":"wp","href":"https:\/\/api.w.org\/{rel}","templated":true}]}}