{"id":1534,"date":"2023-04-18T07:15:07","date_gmt":"2023-04-18T07:15:07","guid":{"rendered":"https:\/\/yingmeipack.com\/?post_type=product&#038;p=1534"},"modified":"2025-06-05T08:21:53","modified_gmt":"2025-06-05T08:21:53","slug":"cigarette-pack-tin-box-aluminum-candle-tin-window-cap-80ml","status":"publish","type":"product","link":"https:\/\/yingmeipack.com\/es\/product\/cigarette-pack-tin-box-aluminum-candle-tin-window-cap-80ml\/","title":{"rendered":"Cigarrillo paquete de esta\u00f1o caja de aluminio vela esta\u00f1o Ventana tapa 80ml"},"content":{"rendered":"","protected":false},"excerpt":{"rendered":"<p>botes redondos de hojalata con tapa de ventana.<br \/>\nCapacidad de cada uno: 80 ml. Cada lata mide 60 mm de di\u00e1metro x 45 mm de altura;<\/p>\n<p>Material apto para alimentos - Estas latas con tapa est\u00e1n hechas de hojalata sin BPA con una bonita superficie cepillada, ligera pero duradera, puede entrar en contacto con el t\u00e9 o los alimentos directamente. No apto para uso en horno.<br \/>\nDise\u00f1o con ventana superior transparente - Cada contenedor de hojalata met\u00e1lica viene con una tapa superior con ventana transparente, es f\u00e1cil y c\u00f3modo identificar lo que hay dentro sin abrirlo y tambi\u00e9n ayuda mucho a mostrar el contenido.<br \/>\nF\u00e1cil llenado y acceso - La gran abertura de la boca facilita el llenado y el vaciado de estas latas. Tapas deslizantes, no enroscables, f\u00e1ciles de abrir con una sola mano.<br \/>\nVers\u00e1til recipiente de almacenamiento de alimentos - Tosnail esta\u00f1o recipientes de almacenamiento de alimentos son perfectos para almacenar t\u00e9 suelto, especias, galletas, caf\u00e9, caramelos, velas, cuentas, botones, y cualquier otro alimento o artesan\u00edas. Tambi\u00e9n se puede utilizar como caja de regalo para los favores del partido, bodas, despedida de soltera, negocios, Navidad u otros festivales.<\/p>","protected":false},"featured_media":1535,"template":"","meta":{"_kad_post_transparent":"default","_kad_post_title":"","_kad_post_layout":"default","_kad_post_sidebar_id":"","_kad_post_content_style":"default","_kad_post_vertical_padding":"default","_kad_post_feature":"","_kad_post_feature_position":"","_kad_post_header":false,"_kad_post_footer":false,"jetpack_publicize_message":"","jetpack_publicize_feature_enabled":true,"jetpack_social_post_already_shared":false,"jetpack_social_options":{"image_generator_settings":{"template":"highway","default_image_id":0,"enabled":false},"version":2}},"product_brand":[],"product_cat":[28,24,27],"product_tag":[282,252,283,281],"class_list":{"0":"post-1534","1":"product","2":"type-product","3":"status-publish","4":"has-post-thumbnail","6":"product_cat-aluminum-jars","7":"product_cat-jars","8":"product_cat-metal-jars","9":"product_tag-aluminum-jar","10":"product_tag-aluminum-round-tin","11":"product_tag-aluminum-wax-tins","12":"product_tag-empty-metal-cans","14":"first","15":"instock","16":"shipping-taxable","17":"purchasable","18":"product-type-simple","19":"entry","20":"content-bg","21":"loop-entry"},"aioseo_notices":[],"jetpack_publicize_connections":[],"jetpack_sharing_enabled":true,"_links":{"self":[{"href":"https:\/\/yingmeipack.com\/es\/wp-json\/wp\/v2\/product\/1534","targetHints":{"allow":["GET"]}}],"collection":[{"href":"https:\/\/yingmeipack.com\/es\/wp-json\/wp\/v2\/product"}],"about":[{"href":"https:\/\/yingmeipack.com\/es\/wp-json\/wp\/v2\/types\/product"}],"version-history":[{"count":1,"href":"https:\/\/yingmeipack.com\/es\/wp-json\/wp\/v2\/product\/1534\/revisions"}],"predecessor-version":[{"id":1541,"href":"https:\/\/yingmeipack.com\/es\/wp-json\/wp\/v2\/product\/1534\/revisions\/1541"}],"wp:featuredmedia":[{"embeddable":true,"href":"https:\/\/yingmeipack.com\/es\/wp-json\/wp\/v2\/media\/1535"}],"wp:attachment":[{"href":"https:\/\/yingmeipack.com\/es\/wp-json\/wp\/v2\/media?parent=1534"}],"wp:term":[{"taxonomy":"product_brand","embeddable":true,"href":"https:\/\/yingmeipack.com\/es\/wp-json\/wp\/v2\/product_brand?post=1534"},{"taxonomy":"product_cat","embeddable":true,"href":"https:\/\/yingmeipack.com\/es\/wp-json\/wp\/v2\/product_cat?post=1534"},{"taxonomy":"product_tag","embeddable":true,"href":"https:\/\/yingmeipack.com\/es\/wp-json\/wp\/v2\/product_tag?post=1534"}],"curies":[{"name":"wp","href":"https:\/\/api.w.org\/{rel}","templated":true}]}}