{"id":1512,"date":"2023-04-17T09:38:55","date_gmt":"2023-04-17T09:38:55","guid":{"rendered":"https:\/\/yingmeipack.com\/?post_type=product&#038;p=1512"},"modified":"2025-09-15T01:49:49","modified_gmt":"2025-09-15T01:49:49","slug":"pet-jar-food-jar-transparent-plastic-bottle-150ml","status":"publish","type":"product","link":"https:\/\/yingmeipack.com\/es\/product\/pet-jar-food-jar-transparent-plastic-bottle-150ml\/","title":{"rendered":"PET jar food jar transparent plastic bottle 150ml"},"content":{"rendered":"","protected":false},"excerpt":{"rendered":"<p>Size: mouth:56mm,body:73mm,bottom:59mm.<\/p>\n<p>\u3010High Quality Material\u3011Estos tarros de pl\u00e1stico con tapa est\u00e1n hechos de pl\u00e1stico PET de grado alimenticio de alta calidad,resistente,duradero,reutilizable,transparente y ligero.Puede utilizar con seguridad estos tarros vac\u00edos para llenar su comida sin preocuparse por los efectos de los tarros,estos tarros de comida satisfar\u00e1n sus necesidades para su almacenamiento de alimentos,simplemente ponga su comida favorita en \u00e9l.<br \/>\n\u3010Dise\u00f1o a prueba de fugas\u3011Los tarros de pl\u00e1stico con tapa adoptan un dise\u00f1o a prueba de fugas,hay rosca de tornillo y juntas de estanqueidad en la parte superior del contenedor de limo,poseyendo una buena hermeticidad puede prevenir eficazmente las fugas y evitar que la humedad en los tarros transparentes entre en contacto con el aire, lo que resulta en art\u00edculos secos y h\u00famedos.<br \/>\n\u3010Widely Use\u3011Estos frascos de alimentos son muy adecuados para mermelada, alimentos secos, frutos secos, especias, harina, az\u00facar y almacenamiento de alimentos variedad, sino tambi\u00e9n el recipiente cosm\u00e9tico ideal para exfoliantes, manteca corporal, loci\u00f3n, sal de ba\u00f1o, perfecto para que usted pueda hacer su propio cuerpo de bricolaje o la producci\u00f3n de cuidado del cabello.Por supuesto, usted puede utilizar estos contenedores de baba para almacenar su baba u otra peque\u00f1a parte como tornillo o clavo, como un regalo a un amigo es tambi\u00e9n una buena opci\u00f3n.<br \/>\n\u3010 POST-VENTA GRATIS\u3011Si tiene alg\u00fan problema de uso de nuestros tarros con tapa que no se puede resolver, por favor no dude en ponerse en contacto con nosotros para obtener ayuda.la satisfacci\u00f3n del cliente con nuestros tarros de pl\u00e1stico con tapa es lo primero para nosotros. Le responderemos inmediatamente para resolver su problema y darle una respuesta satisfactoria, aseg\u00farese de proporcionarle un gran servicio con nuestros tarros de pl\u00e1stico.<\/p>","protected":false},"featured_media":4213,"template":"","meta":{"_kad_post_transparent":"default","_kad_post_title":"","_kad_post_layout":"default","_kad_post_sidebar_id":"","_kad_post_content_style":"default","_kad_post_vertical_padding":"default","_kad_post_feature":"","_kad_post_feature_position":"","_kad_post_header":false,"_kad_post_footer":false,"jetpack_publicize_message":"","jetpack_publicize_feature_enabled":true,"jetpack_social_post_already_shared":false,"jetpack_social_options":{"image_generator_settings":{"template":"highway","default_image_id":0,"enabled":false},"version":2}},"product_brand":[],"product_cat":[19,24,20,25],"product_tag":[215,214,217,216],"class_list":{"0":"post-1512","1":"product","2":"type-product","3":"status-publish","4":"has-post-thumbnail","6":"product_cat-bottles","7":"product_cat-jars","8":"product_cat-plastic-bottles","9":"product_cat-plastic-jars","10":"product_tag-bpa-free-pet-plastic-jars","11":"product_tag-clear-pet-plastic-jars","12":"product_tag-plastic-jar-with-gold-lid","13":"product_tag-refillable-plastic-jar","15":"first","16":"instock","17":"shipping-taxable","18":"product-type-simple","19":"entry","20":"content-bg","21":"loop-entry"},"aioseo_notices":[],"jetpack_publicize_connections":[],"jetpack_sharing_enabled":true,"_links":{"self":[{"href":"https:\/\/yingmeipack.com\/es\/wp-json\/wp\/v2\/product\/1512","targetHints":{"allow":["GET"]}}],"collection":[{"href":"https:\/\/yingmeipack.com\/es\/wp-json\/wp\/v2\/product"}],"about":[{"href":"https:\/\/yingmeipack.com\/es\/wp-json\/wp\/v2\/types\/product"}],"version-history":[{"count":3,"href":"https:\/\/yingmeipack.com\/es\/wp-json\/wp\/v2\/product\/1512\/revisions"}],"predecessor-version":[{"id":4216,"href":"https:\/\/yingmeipack.com\/es\/wp-json\/wp\/v2\/product\/1512\/revisions\/4216"}],"wp:featuredmedia":[{"embeddable":true,"href":"https:\/\/yingmeipack.com\/es\/wp-json\/wp\/v2\/media\/4213"}],"wp:attachment":[{"href":"https:\/\/yingmeipack.com\/es\/wp-json\/wp\/v2\/media?parent=1512"}],"wp:term":[{"taxonomy":"product_brand","embeddable":true,"href":"https:\/\/yingmeipack.com\/es\/wp-json\/wp\/v2\/product_brand?post=1512"},{"taxonomy":"product_cat","embeddable":true,"href":"https:\/\/yingmeipack.com\/es\/wp-json\/wp\/v2\/product_cat?post=1512"},{"taxonomy":"product_tag","embeddable":true,"href":"https:\/\/yingmeipack.com\/es\/wp-json\/wp\/v2\/product_tag?post=1512"}],"curies":[{"name":"wp","href":"https:\/\/api.w.org\/{rel}","templated":true}]}}