{"id":1414,"date":"2023-04-15T08:33:32","date_gmt":"2023-04-15T08:33:32","guid":{"rendered":"https:\/\/yingmeipack.com\/?post_type=product&#038;p=1414"},"modified":"2025-06-10T01:26:27","modified_gmt":"2025-06-10T01:26:27","slug":"empty-tin-jars-aluminum-cans-round-containers-for-candle","status":"publish","type":"product","link":"https:\/\/yingmeipack.com\/es\/product\/empty-tin-jars-aluminum-cans-round-containers-for-candle\/","title":{"rendered":"Tarros redondos peque\u00f1os de hojalata vac\u00edos para velas"},"content":{"rendered":"<p>&nbsp;<\/p>\n<p>&nbsp;<\/p>\n<p>&nbsp;<\/p>\n<p>&nbsp;<\/p>\n<p>&nbsp;<\/p>","protected":false},"excerpt":{"rendered":"<p>tama\u00f1o: dia3.8 pulgadas \/80mm* h2.1 pulgadas\/54mm, ligero y conveniente, Mini lata redonda, puede almacenar peque\u00f1os objetos, pendientes, etc, puede poner joyas de caramelo en el interior como un regalo, cerca de Las personas que vienen al regalo definitivamente le va a gustar.<\/p>\n<p>Lata redonda multifunci\u00f3n: Esta hermosa caja de vela peque\u00f1a se puede utilizar para almacenar muchas cosas, ideal para velas de bricolaje, galletas, dulces, monedas, anillos y art\u00edculos peque\u00f1os. Tambi\u00e9n se puede utilizar como un regalo perfecto para su familia o amigos con b\u00e1lsamo labial, crema de hierba, crema de consuelda y recipientes de almacenamiento de aromaterapia s\u00f3lida.<br \/>\nMateriales de alta calidad: Este tarro para velas est\u00e1 hecho de metal de hojalata. Es muy resistente y duradero. La superficie es lisa y respetuosa con el medio ambiente. Es f\u00e1cil de limpiar. Se puede reutilizar muchas veces sin que se deforme f\u00e1cilmente. El elegante estampado no se decolora. No se estruja.<\/p>","protected":false},"featured_media":2152,"template":"","meta":{"_kad_post_transparent":"default","_kad_post_title":"","_kad_post_layout":"default","_kad_post_sidebar_id":"","_kad_post_content_style":"default","_kad_post_vertical_padding":"default","_kad_post_feature":"","_kad_post_feature_position":"","_kad_post_header":false,"_kad_post_footer":false,"jetpack_publicize_message":"","jetpack_publicize_feature_enabled":true,"jetpack_social_post_already_shared":false,"jetpack_social_options":{"image_generator_settings":{"template":"highway","default_image_id":0,"enabled":false},"version":2}},"product_brand":[],"product_cat":[28,48,24,27,29],"product_tag":[298,301,303,302],"class_list":{"0":"post-1414","1":"product","2":"type-product","3":"status-publish","4":"has-post-thumbnail","6":"product_cat-aluminum-jars","7":"product_cat-box","8":"product_cat-jars","9":"product_cat-metal-jars","10":"product_cat-tinplate-jars","11":"product_tag-candle-jars","12":"product_tag-empty-candle-tin","13":"product_tag-metal-jar-containers","14":"product_tag-tinplate-can","16":"first","17":"instock","18":"shipping-taxable","19":"purchasable","20":"product-type-simple","21":"entry","22":"content-bg","23":"loop-entry"},"aioseo_notices":[],"jetpack_publicize_connections":[],"jetpack_sharing_enabled":true,"_links":{"self":[{"href":"https:\/\/yingmeipack.com\/es\/wp-json\/wp\/v2\/product\/1414","targetHints":{"allow":["GET"]}}],"collection":[{"href":"https:\/\/yingmeipack.com\/es\/wp-json\/wp\/v2\/product"}],"about":[{"href":"https:\/\/yingmeipack.com\/es\/wp-json\/wp\/v2\/types\/product"}],"version-history":[{"count":4,"href":"https:\/\/yingmeipack.com\/es\/wp-json\/wp\/v2\/product\/1414\/revisions"}],"predecessor-version":[{"id":2153,"href":"https:\/\/yingmeipack.com\/es\/wp-json\/wp\/v2\/product\/1414\/revisions\/2153"}],"wp:featuredmedia":[{"embeddable":true,"href":"https:\/\/yingmeipack.com\/es\/wp-json\/wp\/v2\/media\/2152"}],"wp:attachment":[{"href":"https:\/\/yingmeipack.com\/es\/wp-json\/wp\/v2\/media?parent=1414"}],"wp:term":[{"taxonomy":"product_brand","embeddable":true,"href":"https:\/\/yingmeipack.com\/es\/wp-json\/wp\/v2\/product_brand?post=1414"},{"taxonomy":"product_cat","embeddable":true,"href":"https:\/\/yingmeipack.com\/es\/wp-json\/wp\/v2\/product_cat?post=1414"},{"taxonomy":"product_tag","embeddable":true,"href":"https:\/\/yingmeipack.com\/es\/wp-json\/wp\/v2\/product_tag?post=1414"}],"curies":[{"name":"wp","href":"https:\/\/api.w.org\/{rel}","templated":true}]}}