{"id":1407,"date":"2023-04-15T08:12:05","date_gmt":"2023-04-15T08:12:05","guid":{"rendered":"https:\/\/yingmeipack.com\/?post_type=product&#038;p=1407"},"modified":"2023-04-15T08:32:48","modified_gmt":"2023-04-15T08:32:48","slug":"biscuit-cake-tins-boxes-with-handle-for-gifts-tin-containers","status":"publish","type":"product","link":"https:\/\/yingmeipack.com\/es\/product\/biscuit-cake-tins-boxes-with-handle-for-gifts-tin-containers\/","title":{"rendered":"Biscuit Cake Tins Cajas con asa para regalos envases de hojalata"},"content":{"rendered":"","protected":false},"excerpt":{"rendered":"<p>Nuestra tecnolog\u00eda de superficie puede realizar serigraf\u00eda, impresi\u00f3n en color, gofrado, ahuecado, apertura de ventanas y otros procesos, y el color y el tama\u00f1o pueden personalizarse.<\/p>\n<ul class=\"a-unordered-list a-vertical a-spacing-mini\">\n<li>Perfecto para Navidad, bodas, compromiso, baby showers, fiesta de cumplea\u00f1os y muchas otras celebraciones o colecciones. Las latas vac\u00edas para guardar galletas est\u00e1n hechas de hojalata de alta calidad, con dise\u00f1os navide\u00f1os, realzan el ambiente festivo<br \/>\nModa y delicada caja de dulces cuadrado con el patr\u00f3n de Navidad, traje para la Navidad tambi\u00e9n. Tarro de caramelo adorable para los ni\u00f1os, Tambi\u00e9n para vacaciones, Navidad, Regalos.<br \/>\nTarro multiusos que se puede llenar con regalos, caramelos, hojas de t\u00e9, etc. Se puede utilizar como almacenamiento de alimentos ( galletas, caramelos, galletas, dulces), almacenamiento de suministros de artesan\u00eda ( manualidades), regalos de galletas de vacaciones.<br \/>\nAdopta material de hojalata gruesa, tecnolog\u00eda avanzada aplicada, la mano de obra es excelente. \u00a1Perfecto para regalos, galletas caseras y golosinas durante las vacaciones, o en cualquier momento del a\u00f1o! Latas de Navidad para galletas, dulces Biscuit u otros regalos<br \/>\nAdecuado para guardar peque\u00f1os regalos, manualidades, chocolate, caramelos, etc. Y hacer una sorpresa memorable para sus invitados. Adecuado para Navidad, A\u00f1o Nuevo, boutique, grandes almacenes, comida a domicilio y todo tipo de tiendas de regalos, etc.<\/li>\n<\/ul>","protected":false},"featured_media":1408,"template":"","meta":{"_kad_post_transparent":"default","_kad_post_title":"","_kad_post_layout":"default","_kad_post_sidebar_id":"","_kad_post_content_style":"default","_kad_post_vertical_padding":"default","_kad_post_feature":"","_kad_post_feature_position":"","_kad_post_header":false,"_kad_post_footer":false,"jetpack_publicize_message":"","jetpack_publicize_feature_enabled":true,"jetpack_social_post_already_shared":false,"jetpack_social_options":{"image_generator_settings":{"template":"highway","default_image_id":0,"enabled":false},"version":2}},"product_brand":[],"product_cat":[28,48,24,27,29],"product_tag":[297,295,296],"class_list":{"0":"post-1407","1":"product","2":"type-product","3":"status-publish","4":"has-post-thumbnail","6":"product_cat-aluminum-jars","7":"product_cat-box","8":"product_cat-jars","9":"product_cat-metal-jars","10":"product_cat-tinplate-jars","11":"product_tag-container-canister-empty-bakery-treat-boxes","12":"product_tag-cookie-gift-tins-jars","13":"product_tag-tinplate-candy-box","15":"first","16":"instock","17":"shipping-taxable","18":"product-type-simple","19":"entry","20":"content-bg","21":"loop-entry"},"aioseo_notices":[],"jetpack_publicize_connections":[],"jetpack_sharing_enabled":true,"_links":{"self":[{"href":"https:\/\/yingmeipack.com\/es\/wp-json\/wp\/v2\/product\/1407","targetHints":{"allow":["GET"]}}],"collection":[{"href":"https:\/\/yingmeipack.com\/es\/wp-json\/wp\/v2\/product"}],"about":[{"href":"https:\/\/yingmeipack.com\/es\/wp-json\/wp\/v2\/types\/product"}],"version-history":[{"count":1,"href":"https:\/\/yingmeipack.com\/es\/wp-json\/wp\/v2\/product\/1407\/revisions"}],"predecessor-version":[{"id":1412,"href":"https:\/\/yingmeipack.com\/es\/wp-json\/wp\/v2\/product\/1407\/revisions\/1412"}],"wp:featuredmedia":[{"embeddable":true,"href":"https:\/\/yingmeipack.com\/es\/wp-json\/wp\/v2\/media\/1408"}],"wp:attachment":[{"href":"https:\/\/yingmeipack.com\/es\/wp-json\/wp\/v2\/media?parent=1407"}],"wp:term":[{"taxonomy":"product_brand","embeddable":true,"href":"https:\/\/yingmeipack.com\/es\/wp-json\/wp\/v2\/product_brand?post=1407"},{"taxonomy":"product_cat","embeddable":true,"href":"https:\/\/yingmeipack.com\/es\/wp-json\/wp\/v2\/product_cat?post=1407"},{"taxonomy":"product_tag","embeddable":true,"href":"https:\/\/yingmeipack.com\/es\/wp-json\/wp\/v2\/product_tag?post=1407"}],"curies":[{"name":"wp","href":"https:\/\/api.w.org\/{rel}","templated":true}]}}