{"id":1128,"date":"2023-04-11T02:52:59","date_gmt":"2023-04-11T02:52:59","guid":{"rendered":"https:\/\/yingmeipack.com\/?post_type=product&#038;p=1128"},"modified":"2025-06-05T08:59:00","modified_gmt":"2025-06-05T08:59:00","slug":"aluminum-tin-jar-with-screw-lid-25ml-refillable-containers","status":"publish","type":"product","link":"https:\/\/yingmeipack.com\/es\/product\/aluminum-tin-jar-with-screw-lid-25ml-refillable-containers\/","title":{"rendered":"Tarro de aluminio con tapa de rosca 25ml Envases rellenables"},"content":{"rendered":"","protected":false},"excerpt":{"rendered":"<ul class=\"a-unordered-list a-vertical a-spacing-mini\">\n<li><span class=\"a-list-item\">Envase para Crema Ruond de Maquillaje: Estas cajas de regalo son duraderas, resistentes al desgaste y a las ca\u00eddas. Una caja de embalaje para Navidad, cumplea\u00f1os, boda,<\/span><\/li>\n<li><span class=\"a-list-item\">Lata redonda de aluminio para velas: La lata es un recipiente vac\u00edo con dise\u00f1o redondo, que puede reducir el riesgo de pico lastimar a la gente, f\u00e1cil y seguro para abrir y cerrar.<\/span><\/li>\n<li><span class=\"a-list-item\">Latas redondas de metal: Pueden ser para cajas de embalaje como cajas de t\u00e9, cajas de dulces, cajas de joyas,<\/span><\/li>\n<li><span class=\"a-list-item\">Latas para hojas de t\u00e9: Hecho de aluminio, no es f\u00e1cil de conseguir roto, que le servir\u00e1 un per\u00edodo, tienen superficie lisa que se pueden colocar juntos para un uso conveniente.<\/span><\/li>\n<li><span class=\"a-list-item\">Tarros para muestras de cosm\u00e9ticos: Construcci\u00f3n sin costuras, duradero, f\u00e1cil de transportar y usar. Proyectos de fabricaci\u00f3n de velas DIY.<\/span><\/li>\n<\/ul>\n<ul class=\"a-unordered-list a-vertical a-spacing-mini\">\n<li><span class=\"a-list-item\">Tarros de lata de aluminio para b\u00e1lsamos labiales DIY, pastillas, recuerdos de fiestas, caramelos, mentas, vitaminas, cuidado de la piel, muestras de maquillaje o t\u00e9s de hojas sueltas, hierbas, medicamentos, etc.<\/span><\/li>\n<li><span class=\"a-list-item\">Tapa de rosca redonda de aluminio resistente con tapa de rosca segura para proteger sus productos y evitar fugas.<\/span><\/li>\n<li><span class=\"a-list-item\">Estas tapas de rosca de los contenedores no tienen bordes afilados, todos los bordes est\u00e1n redondeados para evitar ara\u00f1azos en la mano.<\/span><\/li>\n<li><span class=\"a-list-item\">Latas de 0,8 oz con tapa Ligeras y peque\u00f1as, \u00a1perfectas para viajar!<\/span><\/li>\n<\/ul>","protected":false},"featured_media":1129,"template":"","meta":{"_kad_post_transparent":"default","_kad_post_title":"","_kad_post_layout":"default","_kad_post_sidebar_id":"","_kad_post_content_style":"default","_kad_post_vertical_padding":"default","_kad_post_feature":"","_kad_post_feature_position":"","_kad_post_header":false,"_kad_post_footer":false,"jetpack_publicize_message":"","jetpack_publicize_feature_enabled":true,"jetpack_social_post_already_shared":false,"jetpack_social_options":{"image_generator_settings":{"template":"highway","default_image_id":0,"enabled":false},"version":2}},"product_brand":[],"product_cat":[28,24,27],"product_tag":[292,282,283,281],"class_list":{"0":"post-1128","1":"product","2":"type-product","3":"status-publish","4":"has-post-thumbnail","6":"product_cat-aluminum-jars","7":"product_cat-jars","8":"product_cat-metal-jars","9":"product_tag-25ml-aluminum-tin-jar","10":"product_tag-aluminum-jar","11":"product_tag-aluminum-wax-tins","12":"product_tag-empty-metal-cans","14":"first","15":"instock","16":"shipping-taxable","17":"purchasable","18":"product-type-simple","19":"entry","20":"content-bg","21":"loop-entry"},"aioseo_notices":[],"jetpack_publicize_connections":[],"jetpack_sharing_enabled":true,"_links":{"self":[{"href":"https:\/\/yingmeipack.com\/es\/wp-json\/wp\/v2\/product\/1128","targetHints":{"allow":["GET"]}}],"collection":[{"href":"https:\/\/yingmeipack.com\/es\/wp-json\/wp\/v2\/product"}],"about":[{"href":"https:\/\/yingmeipack.com\/es\/wp-json\/wp\/v2\/types\/product"}],"version-history":[{"count":1,"href":"https:\/\/yingmeipack.com\/es\/wp-json\/wp\/v2\/product\/1128\/revisions"}],"predecessor-version":[{"id":1136,"href":"https:\/\/yingmeipack.com\/es\/wp-json\/wp\/v2\/product\/1128\/revisions\/1136"}],"wp:featuredmedia":[{"embeddable":true,"href":"https:\/\/yingmeipack.com\/es\/wp-json\/wp\/v2\/media\/1129"}],"wp:attachment":[{"href":"https:\/\/yingmeipack.com\/es\/wp-json\/wp\/v2\/media?parent=1128"}],"wp:term":[{"taxonomy":"product_brand","embeddable":true,"href":"https:\/\/yingmeipack.com\/es\/wp-json\/wp\/v2\/product_brand?post=1128"},{"taxonomy":"product_cat","embeddable":true,"href":"https:\/\/yingmeipack.com\/es\/wp-json\/wp\/v2\/product_cat?post=1128"},{"taxonomy":"product_tag","embeddable":true,"href":"https:\/\/yingmeipack.com\/es\/wp-json\/wp\/v2\/product_tag?post=1128"}],"curies":[{"name":"wp","href":"https:\/\/api.w.org\/{rel}","templated":true}]}}