{"id":1120,"date":"2023-04-11T02:25:16","date_gmt":"2023-04-11T02:25:16","guid":{"rendered":"https:\/\/yingmeipack.com\/?post_type=product&#038;p=1120"},"modified":"2025-06-05T09:00:16","modified_gmt":"2025-06-05T09:00:16","slug":"20g-empty-round-metal-tin-aluminum-candle-jar-with-slip-lid","status":"publish","type":"product","link":"https:\/\/yingmeipack.com\/es\/product\/20g-empty-round-metal-tin-aluminum-candle-jar-with-slip-lid\/","title":{"rendered":"25g Vac\u00edo Redondo Metal Esta\u00f1o Aluminio Tarro De Vela Con Tapa Deslizante"},"content":{"rendered":"","protected":false},"excerpt":{"rendered":"<ul class=\"a-unordered-list a-vertical a-spacing-mini\">\n<li><span class=\"a-list-item\">Envase para Crema Ruond de Maquillaje: Estas cajas de regalo son duraderas, resistentes al desgaste y a las ca\u00eddas. Una caja de embalaje para Navidad, cumplea\u00f1os, boda,<\/span><\/li>\n<li><span class=\"a-list-item\">Lata redonda de aluminio para velas: La lata es un recipiente vac\u00edo con dise\u00f1o redondo, que puede reducir el riesgo de pico lastimar a la gente, f\u00e1cil y seguro para abrir y cerrar.<\/span><\/li>\n<li><span class=\"a-list-item\">Latas redondas de metal: Pueden ser para cajas de embalaje como cajas de t\u00e9, cajas de dulces, cajas de joyas,<\/span><\/li>\n<li><span class=\"a-list-item\">Latas para hojas de t\u00e9: Hecho de aluminio, no es f\u00e1cil de conseguir roto, que le servir\u00e1 un per\u00edodo, tienen superficie lisa que se pueden colocar juntos para un uso conveniente.<\/span><\/li>\n<li><span class=\"a-list-item\">Tarros para muestras de cosm\u00e9ticos: Construcci\u00f3n sin costuras, duradero, f\u00e1cil de transportar y usar. Proyectos de fabricaci\u00f3n de velas DIY.<\/span><\/li>\n<\/ul>\n<p>Este tarro de aluminio con tapa de rosca est\u00e1 fabricado con materiales de calidad alimentaria y tiene unas dimensiones de 45*18*0,3 mm. El envase a granel es multiuso. Estructura de tapa de rosca herm\u00e9ticamente sellada con una almohadilla de espuma debajo de la tapa interior que puede prevenir eficazmente las fugas. Fabricadas en aluminio, ligeras pero duraderas, f\u00e1ciles de transportar. Estas latas no tienen bordes afilados, todos los bordes son redondeados y est\u00e1n perfectamente formados. El material se puede reciclar o reutilizar haciendo. Excelentes recipientes para b\u00e1lsamos labiales, brillo de labios, cremas, cosm\u00e9ticos, pomadas, pastillas, cuentas, tornillos, caramelos, botones, monedas, hierbas, t\u00e9, velas y mucho m\u00e1s. Tambi\u00e9n son adecuados para almacenar slime, hacer velas y manualidades DIY.<\/p>","protected":false},"featured_media":1121,"template":"","meta":{"_kad_post_transparent":"default","_kad_post_title":"","_kad_post_layout":"default","_kad_post_sidebar_id":"","_kad_post_content_style":"default","_kad_post_vertical_padding":"default","_kad_post_feature":"","_kad_post_feature_position":"","_kad_post_header":false,"_kad_post_footer":false,"jetpack_publicize_message":"","jetpack_publicize_feature_enabled":true,"jetpack_social_post_already_shared":false,"jetpack_social_options":{"image_generator_settings":{"template":"highway","default_image_id":0,"enabled":false},"version":2}},"product_brand":[],"product_cat":[28,24,27],"product_tag":[291,282,283,281],"class_list":{"0":"post-1120","1":"product","2":"type-product","3":"status-publish","4":"has-post-thumbnail","6":"product_cat-aluminum-jars","7":"product_cat-jars","8":"product_cat-metal-jars","9":"product_tag-20g-aluminum-jar","10":"product_tag-aluminum-jar","11":"product_tag-aluminum-wax-tins","12":"product_tag-empty-metal-cans","14":"first","15":"instock","16":"shipping-taxable","17":"purchasable","18":"product-type-simple","19":"entry","20":"content-bg","21":"loop-entry"},"aioseo_notices":[],"jetpack_publicize_connections":[],"jetpack_sharing_enabled":true,"_links":{"self":[{"href":"https:\/\/yingmeipack.com\/es\/wp-json\/wp\/v2\/product\/1120","targetHints":{"allow":["GET"]}}],"collection":[{"href":"https:\/\/yingmeipack.com\/es\/wp-json\/wp\/v2\/product"}],"about":[{"href":"https:\/\/yingmeipack.com\/es\/wp-json\/wp\/v2\/types\/product"}],"version-history":[{"count":3,"href":"https:\/\/yingmeipack.com\/es\/wp-json\/wp\/v2\/product\/1120\/revisions"}],"predecessor-version":[{"id":1749,"href":"https:\/\/yingmeipack.com\/es\/wp-json\/wp\/v2\/product\/1120\/revisions\/1749"}],"wp:featuredmedia":[{"embeddable":true,"href":"https:\/\/yingmeipack.com\/es\/wp-json\/wp\/v2\/media\/1121"}],"wp:attachment":[{"href":"https:\/\/yingmeipack.com\/es\/wp-json\/wp\/v2\/media?parent=1120"}],"wp:term":[{"taxonomy":"product_brand","embeddable":true,"href":"https:\/\/yingmeipack.com\/es\/wp-json\/wp\/v2\/product_brand?post=1120"},{"taxonomy":"product_cat","embeddable":true,"href":"https:\/\/yingmeipack.com\/es\/wp-json\/wp\/v2\/product_cat?post=1120"},{"taxonomy":"product_tag","embeddable":true,"href":"https:\/\/yingmeipack.com\/es\/wp-json\/wp\/v2\/product_tag?post=1120"}],"curies":[{"name":"wp","href":"https:\/\/api.w.org\/{rel}","templated":true}]}}