{"id":1111,"date":"2023-04-10T09:46:06","date_gmt":"2023-04-10T09:46:06","guid":{"rendered":"https:\/\/yingmeipack.com\/?post_type=product&#038;p=1111"},"modified":"2025-06-05T09:03:15","modified_gmt":"2025-06-05T09:03:15","slug":"20g-round-edge-small-lip-balm-jar-silver-aluminum-tin-box","status":"publish","type":"product","link":"https:\/\/yingmeipack.com\/es\/product\/20g-round-edge-small-lip-balm-jar-silver-aluminum-tin-box\/","title":{"rendered":"20g Borde Redondo Peque\u00f1o B\u00e1lsamo Labial Tarro De Aluminio Plateado Caja De Lata"},"content":{"rendered":"","protected":false},"excerpt":{"rendered":"<p>Este tarro de aluminio con tapa de rosca est\u00e1 fabricado con materiales de calidad alimentaria y tiene unas dimensiones de 42*18*0,3 mm. El envase a granel es multiuso. Estructura de tapa de rosca herm\u00e9ticamente sellada con una almohadilla de espuma debajo de la tapa interior que puede prevenir eficazmente las fugas. Fabricadas en aluminio, ligeras pero duraderas, f\u00e1ciles de transportar. Estas latas no tienen bordes afilados, todos los bordes son redondeados y est\u00e1n perfectamente formados. El material se puede reciclar o reutilizar haciendo. Excelentes recipientes para b\u00e1lsamos labiales, brillo de labios, cremas, cosm\u00e9ticos, pomadas, pastillas, cuentas, tornillos, caramelos, botones, monedas, hierbas, t\u00e9, velas y mucho m\u00e1s. Tambi\u00e9n son adecuados para almacenar slime, hacer velas y manualidades DIY.<\/p>","protected":false},"featured_media":1112,"template":"","meta":{"_kad_post_transparent":"default","_kad_post_title":"","_kad_post_layout":"default","_kad_post_sidebar_id":"","_kad_post_content_style":"default","_kad_post_vertical_padding":"default","_kad_post_feature":"","_kad_post_feature_position":"","_kad_post_header":false,"_kad_post_footer":false,"jetpack_publicize_message":"","jetpack_publicize_feature_enabled":true,"jetpack_social_post_already_shared":false,"jetpack_social_options":{"image_generator_settings":{"template":"highway","default_image_id":0,"enabled":false},"version":2}},"product_brand":[],"product_cat":[28,24,27],"product_tag":[291,282,283,281],"class_list":{"0":"post-1111","1":"product","2":"type-product","3":"status-publish","4":"has-post-thumbnail","6":"product_cat-aluminum-jars","7":"product_cat-jars","8":"product_cat-metal-jars","9":"product_tag-20g-aluminum-jar","10":"product_tag-aluminum-jar","11":"product_tag-aluminum-wax-tins","12":"product_tag-empty-metal-cans","14":"first","15":"instock","16":"shipping-taxable","17":"purchasable","18":"product-type-simple","19":"entry","20":"content-bg","21":"loop-entry"},"aioseo_notices":[],"jetpack_publicize_connections":[],"jetpack_sharing_enabled":true,"_links":{"self":[{"href":"https:\/\/yingmeipack.com\/es\/wp-json\/wp\/v2\/product\/1111","targetHints":{"allow":["GET"]}}],"collection":[{"href":"https:\/\/yingmeipack.com\/es\/wp-json\/wp\/v2\/product"}],"about":[{"href":"https:\/\/yingmeipack.com\/es\/wp-json\/wp\/v2\/types\/product"}],"version-history":[{"count":1,"href":"https:\/\/yingmeipack.com\/es\/wp-json\/wp\/v2\/product\/1111\/revisions"}],"predecessor-version":[{"id":1119,"href":"https:\/\/yingmeipack.com\/es\/wp-json\/wp\/v2\/product\/1111\/revisions\/1119"}],"wp:featuredmedia":[{"embeddable":true,"href":"https:\/\/yingmeipack.com\/es\/wp-json\/wp\/v2\/media\/1112"}],"wp:attachment":[{"href":"https:\/\/yingmeipack.com\/es\/wp-json\/wp\/v2\/media?parent=1111"}],"wp:term":[{"taxonomy":"product_brand","embeddable":true,"href":"https:\/\/yingmeipack.com\/es\/wp-json\/wp\/v2\/product_brand?post=1111"},{"taxonomy":"product_cat","embeddable":true,"href":"https:\/\/yingmeipack.com\/es\/wp-json\/wp\/v2\/product_cat?post=1111"},{"taxonomy":"product_tag","embeddable":true,"href":"https:\/\/yingmeipack.com\/es\/wp-json\/wp\/v2\/product_tag?post=1111"}],"curies":[{"name":"wp","href":"https:\/\/api.w.org\/{rel}","templated":true}]}}