{"id":1084,"date":"2023-04-10T08:31:33","date_gmt":"2023-04-10T08:31:33","guid":{"rendered":"https:\/\/yingmeipack.com\/?post_type=product&#038;p=1084"},"modified":"2023-04-10T08:42:40","modified_gmt":"2023-04-10T08:42:40","slug":"custom-logo-aluminium-candle-tin-box-cosmetic-aluminum-jar","status":"publish","type":"product","link":"https:\/\/yingmeipack.com\/es\/product\/custom-logo-aluminium-candle-tin-box-cosmetic-aluminum-jar\/","title":{"rendered":"Custom Logo Aluminium candle tin box cosmetic Aluminum Jar"},"content":{"rendered":"","protected":false},"excerpt":{"rendered":"<p>Envase de metal con tapa de rosca: Cada lata vac\u00eda es partido con una tapa de rosca, puede prevenir con eficacia la salida, fabricaci\u00f3n de aluminio de alta calidad, durable, ligero.<\/p>\n<p>Envase de metal con tapa de rosca: Cada lata vac\u00eda es partido con una tapa de rosca, puede prevenir con eficacia la salida, fabricaci\u00f3n de aluminio de alta calidad, durable, ligero.<br \/>\nWe can provide customized service. 120ml 150ml 200ml 250ml color aluminum cans.<br \/>\nAmpliamente utilizado para productos hechos a mano: Se puede utilizar para b\u00e1lsamos labiales, brillo de labios, cremas, cosm\u00e9ticos, velas, jab\u00f3n, b\u00e1lsamo, caramelos, monedas, muestra, hierbas y especias, etc.<\/p>\n<p>Aluminum Screw Lids Containers, screw top lids for tight sealing, no worries of leakage, for home, office, workshop, school storage, They are also suitable for slime storage, making candles and handmade lotions.<\/p>","protected":false},"featured_media":1085,"template":"","meta":{"_kad_post_transparent":"default","_kad_post_title":"","_kad_post_layout":"default","_kad_post_sidebar_id":"","_kad_post_content_style":"default","_kad_post_vertical_padding":"default","_kad_post_feature":"","_kad_post_feature_position":"","_kad_post_header":false,"_kad_post_footer":false,"jetpack_publicize_message":"","jetpack_publicize_feature_enabled":true,"jetpack_social_post_already_shared":false,"jetpack_social_options":{"image_generator_settings":{"template":"highway","default_image_id":0,"enabled":false},"version":2}},"product_brand":[],"product_cat":[28,24,27],"product_tag":[288,286,287],"class_list":{"0":"post-1084","1":"product","2":"type-product","3":"status-publish","4":"has-post-thumbnail","6":"product_cat-aluminum-jars","7":"product_cat-jars","8":"product_cat-metal-jars","9":"product_tag-aluminum-cans-containers-for-cream","10":"product_tag-multi-colored-colorful-aluminum-cans","11":"product_tag-screw-lid-metal-tins","13":"first","14":"instock","15":"shipping-taxable","16":"product-type-simple","17":"entry","18":"content-bg","19":"loop-entry"},"aioseo_notices":[],"jetpack_publicize_connections":[],"jetpack_sharing_enabled":true,"_links":{"self":[{"href":"https:\/\/yingmeipack.com\/es\/wp-json\/wp\/v2\/product\/1084","targetHints":{"allow":["GET"]}}],"collection":[{"href":"https:\/\/yingmeipack.com\/es\/wp-json\/wp\/v2\/product"}],"about":[{"href":"https:\/\/yingmeipack.com\/es\/wp-json\/wp\/v2\/types\/product"}],"version-history":[{"count":1,"href":"https:\/\/yingmeipack.com\/es\/wp-json\/wp\/v2\/product\/1084\/revisions"}],"predecessor-version":[{"id":1092,"href":"https:\/\/yingmeipack.com\/es\/wp-json\/wp\/v2\/product\/1084\/revisions\/1092"}],"wp:featuredmedia":[{"embeddable":true,"href":"https:\/\/yingmeipack.com\/es\/wp-json\/wp\/v2\/media\/1085"}],"wp:attachment":[{"href":"https:\/\/yingmeipack.com\/es\/wp-json\/wp\/v2\/media?parent=1084"}],"wp:term":[{"taxonomy":"product_brand","embeddable":true,"href":"https:\/\/yingmeipack.com\/es\/wp-json\/wp\/v2\/product_brand?post=1084"},{"taxonomy":"product_cat","embeddable":true,"href":"https:\/\/yingmeipack.com\/es\/wp-json\/wp\/v2\/product_cat?post=1084"},{"taxonomy":"product_tag","embeddable":true,"href":"https:\/\/yingmeipack.com\/es\/wp-json\/wp\/v2\/product_tag?post=1084"}],"curies":[{"name":"wp","href":"https:\/\/api.w.org\/{rel}","templated":true}]}}