{"id":699,"date":"2022-11-27T02:47:54","date_gmt":"2022-11-27T02:47:54","guid":{"rendered":"https:\/\/yingmeipack.com\/?post_type=product&#038;p=699"},"modified":"2022-11-27T07:08:41","modified_gmt":"2022-11-27T07:08:41","slug":"custom-hexagon-black-metal-tin-container-with-flip-cover-lid","status":"publish","type":"product","link":"https:\/\/yingmeipack.com\/de\/product\/custom-hexagon-black-metal-tin-container-with-flip-cover-lid\/","title":{"rendered":"Benutzerdefinierte Sechseck schwarzem Metall Zinn-Container mit Flip Cover-Deckel"},"content":{"rendered":"","protected":false},"excerpt":{"rendered":"<p>Sechseckige, sechsseitige \"Blech\"-Beh\u00e4lter (Stahl) mit aufsteckbaren Deckeln. Die Dosen haben keine scharfen Kanten, alle Kanten sind abgerundet und bestehen aus 0,24 mm starkem Metall. Der Preis umfasst Beh\u00e4lter und Deckel, die zusammengebaut geliefert werden. Die Abmessungen sind Au\u00dfenma\u00dfe von Punkt zu Punkt. Unsere Blechdosen sind aus 100%-Stahl gefertigt und haben keine innere Kunststoffauskleidung, daher k\u00f6nnen \u00e4tzende Substanzen den Stahl zum Rosten bringen. F\u00fcr rostbest\u00e4ndige Blechdosen siehe. Diese sechseckige Metalldose ist aus lebensmittelechtem, verzinntem Eisen hergestellt. Die Gr\u00f6\u00dfe betr\u00e4gt: 70*70*70mm. Das Mikro-Etikett und die Gr\u00f6\u00dfe k\u00f6nnen angepasst werden. Es ist ein dreiteiliger Typ, unabh\u00e4ngige Deckel- und Gongbodenstruktur, und verwendet CMYK-Drucktechnologie. Die unabh\u00e4ngige Deckelstruktur ist bequem zu \u00f6ffnen und zu schlie\u00dfen.<\/p>","protected":false},"featured_media":700,"template":"","meta":{"_kad_post_transparent":"default","_kad_post_title":"","_kad_post_layout":"default","_kad_post_sidebar_id":"","_kad_post_content_style":"default","_kad_post_vertical_padding":"default","_kad_post_feature":"","_kad_post_feature_position":"","_kad_post_header":false,"_kad_post_footer":false,"jetpack_publicize_message":"","jetpack_publicize_feature_enabled":true,"jetpack_social_post_already_shared":false,"jetpack_social_options":{"image_generator_settings":{"template":"highway","default_image_id":0,"enabled":false},"version":2}},"product_brand":[],"product_cat":[24,27,29],"product_tag":[271,273,272],"class_list":{"0":"post-699","1":"product","2":"type-product","3":"status-publish","4":"has-post-thumbnail","6":"product_cat-jars","7":"product_cat-metal-jars","8":"product_cat-tinplate-jars","9":"product_tag-hexagon-black-metal-tin","10":"product_tag-hexagon-metal-container","11":"product_tag-hexagon-metal-tin","13":"first","14":"instock","15":"shipping-taxable","16":"product-type-simple","17":"entry","18":"content-bg","19":"loop-entry"},"aioseo_notices":[],"jetpack_publicize_connections":[],"jetpack_sharing_enabled":true,"_links":{"self":[{"href":"https:\/\/yingmeipack.com\/de\/wp-json\/wp\/v2\/product\/699","targetHints":{"allow":["GET"]}}],"collection":[{"href":"https:\/\/yingmeipack.com\/de\/wp-json\/wp\/v2\/product"}],"about":[{"href":"https:\/\/yingmeipack.com\/de\/wp-json\/wp\/v2\/types\/product"}],"version-history":[{"count":1,"href":"https:\/\/yingmeipack.com\/de\/wp-json\/wp\/v2\/product\/699\/revisions"}],"predecessor-version":[{"id":706,"href":"https:\/\/yingmeipack.com\/de\/wp-json\/wp\/v2\/product\/699\/revisions\/706"}],"wp:featuredmedia":[{"embeddable":true,"href":"https:\/\/yingmeipack.com\/de\/wp-json\/wp\/v2\/media\/700"}],"wp:attachment":[{"href":"https:\/\/yingmeipack.com\/de\/wp-json\/wp\/v2\/media?parent=699"}],"wp:term":[{"taxonomy":"product_brand","embeddable":true,"href":"https:\/\/yingmeipack.com\/de\/wp-json\/wp\/v2\/product_brand?post=699"},{"taxonomy":"product_cat","embeddable":true,"href":"https:\/\/yingmeipack.com\/de\/wp-json\/wp\/v2\/product_cat?post=699"},{"taxonomy":"product_tag","embeddable":true,"href":"https:\/\/yingmeipack.com\/de\/wp-json\/wp\/v2\/product_tag?post=699"}],"curies":[{"name":"wp","href":"https:\/\/api.w.org\/{rel}","templated":true}]}}