{"id":683,"date":"2022-11-26T14:33:50","date_gmt":"2022-11-26T14:33:50","guid":{"rendered":"https:\/\/yingmeipack.com\/?post_type=product&#038;p=683"},"modified":"2022-11-26T15:37:15","modified_gmt":"2022-11-26T15:37:15","slug":"frosted-foaming-dispenser-travel-soap-bottle-for-cleaning","status":"publish","type":"product","link":"https:\/\/yingmeipack.com\/de\/product\/frosted-foaming-dispenser-travel-soap-bottle-for-cleaning\/","title":{"rendered":"Frosted Foaming Dispenser Travel Soap Bottle f\u00fcr die Reinigung"},"content":{"rendered":"","protected":false},"excerpt":{"rendered":"<p>Diese Schaumreinigerflasche leer ist geruchlos und aus PET-Kunststoff (BPA-frei). Der Schaumspender ist nachf\u00fcllbar und wiederverwendbar und ist langlebig. Das Set enth\u00e4lt 4 leere Pumpflaschen, leicht zu tragen. Genau das, was Sie f\u00fcr Ihre Reisen brauchen, wenn Sie Ihre eigenen sch\u00e4umenden Fl\u00fcssigkeiten mitnehmen wollen! Sie k\u00f6nnen die Reiseflaschen verwenden, um Reinigungsmittel zu sparen, und sie passen \u00fcberall hin. Ideal f\u00fcr DIY sch\u00e4umendes Handdesinfektionsmittel, Ihren eigenen perfekten Wimpernreiniger, Duschcreme, Waschmilch, Waschmittel, Shampoo, Duschgel, etc. Durch die Schaumpumpflasche k\u00f6nnen Sie reichhaltigen Schaum erhalten. So haben Sie ein komfortables Badeerlebnis. Das dichte Schraubgewinde und das Sockeldesign der Flasche verhindern jegliches Auslaufen, so dass Sie die Schaum-Reiseflasche sicher in der Tasche verstauen k\u00f6nnen, ohne sich Gedanken \u00fcber auslaufende Fl\u00fcssigkeit zu machen. Sch\u00e4umen Gesicht waschen Flaschen leer kann f\u00fcr Haus, K\u00fcche, Bad, B\u00fcro, Gesch\u00e4ftsreise, Urlaubsreise verwendet werden.<\/p>","protected":false},"featured_media":684,"template":"","meta":{"_kad_post_transparent":"default","_kad_post_title":"","_kad_post_layout":"default","_kad_post_sidebar_id":"","_kad_post_content_style":"default","_kad_post_vertical_padding":"default","_kad_post_feature":"","_kad_post_feature_position":"","_kad_post_header":false,"_kad_post_footer":false,"jetpack_publicize_message":"","jetpack_publicize_feature_enabled":true,"jetpack_social_post_already_shared":false,"jetpack_social_options":{"image_generator_settings":{"template":"highway","default_image_id":0,"enabled":false},"version":2}},"product_brand":[],"product_cat":[31],"product_tag":[267,264,266,265],"class_list":{"0":"post-683","1":"product","2":"type-product","3":"status-publish","4":"has-post-thumbnail","6":"product_cat-foamer-bottles","7":"product_tag-dispenser-travel-bottle","8":"product_tag-foaming-dispenser-bottle","9":"product_tag-frosted-foaming-bottle","10":"product_tag-travel-soap-bottle","12":"first","13":"instock","14":"shipping-taxable","15":"product-type-simple","16":"entry","17":"content-bg","18":"loop-entry"},"aioseo_notices":[],"jetpack_publicize_connections":[],"jetpack_sharing_enabled":true,"_links":{"self":[{"href":"https:\/\/yingmeipack.com\/de\/wp-json\/wp\/v2\/product\/683","targetHints":{"allow":["GET"]}}],"collection":[{"href":"https:\/\/yingmeipack.com\/de\/wp-json\/wp\/v2\/product"}],"about":[{"href":"https:\/\/yingmeipack.com\/de\/wp-json\/wp\/v2\/types\/product"}],"version-history":[{"count":1,"href":"https:\/\/yingmeipack.com\/de\/wp-json\/wp\/v2\/product\/683\/revisions"}],"predecessor-version":[{"id":689,"href":"https:\/\/yingmeipack.com\/de\/wp-json\/wp\/v2\/product\/683\/revisions\/689"}],"wp:featuredmedia":[{"embeddable":true,"href":"https:\/\/yingmeipack.com\/de\/wp-json\/wp\/v2\/media\/684"}],"wp:attachment":[{"href":"https:\/\/yingmeipack.com\/de\/wp-json\/wp\/v2\/media?parent=683"}],"wp:term":[{"taxonomy":"product_brand","embeddable":true,"href":"https:\/\/yingmeipack.com\/de\/wp-json\/wp\/v2\/product_brand?post=683"},{"taxonomy":"product_cat","embeddable":true,"href":"https:\/\/yingmeipack.com\/de\/wp-json\/wp\/v2\/product_cat?post=683"},{"taxonomy":"product_tag","embeddable":true,"href":"https:\/\/yingmeipack.com\/de\/wp-json\/wp\/v2\/product_tag?post=683"}],"curies":[{"name":"wp","href":"https:\/\/api.w.org\/{rel}","templated":true}]}}