{"id":673,"date":"2022-11-26T10:42:28","date_gmt":"2022-11-26T10:42:28","guid":{"rendered":"https:\/\/yingmeipack.com\/?post_type=product&#038;p=673"},"modified":"2025-06-05T09:13:26","modified_gmt":"2025-06-05T09:13:26","slug":"300ml-10oz-black-aluminum-round-tin-container-with-screw-lid","status":"publish","type":"product","link":"https:\/\/yingmeipack.com\/de\/product\/300ml-10oz-black-aluminum-round-tin-container-with-screw-lid\/","title":{"rendered":"300ml 10oz Schwarzes Aluminium Runddose mit Schraubdeckel"},"content":{"rendered":"","protected":false},"excerpt":{"rendered":"<p>Wir k\u00f6nnen eine gro\u00dfe Auswahl an Dosen anbieten. Alle Gl\u00e4ser sind leicht und kompakt, und einige Gl\u00e4ser sind TSA-zugelassen, was das Reisen erleichtert und so ziemlich alles fasst, was Sie brauchen. Unsere Standardgl\u00e4ser mit rundem Deckel sind die Aluminiumgl\u00e4ser, die wir f\u00fchren. Sie bestehen aus einer toxikologisch unbedenklichen BPA-freien Aluminiumlegierung mit Deckeln in verschiedenen Gr\u00f6\u00dfen, einer wei\u00dfen Schaumstoffdichtung und farbigen Deckeln in verschiedenen Mengen. Sie sind zwar nicht v\u00f6llig auslaufsicher, aber sie k\u00f6nnen Glitzer, Anh\u00e4nger und vieles mehr aufnehmen. Diese Gl\u00e4ser sind nach dem Waschen wiederverwendbar und eignen sich perfekt f\u00fcr den professionellen oder privaten Gebrauch! Wir f\u00fchren zwei verschiedene Arten von Gl\u00e4sern f\u00fcr den universellen Einsatz! Die beiden farbigen Deckelgl\u00e4ser sind leicht zu verwechseln, aber wenn du genau hinsiehst, haben die Gl\u00e4ser entweder abgerundete Ecken am Deckel oder eine scharfe Kante. Alle Gl\u00e4ser haben einen Aluminiumboden, eine Schaumstoffdichtung und einen Schraubdeckel aus Metall.<\/p>\n<div style=\"width: 1280px;\" class=\"wp-video\"><!--[if lt IE 9]><script>document.createElement('video');<\/script><![endif]--><br \/>\n<video class=\"wp-video-shortcode\" id=\"video-673-1\" width=\"1280\" height=\"720\" loop autoplay preload=\"auto\" controls=\"controls\"><source type=\"video\/mp4\" src=\"http:\/\/yingmeipack.com\/wp-content\/uploads\/2022\/11\/Black-Aluminum-Container-with-Screw-Lid.mp4?_=1\" \/><a href=\"http:\/\/yingmeipack.com\/wp-content\/uploads\/2022\/11\/Black-Aluminum-Container-with-Screw-Lid.mp4\">http:\/\/yingmeipack.com\/wp-content\/uploads\/2022\/11\/Black-Aluminum-Container-with-Screw-Lid.mp4<\/a><\/video><\/div>","protected":false},"featured_media":675,"template":"","meta":{"_kad_post_transparent":"default","_kad_post_title":"","_kad_post_layout":"default","_kad_post_sidebar_id":"","_kad_post_content_style":"default","_kad_post_vertical_padding":"default","_kad_post_feature":"","_kad_post_feature_position":"","_kad_post_header":false,"_kad_post_footer":false,"jetpack_publicize_message":"","jetpack_publicize_feature_enabled":true,"jetpack_social_post_already_shared":false,"jetpack_social_options":{"image_generator_settings":{"template":"highway","default_image_id":0,"enabled":false},"version":2}},"product_brand":[],"product_cat":[28,24,27],"product_tag":[263,262,253,252],"class_list":{"0":"post-673","1":"product","2":"type-product","3":"status-publish","4":"has-post-thumbnail","6":"product_cat-aluminum-jars","7":"product_cat-jars","8":"product_cat-metal-jars","9":"product_tag-10oz-black-aluminum-container","10":"product_tag-300ml-black-aluminum-container","11":"product_tag-aluminum-round-container","12":"product_tag-aluminum-round-tin","14":"first","15":"instock","16":"shipping-taxable","17":"purchasable","18":"product-type-simple","19":"entry","20":"content-bg","21":"loop-entry"},"aioseo_notices":[],"jetpack_publicize_connections":[],"jetpack_sharing_enabled":true,"_links":{"self":[{"href":"https:\/\/yingmeipack.com\/de\/wp-json\/wp\/v2\/product\/673","targetHints":{"allow":["GET"]}}],"collection":[{"href":"https:\/\/yingmeipack.com\/de\/wp-json\/wp\/v2\/product"}],"about":[{"href":"https:\/\/yingmeipack.com\/de\/wp-json\/wp\/v2\/types\/product"}],"version-history":[{"count":1,"href":"https:\/\/yingmeipack.com\/de\/wp-json\/wp\/v2\/product\/673\/revisions"}],"predecessor-version":[{"id":682,"href":"https:\/\/yingmeipack.com\/de\/wp-json\/wp\/v2\/product\/673\/revisions\/682"}],"wp:featuredmedia":[{"embeddable":true,"href":"https:\/\/yingmeipack.com\/de\/wp-json\/wp\/v2\/media\/675"}],"wp:attachment":[{"href":"https:\/\/yingmeipack.com\/de\/wp-json\/wp\/v2\/media?parent=673"}],"wp:term":[{"taxonomy":"product_brand","embeddable":true,"href":"https:\/\/yingmeipack.com\/de\/wp-json\/wp\/v2\/product_brand?post=673"},{"taxonomy":"product_cat","embeddable":true,"href":"https:\/\/yingmeipack.com\/de\/wp-json\/wp\/v2\/product_cat?post=673"},{"taxonomy":"product_tag","embeddable":true,"href":"https:\/\/yingmeipack.com\/de\/wp-json\/wp\/v2\/product_tag?post=673"}],"curies":[{"name":"wp","href":"https:\/\/api.w.org\/{rel}","templated":true}]}}