{"id":629,"date":"2022-11-26T03:23:27","date_gmt":"2022-11-26T03:23:27","guid":{"rendered":"https:\/\/yingmeipack.com\/?post_type=product&#038;p=629"},"modified":"2022-11-26T05:00:46","modified_gmt":"2022-11-26T05:00:46","slug":"brushed-gold-smooth-metal-shelled-jar-caps-with-foam-liner","status":"publish","type":"product","link":"https:\/\/yingmeipack.com\/de\/product\/brushed-gold-smooth-metal-shelled-jar-caps-with-foam-liner\/","title":{"rendered":"Geb\u00fcrstetes Gold Glatte Metallkappen mit Schaumstoffeinlage"},"content":{"rendered":"","protected":false},"excerpt":{"rendered":"<p>Geb\u00fcrsteter, goldfarbener, glatter, metallummantelter Verschluss mit durchgehendem Gewinde, 58-400er M\u00fcndung und Schaumstoffeinlage. Wird h\u00e4ufig f\u00fcr Lebensmittel, Lotionen, Seifen, Cremes und K\u00f6rperpflegeprodukte verwendet. Verschlusskappen mit durchgehendem Gewinde sind in einer Vielzahl von Gro\u00dfhandelsbranchen beliebt, z. B. in den Bereichen Lebensmittel, K\u00f6rperpflege, Haustierpflege, Haushaltsprodukte, Industrieprodukte, Gesundheit und Sch\u00f6nheit, Kunst, Handwerk, Hobby und in fast jedem anderen Marktsegment. Dieser Verschluss aus Polypropylen (PP) hat eine hohe Hitzetoleranz und ist sehr haltbar.<br \/>\nSchaumstoffeinlagen sind mit vielen Substanzen kompatibel, eine wirtschaftliche Option und k\u00f6nnen auch verwendet werden, um Platz auf der Oberseite der Kappe zu schaffen, wenn das Gewinde des Halses nicht hoch genug ist, um einen dichten Verschluss zu erreichen. Einlagen sind ein wichtiger Bestandteil jeder Kappe mit durchgehendem Gewinde, und die Produkte sollten am besten mit der Kappe getestet werden, um festzustellen, welche Einlage am besten passt. Schaumstoffeinlagen bilden keine luftdichten Verschl\u00fcsse.<\/p>\n<div style=\"width: 1290px;\" class=\"wp-video\"><!--[if lt IE 9]><script>document.createElement('video');<\/script><![endif]--><br \/>\n<video class=\"wp-video-shortcode\" id=\"video-629-1\" width=\"1290\" height=\"726\" loop autoplay preload=\"auto\" controls=\"controls\"><source type=\"video\/mp4\" src=\"http:\/\/yingmeipack.com\/wp-content\/uploads\/2022\/11\/Metal-Shelled-Jar-Caps1..mp4?_=1\" \/><a href=\"http:\/\/yingmeipack.com\/wp-content\/uploads\/2022\/11\/Metal-Shelled-Jar-Caps1..mp4\">http:\/\/yingmeipack.com\/wp-content\/uploads\/2022\/11\/Metal-Shelled-Jar-Caps1..mp4<\/a><\/video><\/div>","protected":false},"featured_media":630,"template":"","meta":{"_kad_post_transparent":"default","_kad_post_title":"","_kad_post_layout":"default","_kad_post_sidebar_id":"","_kad_post_content_style":"default","_kad_post_vertical_padding":"default","_kad_post_feature":"","_kad_post_feature_position":"","_kad_post_header":false,"_kad_post_footer":false,"jetpack_publicize_message":"","jetpack_publicize_feature_enabled":true,"jetpack_social_post_already_shared":false,"jetpack_social_options":{"image_generator_settings":{"template":"highway","default_image_id":0,"enabled":false},"version":2}},"product_brand":[],"product_cat":[38,41],"product_tag":[246,245,244,243],"class_list":{"0":"post-629","1":"product","2":"type-product","3":"status-publish","4":"has-post-thumbnail","6":"product_cat-powder","7":"product_cat-powder-caps","8":"product_tag-brushed-gold-jar-caps","9":"product_tag-gold-jar-caps","10":"product_tag-jar-caps-with-foam-liner","11":"product_tag-metal-shelled-jar-caps","13":"first","14":"instock","15":"shipping-taxable","16":"product-type-simple","17":"entry","18":"content-bg","19":"loop-entry"},"aioseo_notices":[],"jetpack_publicize_connections":[],"jetpack_sharing_enabled":true,"_links":{"self":[{"href":"https:\/\/yingmeipack.com\/de\/wp-json\/wp\/v2\/product\/629","targetHints":{"allow":["GET"]}}],"collection":[{"href":"https:\/\/yingmeipack.com\/de\/wp-json\/wp\/v2\/product"}],"about":[{"href":"https:\/\/yingmeipack.com\/de\/wp-json\/wp\/v2\/types\/product"}],"version-history":[{"count":2,"href":"https:\/\/yingmeipack.com\/de\/wp-json\/wp\/v2\/product\/629\/revisions"}],"predecessor-version":[{"id":639,"href":"https:\/\/yingmeipack.com\/de\/wp-json\/wp\/v2\/product\/629\/revisions\/639"}],"wp:featuredmedia":[{"embeddable":true,"href":"https:\/\/yingmeipack.com\/de\/wp-json\/wp\/v2\/media\/630"}],"wp:attachment":[{"href":"https:\/\/yingmeipack.com\/de\/wp-json\/wp\/v2\/media?parent=629"}],"wp:term":[{"taxonomy":"product_brand","embeddable":true,"href":"https:\/\/yingmeipack.com\/de\/wp-json\/wp\/v2\/product_brand?post=629"},{"taxonomy":"product_cat","embeddable":true,"href":"https:\/\/yingmeipack.com\/de\/wp-json\/wp\/v2\/product_cat?post=629"},{"taxonomy":"product_tag","embeddable":true,"href":"https:\/\/yingmeipack.com\/de\/wp-json\/wp\/v2\/product_tag?post=629"}],"curies":[{"name":"wp","href":"https:\/\/api.w.org\/{rel}","templated":true}]}}