{"id":620,"date":"2022-11-26T03:00:20","date_gmt":"2022-11-26T03:00:20","guid":{"rendered":"https:\/\/yingmeipack.com\/?post_type=product&#038;p=620"},"modified":"2025-06-05T09:19:36","modified_gmt":"2025-06-05T09:19:36","slug":"180ml-6oz-black-round-screw-top-aluminum-tin-cans-containers","status":"publish","type":"product","link":"https:\/\/yingmeipack.com\/de\/product\/180ml-6oz-black-round-screw-top-aluminum-tin-cans-containers\/","title":{"rendered":"180ml 6oz Schwarz Runde Schraube oben Aluminium Dosen Beh\u00e4lter"},"content":{"rendered":"","protected":false},"excerpt":{"rendered":"<p>Diese runden Schraubdeckel-Blechdosen sind aus hochwertigem Aluminium, leicht im Gewicht, aber langlebig in der Struktur, korrosionsbest\u00e4ndig und wiederverwendbar, kann f\u00fcr eine lange Zeit angewendet werden; Es gibt keine spitzen Kanten um dieses Glas, alle Kanten sind abgerundet und nahtlos geformt, wird nicht schaden w\u00e4hrend des Gebrauchs, so dass Sie es mit Vertrauen anwenden k\u00f6nnen. Jede Aluminiumdose wird mit einem Schraubdeckel geliefert, der auslaufsicher und dicht verschlossen ist, um das Risiko des Auslaufens oder Schmelzens zu verhindern und Ihre Produkte vor Lichteinwirkung und hohen Temperaturen zu sch\u00fctzen, was ihre Nutzungsdauer verl\u00e4ngert; Sie sind auch bequem zu \u00f6ffnen und zu schlie\u00dfen, was Ihre Zeit und M\u00fche spart. Unsere Lippenbalsam-Dosen sind ideal f\u00fcr die Aufbewahrung von Lippenbalsam, Kerzen, selbstgemachtem Bartbalsam, Perlen, Kn\u00f6pfen, Bartbutter, M\u00fcnzen, Cremes, Bonbons, kleinem Schmuck und anderen kleinen Gegenst\u00e4nden, die Ihnen viel Komfort bei der t\u00e4glichen Organisation und Aufbewahrung bringen; Es ist besser, verschiedene Dosen zu verwenden, um verschiedene Gegenst\u00e4nde f\u00fcr die Hygiene zu speichern. Jede Dose misst ca. 92*28mm und hat ein Fassungsverm\u00f6gen von 180 ml, die richtige Gr\u00f6\u00dfe f\u00fcr den t\u00e4glichen Gebrauch. Crafted fein mit klassischer Farbe, die Schraubverschluss runde Blechdosen sind einfach und klassischen Stil, der auf dem Tisch gestellt werden kann, um Ihr Zimmer zu dekorieren; Aufgrund ihrer h\u00fcbschen Design und praktische Funktion, k\u00f6nnen diese Blechdosen auch nette kleine Geschenkbeh\u00e4lter f\u00fcr Ihre S\u00fc\u00dfigkeiten, Party Gef\u00e4lligkeiten oder hausgemachte Pralinen auf Hochzeit, Jubil\u00e4um und andere Anl\u00e4sse sein.<\/p>\n<div style=\"width: 1290px;\" class=\"wp-video\"><!--[if lt IE 9]><script>document.createElement('video');<\/script><![endif]--><br \/>\n<video class=\"wp-video-shortcode\" id=\"video-620-1\" width=\"1290\" height=\"726\" loop autoplay preload=\"auto\" controls=\"controls\"><source type=\"video\/mp4\" src=\"http:\/\/yingmeipack.com\/wp-content\/uploads\/2022\/11\/Matte-Black-Aluminum-Jar.mp4?_=1\" \/><a href=\"http:\/\/yingmeipack.com\/wp-content\/uploads\/2022\/11\/Matte-Black-Aluminum-Jar.mp4\">http:\/\/yingmeipack.com\/wp-content\/uploads\/2022\/11\/Matte-Black-Aluminum-Jar.mp4<\/a><\/video><\/div>","protected":false},"featured_media":621,"template":"","meta":{"_kad_post_transparent":"default","_kad_post_title":"","_kad_post_layout":"default","_kad_post_sidebar_id":"","_kad_post_content_style":"default","_kad_post_vertical_padding":"default","_kad_post_feature":"","_kad_post_feature_position":"","_kad_post_header":false,"_kad_post_footer":false,"jetpack_publicize_message":"","jetpack_publicize_feature_enabled":true,"jetpack_social_post_already_shared":false,"jetpack_social_options":{"image_generator_settings":{"template":"highway","default_image_id":0,"enabled":false},"version":2}},"product_brand":[],"product_cat":[28,24,27],"product_tag":[239,240,241,242],"class_list":{"0":"post-620","1":"product","2":"type-product","3":"status-publish","4":"has-post-thumbnail","6":"product_cat-aluminum-jars","7":"product_cat-jars","8":"product_cat-metal-jars","9":"product_tag-180ml-black-aluminum-tin","10":"product_tag-6oz-black-aluminum-tin","11":"product_tag-screw-top-aluminum-cans","12":"product_tag-screw-top-aluminum-containers","14":"first","15":"instock","16":"shipping-taxable","17":"purchasable","18":"product-type-simple","19":"entry","20":"content-bg","21":"loop-entry"},"aioseo_notices":[],"jetpack_publicize_connections":[],"jetpack_sharing_enabled":true,"_links":{"self":[{"href":"https:\/\/yingmeipack.com\/de\/wp-json\/wp\/v2\/product\/620","targetHints":{"allow":["GET"]}}],"collection":[{"href":"https:\/\/yingmeipack.com\/de\/wp-json\/wp\/v2\/product"}],"about":[{"href":"https:\/\/yingmeipack.com\/de\/wp-json\/wp\/v2\/types\/product"}],"version-history":[{"count":1,"href":"https:\/\/yingmeipack.com\/de\/wp-json\/wp\/v2\/product\/620\/revisions"}],"predecessor-version":[{"id":628,"href":"https:\/\/yingmeipack.com\/de\/wp-json\/wp\/v2\/product\/620\/revisions\/628"}],"wp:featuredmedia":[{"embeddable":true,"href":"https:\/\/yingmeipack.com\/de\/wp-json\/wp\/v2\/media\/621"}],"wp:attachment":[{"href":"https:\/\/yingmeipack.com\/de\/wp-json\/wp\/v2\/media?parent=620"}],"wp:term":[{"taxonomy":"product_brand","embeddable":true,"href":"https:\/\/yingmeipack.com\/de\/wp-json\/wp\/v2\/product_brand?post=620"},{"taxonomy":"product_cat","embeddable":true,"href":"https:\/\/yingmeipack.com\/de\/wp-json\/wp\/v2\/product_cat?post=620"},{"taxonomy":"product_tag","embeddable":true,"href":"https:\/\/yingmeipack.com\/de\/wp-json\/wp\/v2\/product_tag?post=620"}],"curies":[{"name":"wp","href":"https:\/\/api.w.org\/{rel}","templated":true}]}}