{"id":612,"date":"2022-11-26T02:45:07","date_gmt":"2022-11-26T02:45:07","guid":{"rendered":"https:\/\/yingmeipack.com\/?post_type=product&#038;p=612"},"modified":"2022-11-26T02:57:19","modified_gmt":"2022-11-26T02:57:19","slug":"bpa-free-empty-refillable-plastic-cosmetic-containers-jars","status":"publish","type":"product","link":"https:\/\/yingmeipack.com\/de\/product\/bpa-free-empty-refillable-plastic-cosmetic-containers-jars\/","title":{"rendered":"BPA-freie leere nachf\u00fcllbare Kunststoff-Kosmetikbeh\u00e4lter Tiegel"},"content":{"rendered":"","protected":false},"excerpt":{"rendered":"<p>Hochwertiges Material: Der Beh\u00e4lterk\u00f6rper besteht aus PET, der Deckel aus PP. Kein BPA. Langlebig, nicht leicht zu brechen, leicht, wiederverwendbar. W\u00e4hrend die Sicherheit der Materialien gew\u00e4hrleistet ist, hat es auch hohe chemische Best\u00e4ndigkeit und hohe Schlagfestigkeit.<br \/>\nTragbare Aufbewahrung: Geradlinige Aufbewahrungsdosen, mehrere Sets, einfach zum Verpacken verschiedener Gegenst\u00e4nde. Diese kleinen Beh\u00e4lter eignen sich hervorragend f\u00fcr Ihre Handtasche, Ihren Rucksack oder Ihre Fitnesstasche. Sie k\u00f6nnen auf dem Regal gelagert oder ausgestellt werden, was sehr bequem zu tragen oder zu reisen ist.<br \/>\nAuslaufsicheres Design: 2oz Zehnerset. Jeder Kunststoffbeh\u00e4lter ist mit einem schwarzen Deckel, einer Schaumstoffdichtung und einer Handdichtung ausgestattet, so dass der Kunststoffbeh\u00e4lter eine gute Dichtwirkung hat.<br \/>\nGlattes und rundes Design: Das kreisf\u00f6rmige Bogen-Design kann DIY verschiedene Arten von Dosen, die Sie m\u00f6gen und gew\u00e4hrleisten das Handgef\u00fchl zur gleichen Zeit. Bitte beachten Sie jedoch, dass das Etikettenpapier nicht im Paket enthalten ist.<br \/>\nVertikales Design mit breiter \u00d6ffnung: Das Design mit breiter \u00d6ffnung ist leicht zu verstauen und mitzunehmen, und das Design mit flacher \u00d6ffnung ist leicht zu reinigen, aber bitte vermeiden Sie eine Desinfektion bei hohen Temperaturen und geben Sie es nicht in die Sp\u00fclmaschine.<\/p>","protected":false},"featured_media":613,"template":"","meta":{"_kad_post_transparent":"default","_kad_post_title":"","_kad_post_layout":"default","_kad_post_sidebar_id":"","_kad_post_content_style":"default","_kad_post_vertical_padding":"default","_kad_post_feature":"","_kad_post_feature_position":"","_kad_post_header":false,"_kad_post_footer":false,"jetpack_publicize_message":"","jetpack_publicize_feature_enabled":true,"jetpack_social_post_already_shared":false,"jetpack_social_options":{"image_generator_settings":{"template":"highway","default_image_id":0,"enabled":false},"version":2}},"product_brand":[],"product_cat":[19,24,20,25],"product_tag":[235,236,237,238],"class_list":{"0":"post-612","1":"product","2":"type-product","3":"status-publish","4":"has-post-thumbnail","6":"product_cat-bottles","7":"product_cat-jars","8":"product_cat-plastic-bottles","9":"product_cat-plastic-jars","10":"product_tag-bpa-free-plastic-jars","11":"product_tag-plastic-cosmetic-containers","12":"product_tag-plastic-cosmetic-jars","13":"product_tag-refillable-plastic-cosmetic-containers","15":"first","16":"instock","17":"shipping-taxable","18":"product-type-simple","19":"entry","20":"content-bg","21":"loop-entry"},"aioseo_notices":[],"jetpack_publicize_connections":[],"jetpack_sharing_enabled":true,"_links":{"self":[{"href":"https:\/\/yingmeipack.com\/de\/wp-json\/wp\/v2\/product\/612","targetHints":{"allow":["GET"]}}],"collection":[{"href":"https:\/\/yingmeipack.com\/de\/wp-json\/wp\/v2\/product"}],"about":[{"href":"https:\/\/yingmeipack.com\/de\/wp-json\/wp\/v2\/types\/product"}],"version-history":[{"count":1,"href":"https:\/\/yingmeipack.com\/de\/wp-json\/wp\/v2\/product\/612\/revisions"}],"predecessor-version":[{"id":619,"href":"https:\/\/yingmeipack.com\/de\/wp-json\/wp\/v2\/product\/612\/revisions\/619"}],"wp:featuredmedia":[{"embeddable":true,"href":"https:\/\/yingmeipack.com\/de\/wp-json\/wp\/v2\/media\/613"}],"wp:attachment":[{"href":"https:\/\/yingmeipack.com\/de\/wp-json\/wp\/v2\/media?parent=612"}],"wp:term":[{"taxonomy":"product_brand","embeddable":true,"href":"https:\/\/yingmeipack.com\/de\/wp-json\/wp\/v2\/product_brand?post=612"},{"taxonomy":"product_cat","embeddable":true,"href":"https:\/\/yingmeipack.com\/de\/wp-json\/wp\/v2\/product_cat?post=612"},{"taxonomy":"product_tag","embeddable":true,"href":"https:\/\/yingmeipack.com\/de\/wp-json\/wp\/v2\/product_tag?post=612"}],"curies":[{"name":"wp","href":"https:\/\/api.w.org\/{rel}","templated":true}]}}