{"id":605,"date":"2022-11-25T08:11:26","date_gmt":"2022-11-25T08:11:26","guid":{"rendered":"https:\/\/yingmeipack.com\/?post_type=product&#038;p=605"},"modified":"2025-09-03T02:44:12","modified_gmt":"2025-09-03T02:44:12","slug":"100ml-round-aluminum-cans-tin-screw-top-metal-lid-containers","status":"publish","type":"product","link":"https:\/\/yingmeipack.com\/de\/product\/100ml-round-aluminum-cans-tin-screw-top-metal-lid-containers\/","title":{"rendered":"100ml Silver Aluminum Cans Screw Top Metal Lid Containers"},"content":{"rendered":"","protected":false},"excerpt":{"rendered":"<p>Ein 100ml Aluminiumbeh\u00e4lter - sehr leicht und langlebig. Die Beh\u00e4lter sind auf der Innenseite mit EPA (Epoxy Phenolic*) beschichtet, so dass das Aluminium nicht in direkten Kontakt mit Ihrem Produkt kommt und somit keine M\u00f6glichkeit einer Reaktion oder Oxidation mit Ihrem Produkt besteht. Durch die EP-Beschichtung ist der Aluminiumbeh\u00e4lter f\u00fcr die meisten Produkttypen geeignet, einschlie\u00dflich Produkte auf Wasser-, \u00d6l- und L\u00f6sungsmittelbasis. Diese Aluminiumdose wird mit einem Aluminiumdeckel geliefert, der speziell f\u00fcr diese Dose hergestellt wurde, um einen luftdichten Verschluss zu gew\u00e4hrleisten. Aluminium ist vollst\u00e4ndig recycelbar und hat eine geringe W\u00e4rmeentwicklung. Das geringe Gewicht macht Aluminium ideal f\u00fcr den Transport. Aluminium laugt nicht aus, wenn es auf einer M\u00fclldeponie gelagert wird.<\/p>","protected":false},"featured_media":3842,"template":"","meta":{"_kad_post_transparent":"default","_kad_post_title":"","_kad_post_layout":"default","_kad_post_sidebar_id":"","_kad_post_content_style":"default","_kad_post_vertical_padding":"default","_kad_post_feature":"","_kad_post_feature_position":"","_kad_post_header":false,"_kad_post_footer":false,"jetpack_publicize_message":"","jetpack_publicize_feature_enabled":true,"jetpack_social_post_already_shared":false,"jetpack_social_options":{"image_generator_settings":{"template":"highway","default_image_id":0,"enabled":false},"version":2}},"product_brand":[],"product_cat":[28,24,27],"product_tag":[717,207,233],"class_list":{"0":"post-605","1":"product","2":"type-product","3":"status-publish","4":"has-post-thumbnail","6":"product_cat-aluminum-jars","7":"product_cat-jars","8":"product_cat-metal-jars","9":"product_tag-100ml-silver-aluminum-can","10":"product_tag-round-aluminum-tins","11":"product_tag-screw-top-metal-containers","13":"first","14":"instock","15":"shipping-taxable","16":"purchasable","17":"product-type-simple","18":"entry","19":"content-bg","20":"loop-entry"},"aioseo_notices":[],"jetpack_publicize_connections":[],"jetpack_sharing_enabled":true,"_links":{"self":[{"href":"https:\/\/yingmeipack.com\/de\/wp-json\/wp\/v2\/product\/605","targetHints":{"allow":["GET"]}}],"collection":[{"href":"https:\/\/yingmeipack.com\/de\/wp-json\/wp\/v2\/product"}],"about":[{"href":"https:\/\/yingmeipack.com\/de\/wp-json\/wp\/v2\/types\/product"}],"version-history":[{"count":3,"href":"https:\/\/yingmeipack.com\/de\/wp-json\/wp\/v2\/product\/605\/revisions"}],"predecessor-version":[{"id":3849,"href":"https:\/\/yingmeipack.com\/de\/wp-json\/wp\/v2\/product\/605\/revisions\/3849"}],"wp:featuredmedia":[{"embeddable":true,"href":"https:\/\/yingmeipack.com\/de\/wp-json\/wp\/v2\/media\/3842"}],"wp:attachment":[{"href":"https:\/\/yingmeipack.com\/de\/wp-json\/wp\/v2\/media?parent=605"}],"wp:term":[{"taxonomy":"product_brand","embeddable":true,"href":"https:\/\/yingmeipack.com\/de\/wp-json\/wp\/v2\/product_brand?post=605"},{"taxonomy":"product_cat","embeddable":true,"href":"https:\/\/yingmeipack.com\/de\/wp-json\/wp\/v2\/product_cat?post=605"},{"taxonomy":"product_tag","embeddable":true,"href":"https:\/\/yingmeipack.com\/de\/wp-json\/wp\/v2\/product_tag?post=605"}],"curies":[{"name":"wp","href":"https:\/\/api.w.org\/{rel}","templated":true}]}}