{"id":595,"date":"2022-11-25T07:42:02","date_gmt":"2022-11-25T07:42:02","guid":{"rendered":"https:\/\/yingmeipack.com\/?post_type=product&#038;p=595"},"modified":"2022-11-25T07:58:01","modified_gmt":"2022-11-25T07:58:01","slug":"oval-empty-plastic-lip-balm-lipstick-tube-deodorant-container","status":"publish","type":"product","link":"https:\/\/yingmeipack.com\/de\/product\/oval-empty-plastic-lip-balm-lipstick-tube-deodorant-container\/","title":{"rendered":"Ovaler leerer Kunststoff Lippenbalsam Lippenstift Tube Deodorant Container"},"content":{"rendered":"","protected":false},"excerpt":{"rendered":"<p>Die ovalen Lippenbalsam-Beh\u00e4lter mit nat\u00fcrlichen Verschl\u00fcssen verf\u00fcgen \u00fcber ein geripptes Drehrad am Boden der R\u00f6hren, mit dem sich die Produkte sauber dosieren lassen. Das schlanke Design der ovalen Lippenpflegebeh\u00e4lter macht sie perfekt f\u00fcr den Transport in Geldb\u00f6rsen, Taschen und Reisekoffern. W\u00e4hlen Sie diese nat\u00fcrlichen ovalen Lippenpflegebeh\u00e4lter f\u00fcr Produkte wie Lippenbalsam, Sonnenschutzmittel, Kosmetika, Parf\u00fcm und vieles mehr. Diese Lippenbalsamr\u00f6hrchen sind mit dem ovalen Lippenbalsam-Einf\u00fcllbeh\u00e4lter kompatibel.<br \/>\n1. Beh\u00e4lter f\u00fcr Kosmetika<br \/>\n2. Polypropylen (PP) starker Kunststoff<br \/>\n3. Inklusive Schlauch und Kappe<br \/>\n4. Lippenbalsam in wei\u00dfer oder nat\u00fcrlicher Farbe erh\u00e4ltlich<br \/>\n5. Verwendung f\u00fcr Lippenbalsam und mehr!<\/p>","protected":false},"featured_media":596,"template":"","meta":{"_kad_post_transparent":"default","_kad_post_title":"","_kad_post_layout":"default","_kad_post_sidebar_id":"","_kad_post_content_style":"default","_kad_post_vertical_padding":"default","_kad_post_feature":"","_kad_post_feature_position":"","_kad_post_header":false,"_kad_post_footer":false,"jetpack_publicize_message":"","jetpack_publicize_feature_enabled":true,"jetpack_social_post_already_shared":false,"jetpack_social_options":{"image_generator_settings":{"template":"highway","default_image_id":0,"enabled":false},"version":2}},"product_brand":[],"product_cat":[45,42],"product_tag":[228,229,230,231],"class_list":{"0":"post-595","1":"product","2":"type-product","3":"status-publish","4":"has-post-thumbnail","6":"product_cat-lip-balm-roll-up-containers","7":"product_cat-lip-components","8":"product_tag-empty-lip-balm-tube","9":"product_tag-oval-lip-balm-tube","10":"product_tag-plastic-lip-balm-tube","11":"product_tag-plastic-lipstick-tube","13":"first","14":"instock","15":"shipping-taxable","16":"product-type-simple","17":"entry","18":"content-bg","19":"loop-entry"},"aioseo_notices":[],"jetpack_publicize_connections":[],"jetpack_sharing_enabled":true,"_links":{"self":[{"href":"https:\/\/yingmeipack.com\/de\/wp-json\/wp\/v2\/product\/595","targetHints":{"allow":["GET"]}}],"collection":[{"href":"https:\/\/yingmeipack.com\/de\/wp-json\/wp\/v2\/product"}],"about":[{"href":"https:\/\/yingmeipack.com\/de\/wp-json\/wp\/v2\/types\/product"}],"version-history":[{"count":1,"href":"https:\/\/yingmeipack.com\/de\/wp-json\/wp\/v2\/product\/595\/revisions"}],"predecessor-version":[{"id":602,"href":"https:\/\/yingmeipack.com\/de\/wp-json\/wp\/v2\/product\/595\/revisions\/602"}],"wp:featuredmedia":[{"embeddable":true,"href":"https:\/\/yingmeipack.com\/de\/wp-json\/wp\/v2\/media\/596"}],"wp:attachment":[{"href":"https:\/\/yingmeipack.com\/de\/wp-json\/wp\/v2\/media?parent=595"}],"wp:term":[{"taxonomy":"product_brand","embeddable":true,"href":"https:\/\/yingmeipack.com\/de\/wp-json\/wp\/v2\/product_brand?post=595"},{"taxonomy":"product_cat","embeddable":true,"href":"https:\/\/yingmeipack.com\/de\/wp-json\/wp\/v2\/product_cat?post=595"},{"taxonomy":"product_tag","embeddable":true,"href":"https:\/\/yingmeipack.com\/de\/wp-json\/wp\/v2\/product_tag?post=595"}],"curies":[{"name":"wp","href":"https:\/\/api.w.org\/{rel}","templated":true}]}}