{"id":586,"date":"2022-11-25T02:45:02","date_gmt":"2022-11-25T02:45:02","guid":{"rendered":"https:\/\/yingmeipack.com\/?post_type=product&#038;p=586"},"modified":"2025-06-05T09:23:44","modified_gmt":"2025-06-05T09:23:44","slug":"130ml-gold-aluminum-tin-jar-with-screw-lid-and-blank-labels","status":"publish","type":"product","link":"https:\/\/yingmeipack.com\/de\/product\/130ml-gold-aluminum-tin-jar-with-screw-lid-and-blank-labels\/","title":{"rendered":"130ml Gold-Aluminium-Dosenglas mit Schraubdeckel und Blanko-Etiketten"},"content":{"rendered":"","protected":false},"excerpt":{"rendered":"<p>Paket: Enth\u00e4lt 24 St\u00fcck stilvolle goldfarbene runde Dosen mit Schraubverschluss, verpackt in leicht zu \u00f6ffnenden Schachteln. Gro\u00dfpackung erf\u00fcllt Ihre Mehrzweckzwecke.<br \/>\nGr\u00f6\u00dfe: Ma\u00dfe: 60 mm Durchmesser, 43 mm H\u00f6he, Fassungsverm\u00f6gen: 4,3 oz. \/ 130 ml<br \/>\nMaterial: Hergestellt aus Aluminium, leicht, aber langlebig, einfach zu tragen.<br \/>\nSchraubgewinde-Deckel: Der dicht schlie\u00dfende Schraubdeckel verhindert das Risiko des Auslaufens oder Schmelzens und sch\u00fctzt Ihre Produkte vor Lichteinwirkung und hohen Temperaturen.<br \/>\nVielseitige Verwendungsm\u00f6glichkeiten: Gro\u00dfartige Beh\u00e4lter f\u00fcr Lippenbalsam, Lipgloss, Cremes, Kosmetika, Salbe, Pillen, Perlen, Schrauben, S\u00fc\u00dfigkeiten, Kn\u00f6pfe, M\u00fcnzen, Kr\u00e4uter, Kerzen und vieles mehr.<\/p>","protected":false},"featured_media":587,"template":"","meta":{"_kad_post_transparent":"default","_kad_post_title":"","_kad_post_layout":"default","_kad_post_sidebar_id":"","_kad_post_content_style":"default","_kad_post_vertical_padding":"default","_kad_post_feature":"","_kad_post_feature_position":"","_kad_post_header":false,"_kad_post_footer":false,"jetpack_publicize_message":"","jetpack_publicize_feature_enabled":true,"jetpack_social_post_already_shared":false,"jetpack_social_options":{"image_generator_settings":{"template":"highway","default_image_id":0,"enabled":false},"version":2}},"product_brand":[],"product_cat":[28,24,27],"product_tag":[227,64,67,225,226],"class_list":{"0":"post-586","1":"product","2":"type-product","3":"status-publish","4":"has-post-thumbnail","6":"product_cat-aluminum-jars","7":"product_cat-jars","8":"product_cat-metal-jars","9":"product_tag-130ml-aluminum-jar","10":"product_tag-gold-aluminum-jar","11":"product_tag-gold-aluminum-tin","12":"product_tag-gold-aluminum-tin-jar-with-screw-lid","13":"product_tag-screw-lid-aluminum-tin","15":"first","16":"instock","17":"shipping-taxable","18":"purchasable","19":"product-type-simple","20":"entry","21":"content-bg","22":"loop-entry"},"aioseo_notices":[],"jetpack_publicize_connections":[],"jetpack_sharing_enabled":true,"_links":{"self":[{"href":"https:\/\/yingmeipack.com\/de\/wp-json\/wp\/v2\/product\/586","targetHints":{"allow":["GET"]}}],"collection":[{"href":"https:\/\/yingmeipack.com\/de\/wp-json\/wp\/v2\/product"}],"about":[{"href":"https:\/\/yingmeipack.com\/de\/wp-json\/wp\/v2\/types\/product"}],"version-history":[{"count":1,"href":"https:\/\/yingmeipack.com\/de\/wp-json\/wp\/v2\/product\/586\/revisions"}],"predecessor-version":[{"id":594,"href":"https:\/\/yingmeipack.com\/de\/wp-json\/wp\/v2\/product\/586\/revisions\/594"}],"wp:featuredmedia":[{"embeddable":true,"href":"https:\/\/yingmeipack.com\/de\/wp-json\/wp\/v2\/media\/587"}],"wp:attachment":[{"href":"https:\/\/yingmeipack.com\/de\/wp-json\/wp\/v2\/media?parent=586"}],"wp:term":[{"taxonomy":"product_brand","embeddable":true,"href":"https:\/\/yingmeipack.com\/de\/wp-json\/wp\/v2\/product_brand?post=586"},{"taxonomy":"product_cat","embeddable":true,"href":"https:\/\/yingmeipack.com\/de\/wp-json\/wp\/v2\/product_cat?post=586"},{"taxonomy":"product_tag","embeddable":true,"href":"https:\/\/yingmeipack.com\/de\/wp-json\/wp\/v2\/product_tag?post=586"}],"curies":[{"name":"wp","href":"https:\/\/api.w.org\/{rel}","templated":true}]}}