{"id":580,"date":"2022-11-25T02:18:09","date_gmt":"2022-11-25T02:18:09","guid":{"rendered":"https:\/\/yingmeipack.com\/?post_type=product&#038;p=580"},"modified":"2022-11-25T02:43:24","modified_gmt":"2022-11-25T02:43:24","slug":"25oz-750ml-screw-top-lid-round-aluminum-cans-tin-containers","status":"publish","type":"product","link":"https:\/\/yingmeipack.com\/de\/product\/25oz-750ml-screw-top-lid-round-aluminum-cans-tin-containers\/","title":{"rendered":"25oz 750ml Schraubdeckel Runde Aluminium Dosen Zinn Beh\u00e4lter"},"content":{"rendered":"","protected":false},"excerpt":{"rendered":"<p>Gro\u00dfes Fassungsverm\u00f6gen, es ist 750ml\/25oz, die Dimension ist 93*116 mm.<br \/>\nL\u00e4sst sich bequem in der Tasche oder im Portemonnaie verstauen und unterwegs leicht transportieren.<br \/>\nErh\u00e4ltlich in der Farbe Silber und sind nicht durchsichtig, um Ihre Artikel zu halten, halten Sie Ihre Gew\u00fcrze, Kaffee &amp; Tee oder andere Materialien frisch und gesch\u00fctzt.<br \/>\nUnser Airtight Jar ist aus einer hochwertigen Aluminiumlegierung gefertigt. Er ist besonders dick, damit er St\u00f6\u00dfen und St\u00fcrzen standh\u00e4lt und Ihre Waren auch unterwegs sicher aufbewahrt.<br \/>\nMachen Sie sich keine Sorgen \u00fcber Ger\u00fcche, die aus diesem Gef\u00e4\u00df kommen. Es h\u00e4lt das Innere sicher. Perfekt f\u00fcr die Aufbewahrung von stark riechenden Gegenst\u00e4nden.<br \/>\nWir arbeiten immer hart daran, 100% Ihre Zufriedenheit zu erf\u00fcllen. Wenn Sie irgendwelche Probleme oder Bedenken haben, z\u00f6gern Sie nicht, uns zu erreichen und unsere freundliche Kundenbetreuung steht Ihnen zur Verf\u00fcgung.<\/p>","protected":false},"featured_media":581,"template":"","meta":{"_kad_post_transparent":"default","_kad_post_title":"","_kad_post_layout":"default","_kad_post_sidebar_id":"","_kad_post_content_style":"default","_kad_post_vertical_padding":"default","_kad_post_feature":"","_kad_post_feature_position":"","_kad_post_header":false,"_kad_post_footer":false,"jetpack_publicize_message":"","jetpack_publicize_feature_enabled":true,"jetpack_social_post_already_shared":false,"jetpack_social_options":{"image_generator_settings":{"template":"highway","default_image_id":0,"enabled":false},"version":2}},"product_brand":[],"product_cat":[28,24,27],"product_tag":[223,224,208,207],"class_list":{"0":"post-580","1":"product","2":"type-product","3":"status-publish","4":"has-post-thumbnail","6":"product_cat-aluminum-jars","7":"product_cat-jars","8":"product_cat-metal-jars","9":"product_tag-25oz-round-aluminum-cans","10":"product_tag-750ml-round-aluminum-cans","11":"product_tag-round-aluminum-containers","12":"product_tag-round-aluminum-tins","14":"first","15":"instock","16":"shipping-taxable","17":"product-type-simple","18":"entry","19":"content-bg","20":"loop-entry"},"aioseo_notices":[],"jetpack_publicize_connections":[],"jetpack_sharing_enabled":true,"_links":{"self":[{"href":"https:\/\/yingmeipack.com\/de\/wp-json\/wp\/v2\/product\/580","targetHints":{"allow":["GET"]}}],"collection":[{"href":"https:\/\/yingmeipack.com\/de\/wp-json\/wp\/v2\/product"}],"about":[{"href":"https:\/\/yingmeipack.com\/de\/wp-json\/wp\/v2\/types\/product"}],"version-history":[{"count":1,"href":"https:\/\/yingmeipack.com\/de\/wp-json\/wp\/v2\/product\/580\/revisions"}],"predecessor-version":[{"id":585,"href":"https:\/\/yingmeipack.com\/de\/wp-json\/wp\/v2\/product\/580\/revisions\/585"}],"wp:featuredmedia":[{"embeddable":true,"href":"https:\/\/yingmeipack.com\/de\/wp-json\/wp\/v2\/media\/581"}],"wp:attachment":[{"href":"https:\/\/yingmeipack.com\/de\/wp-json\/wp\/v2\/media?parent=580"}],"wp:term":[{"taxonomy":"product_brand","embeddable":true,"href":"https:\/\/yingmeipack.com\/de\/wp-json\/wp\/v2\/product_brand?post=580"},{"taxonomy":"product_cat","embeddable":true,"href":"https:\/\/yingmeipack.com\/de\/wp-json\/wp\/v2\/product_cat?post=580"},{"taxonomy":"product_tag","embeddable":true,"href":"https:\/\/yingmeipack.com\/de\/wp-json\/wp\/v2\/product_tag?post=580"}],"curies":[{"name":"wp","href":"https:\/\/api.w.org\/{rel}","templated":true}]}}