{"id":572,"date":"2022-11-24T13:58:44","date_gmt":"2022-11-24T13:58:44","guid":{"rendered":"https:\/\/yingmeipack.com\/?post_type=product&#038;p=572"},"modified":"2022-11-25T02:15:10","modified_gmt":"2022-11-25T02:15:10","slug":"reusable-plastic-empty-portable-compact-case-with-mirror","status":"publish","type":"product","link":"https:\/\/yingmeipack.com\/de\/product\/reusable-plastic-empty-portable-compact-case-with-mirror\/","title":{"rendered":"Wiederverwendbare, leere, tragbare Kompakttasche aus Kunststoff mit Spiegel"},"content":{"rendered":"","protected":false},"excerpt":{"rendered":"<p>Leicht und d\u00fcnn - Die Dicke des Reisepuderbeh\u00e4lters betr\u00e4gt nur 0,59 Zoll. Die entsprechende Mini-Gr\u00f6\u00dfe ist ideal f\u00fcr die Verpackung Pulver in Ihrem Kulturbeutel oder Tasche. Es ist bequem f\u00fcr Make-up zu jeder Zeit mit High-Definition-Spiegeln.Es gibt einen Film auf dem Spiegel, um Kratzer zu verhindern, bitte rei\u00dfen Sie es vor dem Gebrauch ab.<br \/>\nPraktisch im Gebrauch - Die leeren, losen Puderdosen haben eine breite \u00d6ffnung zum einfachen Bef\u00fcllen und sind mit einem elastischen Netzsieb ausgestattet. Sie brauchen das elastische Sieb nicht zu sch\u00fctteln, sondern nur leicht zu dr\u00fccken, um das Pulver aufzunehmen. Es kann effektiv mehr Puder sparen.<br \/>\nEinfacher Weg f\u00fcr Foundation - Sie brauchen nur etwas Puder aufzutragen und leicht und gleichm\u00e4\u00dfig auf Ihr Gesicht zu klopfen, und schon ist die Foundation fertig. Sie k\u00f6nnen Make-up unterwegs auftragen. Unser Make-up Puderquasten sind aus Baumwolle, es ist weich, atmungsaktiv und waschbar, es nicht absorbieren Ihre Stiftung.<br \/>\nAuslaufsicher: Pulverbeh\u00e4lter mit Puff und Anti-Leck-Design, stellen Sie sicher, dass Sie sicher und bequem zu tragen. Die Kapazit\u00e4t ist 5ml\/0.17oz, die Gr\u00f6\u00dfe ist 3inch (Durchmesser) \u00d7 0.63inch (H\u00f6he), ideal f\u00fcr Reisezwecke.<br \/>\nVielf\u00e4ltige Verwendungsm\u00f6glichkeiten: Make-up-Puderbeh\u00e4lter dient als n\u00fctzliches Werkzeug, um Kosmetika aufzubewahren oder Ihren eigenen Puder zu mischen, ideal f\u00fcr losen Puder, Glitter, Rouge, etc. Wenn Sie irgendwelche Fragen haben, kontaktieren Sie uns bitte zuerst, wir bieten 24\/7 Kundenservice, wir bieten ein Jahr kostenlosen Ersatz-Service auf alle unsere Artikel.<\/p>","protected":false},"featured_media":573,"template":"","meta":{"_kad_post_transparent":"default","_kad_post_title":"","_kad_post_layout":"default","_kad_post_sidebar_id":"","_kad_post_content_style":"default","_kad_post_vertical_padding":"default","_kad_post_feature":"","_kad_post_feature_position":"","_kad_post_header":false,"_kad_post_footer":false,"jetpack_publicize_message":"","jetpack_publicize_feature_enabled":true,"jetpack_social_post_already_shared":false,"jetpack_social_options":{"image_generator_settings":{"template":"highway","default_image_id":0,"enabled":false},"version":2}},"product_brand":[],"product_cat":[37],"product_tag":[219,218,221,222,220],"class_list":{"0":"post-572","1":"product","2":"type-product","3":"status-publish","4":"has-post-thumbnail","6":"product_cat-compacts","7":"product_tag-compact-case-with-mirror","8":"product_tag-empty-compact-case","9":"product_tag-plastic-compact-case","10":"product_tag-portable-compact-case","11":"product_tag-reusable-compact-case","13":"first","14":"instock","15":"shipping-taxable","16":"product-type-simple","17":"entry","18":"content-bg","19":"loop-entry"},"aioseo_notices":[],"jetpack_publicize_connections":[],"jetpack_sharing_enabled":true,"_links":{"self":[{"href":"https:\/\/yingmeipack.com\/de\/wp-json\/wp\/v2\/product\/572","targetHints":{"allow":["GET"]}}],"collection":[{"href":"https:\/\/yingmeipack.com\/de\/wp-json\/wp\/v2\/product"}],"about":[{"href":"https:\/\/yingmeipack.com\/de\/wp-json\/wp\/v2\/types\/product"}],"version-history":[{"count":1,"href":"https:\/\/yingmeipack.com\/de\/wp-json\/wp\/v2\/product\/572\/revisions"}],"predecessor-version":[{"id":579,"href":"https:\/\/yingmeipack.com\/de\/wp-json\/wp\/v2\/product\/572\/revisions\/579"}],"wp:featuredmedia":[{"embeddable":true,"href":"https:\/\/yingmeipack.com\/de\/wp-json\/wp\/v2\/media\/573"}],"wp:attachment":[{"href":"https:\/\/yingmeipack.com\/de\/wp-json\/wp\/v2\/media?parent=572"}],"wp:term":[{"taxonomy":"product_brand","embeddable":true,"href":"https:\/\/yingmeipack.com\/de\/wp-json\/wp\/v2\/product_brand?post=572"},{"taxonomy":"product_cat","embeddable":true,"href":"https:\/\/yingmeipack.com\/de\/wp-json\/wp\/v2\/product_cat?post=572"},{"taxonomy":"product_tag","embeddable":true,"href":"https:\/\/yingmeipack.com\/de\/wp-json\/wp\/v2\/product_tag?post=572"}],"curies":[{"name":"wp","href":"https:\/\/api.w.org\/{rel}","templated":true}]}}