{"id":562,"date":"2022-11-24T07:57:03","date_gmt":"2022-11-24T07:57:03","guid":{"rendered":"https:\/\/yingmeipack.com\/?post_type=product&#038;p=562"},"modified":"2022-11-24T13:50:38","modified_gmt":"2022-11-24T13:50:38","slug":"bpa-free-clear-pet-plastic-refillable-jar-tin-with-gold-lid","status":"publish","type":"product","link":"https:\/\/yingmeipack.com\/de\/product\/bpa-free-clear-pet-plastic-refillable-jar-tin-with-gold-lid\/","title":{"rendered":"BPA-freie klare PET-Kunststoffdose mit goldenem Deckel zum Nachf\u00fcllen"},"content":{"rendered":"","protected":false},"excerpt":{"rendered":"<p>Abmessungen: Kustosierbar.<br \/>\nJedes Glas hat einen wundersch\u00f6nen goldenen, mit Schaumstoff ausgekleideten Deckel, der eine luft-, geruchs- und wasserdichte Versiegelung gew\u00e4hrleistet, um ein Auslaufen oder Versch\u00fctten zu verhindern.<br \/>\nDer hohe Tiegel mit gerader Seite macht den Inhalt leicht zug\u00e4nglich - ideal f\u00fcr K\u00f6rperlotionen, Balsame, Buttersorten und Peelings.<br \/>\nUnsere PET-Kunststoffgef\u00e4\u00dfe sind sto\u00dffest, leicht, vielseitig und ideal f\u00fcr eine Vielzahl von Anwendungen in den Bereichen Sch\u00f6nheitspflege, Hautpflege, Haushalt, K\u00fcche und wissenschaftliches Labor.<br \/>\nEin wundersch\u00f6nes Gef\u00e4\u00df f\u00fcr Ihre selbstgemachten Produkte, sch\u00f6n f\u00fcr Ihr Badezimmer, zum Verschenken und vor allem zum Weiterverkaufen.<\/p>","protected":false},"featured_media":563,"template":"","meta":{"_kad_post_transparent":"default","_kad_post_title":"","_kad_post_layout":"default","_kad_post_sidebar_id":"","_kad_post_content_style":"default","_kad_post_vertical_padding":"default","_kad_post_feature":"","_kad_post_feature_position":"","_kad_post_header":false,"_kad_post_footer":false,"jetpack_publicize_message":"","jetpack_publicize_feature_enabled":true,"jetpack_social_post_already_shared":false,"jetpack_social_options":{"image_generator_settings":{"template":"highway","default_image_id":0,"enabled":false},"version":2}},"product_brand":[],"product_cat":[19,24,20,25],"product_tag":[215,214,217,216],"class_list":{"0":"post-562","1":"product","2":"type-product","3":"status-publish","4":"has-post-thumbnail","6":"product_cat-bottles","7":"product_cat-jars","8":"product_cat-plastic-bottles","9":"product_cat-plastic-jars","10":"product_tag-bpa-free-pet-plastic-jars","11":"product_tag-clear-pet-plastic-jars","12":"product_tag-plastic-jar-with-gold-lid","13":"product_tag-refillable-plastic-jar","15":"first","16":"instock","17":"shipping-taxable","18":"product-type-simple","19":"entry","20":"content-bg","21":"loop-entry"},"aioseo_notices":[],"jetpack_publicize_connections":[],"jetpack_sharing_enabled":true,"_links":{"self":[{"href":"https:\/\/yingmeipack.com\/de\/wp-json\/wp\/v2\/product\/562","targetHints":{"allow":["GET"]}}],"collection":[{"href":"https:\/\/yingmeipack.com\/de\/wp-json\/wp\/v2\/product"}],"about":[{"href":"https:\/\/yingmeipack.com\/de\/wp-json\/wp\/v2\/types\/product"}],"version-history":[{"count":1,"href":"https:\/\/yingmeipack.com\/de\/wp-json\/wp\/v2\/product\/562\/revisions"}],"predecessor-version":[{"id":571,"href":"https:\/\/yingmeipack.com\/de\/wp-json\/wp\/v2\/product\/562\/revisions\/571"}],"wp:featuredmedia":[{"embeddable":true,"href":"https:\/\/yingmeipack.com\/de\/wp-json\/wp\/v2\/media\/563"}],"wp:attachment":[{"href":"https:\/\/yingmeipack.com\/de\/wp-json\/wp\/v2\/media?parent=562"}],"wp:term":[{"taxonomy":"product_brand","embeddable":true,"href":"https:\/\/yingmeipack.com\/de\/wp-json\/wp\/v2\/product_brand?post=562"},{"taxonomy":"product_cat","embeddable":true,"href":"https:\/\/yingmeipack.com\/de\/wp-json\/wp\/v2\/product_cat?post=562"},{"taxonomy":"product_tag","embeddable":true,"href":"https:\/\/yingmeipack.com\/de\/wp-json\/wp\/v2\/product_tag?post=562"}],"curies":[{"name":"wp","href":"https:\/\/api.w.org\/{rel}","templated":true}]}}