{"id":548,"date":"2022-11-24T02:33:45","date_gmt":"2022-11-24T02:33:45","guid":{"rendered":"https:\/\/yingmeipack.com\/?post_type=product&#038;p=548"},"modified":"2025-06-13T02:35:39","modified_gmt":"2025-06-13T02:35:39","slug":"250ml-screw-top-lid-jars-round-aluminum-tin-container-cans","status":"publish","type":"product","link":"https:\/\/yingmeipack.com\/de\/product\/250ml-screw-top-lid-jars-round-aluminum-tin-container-cans\/","title":{"rendered":"250ml Schraubdeckel Gl\u00e4ser Runde Aluminium Zinn Container Dosen"},"content":{"rendered":"","protected":false},"excerpt":{"rendered":"<p>Diese 250ml Dosen geh\u00f6ren zu den gr\u00f6\u00dferen Dosen, die in unserem Webshop erh\u00e4ltlich sind. Mit einem Durchmesser von 100 mm und einer H\u00f6he von 42 mm fassen diese leeren Dosen ein gro\u00dfes Volumen, sind aber dennoch relativ kompakt in ihrer Gr\u00f6\u00dfe. Alle unsere kleinen Metalldosen werden aus einem einzigen Blech aus hochwertigem Aluminium hergestellt. Dadurch sind unsere nahtlosen Dosen 100% sowohl lebensmittelecht als auch BPA-frei. Dieses Modell von Metalldosen wird h\u00e4ufig in der Kosmetik-, Lebensmittel- und Medizinbranche verwendet. Mit ihrem EPE-Innenfutter verhindern diese Dosen das Eindringen von Luft und Feuchtigkeit. So ist Ihre Ware unabh\u00e4ngig von der Umgebung optimal gesch\u00fctzt.<br \/>\nMit ihren Schraubdeckeln lassen sich diese Dosen leicht \u00f6ffnen und schlie\u00dfen. So k\u00f6nnen Sie Ihr Verpackungsmaterial mehrfach \u00f6ffnen und schlie\u00dfen, ohne dass es zu Qualit\u00e4tseinbu\u00dfen kommt. Unsere kleinen Metallbeh\u00e4lter sind dar\u00fcber hinaus mit gerollten Kanten versehen. Dadurch gibt es keine scharfen Kanten, was sie f\u00fcr den t\u00e4glichen Gebrauch sicher macht. Mit ihrer relativ gro\u00dfen Gr\u00f6\u00dfe eignen sich diese Blechdosen hervorragend zur Aufbewahrung von Kosmetika oder Lebensmitteln wie Keksen, Bonbons, Kr\u00e4utern oder Tee.<\/p>\n<div style=\"width: 1280px;\" class=\"wp-video\"><!--[if lt IE 9]><script>document.createElement('video');<\/script><![endif]--><br \/>\n<video class=\"wp-video-shortcode\" id=\"video-548-1\" width=\"1280\" height=\"720\" loop autoplay preload=\"metadata\" controls=\"controls\"><source type=\"video\/mp4\" src=\"http:\/\/yingmeipack.com\/wp-content\/uploads\/2022\/11\/Aluminum-Cosmetics-Jar.mp4?_=1\" \/><a href=\"http:\/\/yingmeipack.com\/wp-content\/uploads\/2022\/11\/Aluminum-Cosmetics-Jar.mp4\">http:\/\/yingmeipack.com\/wp-content\/uploads\/2022\/11\/Aluminum-Cosmetics-Jar.mp4<\/a><\/video><\/div>","protected":false},"featured_media":549,"template":"","meta":{"_kad_post_transparent":"default","_kad_post_title":"","_kad_post_layout":"default","_kad_post_sidebar_id":"","_kad_post_content_style":"default","_kad_post_vertical_padding":"default","_kad_post_feature":"","_kad_post_feature_position":"","_kad_post_header":false,"_kad_post_footer":false,"jetpack_publicize_message":"","jetpack_publicize_feature_enabled":true,"jetpack_social_post_already_shared":false,"jetpack_social_options":{"image_generator_settings":{"template":"highway","default_image_id":0,"enabled":false},"version":2}},"product_brand":[],"product_cat":[28,24,27],"product_tag":[206,209,208,207],"class_list":{"0":"post-548","1":"product","2":"type-product","3":"status-publish","4":"has-post-thumbnail","6":"product_cat-aluminum-jars","7":"product_cat-jars","8":"product_cat-metal-jars","9":"product_tag-250ml-screw-top-tins","10":"product_tag-round-aluminum-cans","11":"product_tag-round-aluminum-containers","12":"product_tag-round-aluminum-tins","14":"first","15":"instock","16":"shipping-taxable","17":"purchasable","18":"product-type-simple","19":"entry","20":"content-bg","21":"loop-entry"},"aioseo_notices":[],"jetpack_publicize_connections":[],"jetpack_sharing_enabled":true,"_links":{"self":[{"href":"https:\/\/yingmeipack.com\/de\/wp-json\/wp\/v2\/product\/548","targetHints":{"allow":["GET"]}}],"collection":[{"href":"https:\/\/yingmeipack.com\/de\/wp-json\/wp\/v2\/product"}],"about":[{"href":"https:\/\/yingmeipack.com\/de\/wp-json\/wp\/v2\/types\/product"}],"version-history":[{"count":1,"href":"https:\/\/yingmeipack.com\/de\/wp-json\/wp\/v2\/product\/548\/revisions"}],"predecessor-version":[{"id":553,"href":"https:\/\/yingmeipack.com\/de\/wp-json\/wp\/v2\/product\/548\/revisions\/553"}],"wp:featuredmedia":[{"embeddable":true,"href":"https:\/\/yingmeipack.com\/de\/wp-json\/wp\/v2\/media\/549"}],"wp:attachment":[{"href":"https:\/\/yingmeipack.com\/de\/wp-json\/wp\/v2\/media?parent=548"}],"wp:term":[{"taxonomy":"product_brand","embeddable":true,"href":"https:\/\/yingmeipack.com\/de\/wp-json\/wp\/v2\/product_brand?post=548"},{"taxonomy":"product_cat","embeddable":true,"href":"https:\/\/yingmeipack.com\/de\/wp-json\/wp\/v2\/product_cat?post=548"},{"taxonomy":"product_tag","embeddable":true,"href":"https:\/\/yingmeipack.com\/de\/wp-json\/wp\/v2\/product_tag?post=548"}],"curies":[{"name":"wp","href":"https:\/\/api.w.org\/{rel}","templated":true}]}}