{"id":539,"date":"2022-11-24T02:14:52","date_gmt":"2022-11-24T02:14:52","guid":{"rendered":"https:\/\/yingmeipack.com\/?post_type=product&#038;p=539"},"modified":"2022-11-24T02:31:27","modified_gmt":"2022-11-24T02:31:27","slug":"210ml-empty-refillable-reusable-mist-spray-transparent-bottle","status":"publish","type":"product","link":"https:\/\/yingmeipack.com\/de\/product\/210ml-empty-refillable-reusable-mist-spray-transparent-bottle\/","title":{"rendered":"210ml Leere wiederbef\u00fcllbare wiederverwendbare Nebelsprayflasche Transparent"},"content":{"rendered":"","protected":false},"excerpt":{"rendered":"<p>Unsere leere PET-Spr\u00fchflasche ist 100% BPA-frei. Sie ist recycelbar, wiederverwendbar und sicher f\u00fcr die Umwelt. Es handelt sich um eine transparente PET-Flasche mit wei\u00dfem PP-Spr\u00fchkopf und einem Fassungsverm\u00f6gen von 210 ml. Diese Flasche ist aufgrund ihrer kompakten Gr\u00f6\u00dfe sehr handlich und leicht zu transportieren. Dieses Produkt eignet sich f\u00fcr alle Ihre t\u00e4glichen Aktivit\u00e4ten, von der Verwendung als Handdesinfektionsmittel bis hin zur Aufbewahrung von Medikamenten usw. Man kann es in der Tasche, im Portemonnaie, in der Hosentasche usw. mit sich f\u00fchren und es auch zu Hause f\u00fcr die Betreuung von G\u00e4sten verwenden. Diese Spr\u00fchflasche ist ideal f\u00fcr Haus, Bad, K\u00fcche, Aromatherapie und Reisen. Dieses Produkt kann auch f\u00fcr die Aufbewahrung und Verwendung von medizinischem Alkohol, \u00e4therischen \u00d6len, alkoholischen Handdesinfektionsmitteln, Sch\u00f6nheitsprodukten, Haarspray, Reinigungsmitteln, \u00d6len zum Kochen und zur K\u00f6rperpflege verwendet werden.<\/p>","protected":false},"featured_media":541,"template":"","meta":{"_kad_post_transparent":"default","_kad_post_title":"","_kad_post_layout":"default","_kad_post_sidebar_id":"","_kad_post_content_style":"default","_kad_post_vertical_padding":"default","_kad_post_feature":"","_kad_post_feature_position":"","_kad_post_header":false,"_kad_post_footer":false,"jetpack_publicize_message":"","jetpack_publicize_feature_enabled":true,"jetpack_social_post_already_shared":false,"jetpack_social_options":{"image_generator_settings":{"template":"highway","default_image_id":0,"enabled":false},"version":2}},"product_brand":[],"product_cat":[19,20],"product_tag":[205,203,204,202,201],"class_list":{"0":"post-539","1":"product","2":"type-product","3":"status-publish","4":"has-post-thumbnail","6":"product_cat-bottles","7":"product_cat-plastic-bottles","8":"product_tag-210ml-spray-bottle","9":"product_tag-empty-mist-spray-bottle","10":"product_tag-refillable-mist-spray-bottle","11":"product_tag-spray-bottle","12":"product_tag-spray-transparent-bottle","14":"first","15":"instock","16":"shipping-taxable","17":"product-type-simple","18":"entry","19":"content-bg","20":"loop-entry"},"aioseo_notices":[],"jetpack_publicize_connections":[],"jetpack_sharing_enabled":true,"_links":{"self":[{"href":"https:\/\/yingmeipack.com\/de\/wp-json\/wp\/v2\/product\/539","targetHints":{"allow":["GET"]}}],"collection":[{"href":"https:\/\/yingmeipack.com\/de\/wp-json\/wp\/v2\/product"}],"about":[{"href":"https:\/\/yingmeipack.com\/de\/wp-json\/wp\/v2\/types\/product"}],"version-history":[{"count":1,"href":"https:\/\/yingmeipack.com\/de\/wp-json\/wp\/v2\/product\/539\/revisions"}],"predecessor-version":[{"id":547,"href":"https:\/\/yingmeipack.com\/de\/wp-json\/wp\/v2\/product\/539\/revisions\/547"}],"wp:featuredmedia":[{"embeddable":true,"href":"https:\/\/yingmeipack.com\/de\/wp-json\/wp\/v2\/media\/541"}],"wp:attachment":[{"href":"https:\/\/yingmeipack.com\/de\/wp-json\/wp\/v2\/media?parent=539"}],"wp:term":[{"taxonomy":"product_brand","embeddable":true,"href":"https:\/\/yingmeipack.com\/de\/wp-json\/wp\/v2\/product_brand?post=539"},{"taxonomy":"product_cat","embeddable":true,"href":"https:\/\/yingmeipack.com\/de\/wp-json\/wp\/v2\/product_cat?post=539"},{"taxonomy":"product_tag","embeddable":true,"href":"https:\/\/yingmeipack.com\/de\/wp-json\/wp\/v2\/product_tag?post=539"}],"curies":[{"name":"wp","href":"https:\/\/api.w.org\/{rel}","templated":true}]}}