{"id":515,"date":"2022-11-23T08:13:09","date_gmt":"2022-11-23T08:13:09","guid":{"rendered":"https:\/\/yingmeipack.com\/?post_type=product&#038;p=515"},"modified":"2022-11-23T12:43:23","modified_gmt":"2022-11-23T12:43:23","slug":"custom-130ml-empty-green-plastic-cosmetic-jar-lotion-bottle","status":"publish","type":"product","link":"https:\/\/yingmeipack.com\/de\/product\/custom-130ml-empty-green-plastic-cosmetic-jar-lotion-bottle\/","title":{"rendered":"Benutzerdefinierte 130ml leeren gr\u00fcnen Kunststoff-Kosmetik-Glas Lotion Flasche"},"content":{"rendered":"","protected":false},"excerpt":{"rendered":"<p>Abmessungen: H\u00f6he - 34 mm x Durchmesser - 70 mm.<br \/>\nVielseitige Aufbewahrung f\u00fcr alles, was Sie in einem luftdichten Gef\u00e4\u00df aufbewahren m\u00f6chten! Diese Gl\u00e4ser k\u00f6nnen alles!<br \/>\nAIRTIGHT, LEAK PROOF, SMELL PROOF die pr\u00e4zise Passform dieser Dosen ist ideal f\u00fcr kosmetische und pers\u00f6nliche Zwecke.<br \/>\nNachf\u00fcllbare Gl\u00e4ser sind leicht zu reinigen, wiederzuverwenden und zu recyceln.<br \/>\nDark Green verhindert, dass lichtempfindliche Produkte durch Sonnenlicht besch\u00e4digt werden.<\/p>\n<p>Wenn Sie auf der Suche nach einer L\u00f6sung f\u00fcr Ihre Aufbewahrungsprobleme sind, ist dies genau der richtige Beh\u00e4lter f\u00fcr Sie. Dieser hochwertige Kunststoffbeh\u00e4lter ist sp\u00fclmaschinen- und mikrowellenfest. Der leicht zu \u00f6ffnende und zu verwendende K\u00f6rper des Beh\u00e4lters hilft Ihnen, den Inhalt leicht zu identifizieren, was ihn zu einem praktischen Aufbewahrungsbeh\u00e4lter f\u00fcr Ihre K\u00fcche macht. Der Beh\u00e4lter bewahrt die Frische Ihrer Lebensmittel und h\u00e4lt sie frei von Ger\u00fcchen. Mit ihrem leichten und luftdichten Deckel ist sie eine reisefreundliche Box. Die Box wird von uns hergestellt, um Ihnen die Qualit\u00e4t des Produkts zu garantieren. Kaufen Sie mit Vertrauen bei uns ein, denn wir verkaufen alle 45 Sekunden einen Einrichtungsgegenstand, was uns zu Indiens f\u00fchrendem Ziel f\u00fcr M\u00f6bel und Heimtextilien macht.<\/p>","protected":false},"featured_media":516,"template":"","meta":{"_kad_post_transparent":"default","_kad_post_title":"","_kad_post_layout":"default","_kad_post_sidebar_id":"","_kad_post_content_style":"default","_kad_post_vertical_padding":"default","_kad_post_feature":"","_kad_post_feature_position":"","_kad_post_header":false,"_kad_post_footer":false,"jetpack_publicize_message":"","jetpack_publicize_feature_enabled":true,"jetpack_social_post_already_shared":false,"jetpack_social_options":{"image_generator_settings":{"template":"highway","default_image_id":0,"enabled":false},"version":2}},"product_brand":[],"product_cat":[19,24,20,25],"product_tag":[193,190,191,192],"class_list":{"0":"post-515","1":"product","2":"type-product","3":"status-publish","4":"has-post-thumbnail","6":"product_cat-bottles","7":"product_cat-jars","8":"product_cat-plastic-bottles","9":"product_cat-plastic-jars","10":"product_tag-130ml-plastic-jar","11":"product_tag-empty-green-plastic-cosmetic-jar","12":"product_tag-empty-plastic-cosmetic-jar","13":"product_tag-green-plastic-cosmetic-jar","15":"first","16":"instock","17":"shipping-taxable","18":"product-type-simple","19":"entry","20":"content-bg","21":"loop-entry"},"aioseo_notices":[],"jetpack_publicize_connections":[],"jetpack_sharing_enabled":true,"_links":{"self":[{"href":"https:\/\/yingmeipack.com\/de\/wp-json\/wp\/v2\/product\/515","targetHints":{"allow":["GET"]}}],"collection":[{"href":"https:\/\/yingmeipack.com\/de\/wp-json\/wp\/v2\/product"}],"about":[{"href":"https:\/\/yingmeipack.com\/de\/wp-json\/wp\/v2\/types\/product"}],"version-history":[{"count":1,"href":"https:\/\/yingmeipack.com\/de\/wp-json\/wp\/v2\/product\/515\/revisions"}],"predecessor-version":[{"id":522,"href":"https:\/\/yingmeipack.com\/de\/wp-json\/wp\/v2\/product\/515\/revisions\/522"}],"wp:featuredmedia":[{"embeddable":true,"href":"https:\/\/yingmeipack.com\/de\/wp-json\/wp\/v2\/media\/516"}],"wp:attachment":[{"href":"https:\/\/yingmeipack.com\/de\/wp-json\/wp\/v2\/media?parent=515"}],"wp:term":[{"taxonomy":"product_brand","embeddable":true,"href":"https:\/\/yingmeipack.com\/de\/wp-json\/wp\/v2\/product_brand?post=515"},{"taxonomy":"product_cat","embeddable":true,"href":"https:\/\/yingmeipack.com\/de\/wp-json\/wp\/v2\/product_cat?post=515"},{"taxonomy":"product_tag","embeddable":true,"href":"https:\/\/yingmeipack.com\/de\/wp-json\/wp\/v2\/product_tag?post=515"}],"curies":[{"name":"wp","href":"https:\/\/api.w.org\/{rel}","templated":true}]}}