{"id":490,"date":"2022-11-22T15:18:19","date_gmt":"2022-11-22T15:18:19","guid":{"rendered":"https:\/\/yingmeipack.com\/?post_type=product&#038;p=490"},"modified":"2022-11-22T15:33:48","modified_gmt":"2022-11-22T15:33:48","slug":"clear-plastic-facial-toner-bottles-skincare-cream-container","status":"publish","type":"product","link":"https:\/\/yingmeipack.com\/de\/product\/clear-plastic-facial-toner-bottles-skincare-cream-container\/","title":{"rendered":"Klare Kunststoff-Gesichtswasser-Flaschen Hautpflege-Creme-Container"},"content":{"rendered":"","protected":false},"excerpt":{"rendered":"<p>Klare Kunststoffflaschen f\u00fcr Gesichtswasser sind mit einem Fassungsverm\u00f6gen von 16 oz f\u00fcr den t\u00e4glichen Gebrauch erh\u00e4ltlich und verf\u00fcgen \u00fcber eine Barriere gegen Sauerstoff und Feuchtigkeit sowie einen einger\u00fcckten Etikettierbereich, auf dem Ihr Logo und Ihre Produktinformationen gut sichtbar angebracht werden k\u00f6nnen. Diese klaren Kunststoffflaschen sind mit wei\u00dfen gerippten PE-Verschl\u00fcssen ausgestattet, die eine ausgezeichnete chemische Best\u00e4ndigkeit gegen S\u00e4uren, Laugen, L\u00f6sungsmittel, Alkohol, \u00d6l, Haushaltskosmetik und w\u00e4ssrige Produkte aufweisen. Diese modernen runden Kunststoffflaschen eignen sich f\u00fcr die Verpackung einer breiten Palette von K\u00f6rperpflegeprodukten.<\/p>\n<div style=\"width: 1290px;\" class=\"wp-video\"><!--[if lt IE 9]><script>document.createElement('video');<\/script><![endif]--><br \/>\n<video class=\"wp-video-shortcode\" id=\"video-490-1\" width=\"1290\" height=\"726\" loop autoplay preload=\"auto\" controls=\"controls\"><source type=\"video\/mp4\" src=\"http:\/\/yingmeipack.com\/wp-content\/uploads\/2022\/11\/Clear-Plastic-Bottles1..mp4?_=1\" \/><a href=\"http:\/\/yingmeipack.com\/wp-content\/uploads\/2022\/11\/Clear-Plastic-Bottles1..mp4\">http:\/\/yingmeipack.com\/wp-content\/uploads\/2022\/11\/Clear-Plastic-Bottles1..mp4<\/a><\/video><\/div>","protected":false},"featured_media":491,"template":"","meta":{"_kad_post_transparent":"default","_kad_post_title":"","_kad_post_layout":"default","_kad_post_sidebar_id":"","_kad_post_content_style":"default","_kad_post_vertical_padding":"default","_kad_post_feature":"","_kad_post_feature_position":"","_kad_post_header":false,"_kad_post_footer":false,"jetpack_publicize_message":"","jetpack_publicize_feature_enabled":true,"jetpack_social_post_already_shared":false,"jetpack_social_options":{"image_generator_settings":{"template":"highway","default_image_id":0,"enabled":false},"version":2}},"product_brand":[],"product_cat":[19,20],"product_tag":[185,182,183,184],"class_list":{"0":"post-490","1":"product","2":"type-product","3":"status-publish","4":"has-post-thumbnail","6":"product_cat-bottles","7":"product_cat-plastic-bottles","8":"product_tag-clear-cream-container","9":"product_tag-clear-plastic-bottles","10":"product_tag-clear-plastic-facial-bottles","11":"product_tag-plastic-cream-container","13":"first","14":"instock","15":"shipping-taxable","16":"product-type-simple","17":"entry","18":"content-bg","19":"loop-entry"},"aioseo_notices":[],"jetpack_publicize_connections":[],"jetpack_sharing_enabled":true,"_links":{"self":[{"href":"https:\/\/yingmeipack.com\/de\/wp-json\/wp\/v2\/product\/490","targetHints":{"allow":["GET"]}}],"collection":[{"href":"https:\/\/yingmeipack.com\/de\/wp-json\/wp\/v2\/product"}],"about":[{"href":"https:\/\/yingmeipack.com\/de\/wp-json\/wp\/v2\/types\/product"}],"version-history":[{"count":1,"href":"https:\/\/yingmeipack.com\/de\/wp-json\/wp\/v2\/product\/490\/revisions"}],"predecessor-version":[{"id":497,"href":"https:\/\/yingmeipack.com\/de\/wp-json\/wp\/v2\/product\/490\/revisions\/497"}],"wp:featuredmedia":[{"embeddable":true,"href":"https:\/\/yingmeipack.com\/de\/wp-json\/wp\/v2\/media\/491"}],"wp:attachment":[{"href":"https:\/\/yingmeipack.com\/de\/wp-json\/wp\/v2\/media?parent=490"}],"wp:term":[{"taxonomy":"product_brand","embeddable":true,"href":"https:\/\/yingmeipack.com\/de\/wp-json\/wp\/v2\/product_brand?post=490"},{"taxonomy":"product_cat","embeddable":true,"href":"https:\/\/yingmeipack.com\/de\/wp-json\/wp\/v2\/product_cat?post=490"},{"taxonomy":"product_tag","embeddable":true,"href":"https:\/\/yingmeipack.com\/de\/wp-json\/wp\/v2\/product_tag?post=490"}],"curies":[{"name":"wp","href":"https:\/\/api.w.org\/{rel}","templated":true}]}}