{"id":474,"date":"2022-11-22T01:53:08","date_gmt":"2022-11-22T01:53:08","guid":{"rendered":"https:\/\/yingmeipack.com\/?post_type=product&#038;p=474"},"modified":"2022-11-22T02:04:36","modified_gmt":"2022-11-22T02:04:36","slug":"4oz-120ml-clear-plastic-straight-sided-round-plastic-jar","status":"publish","type":"product","link":"https:\/\/yingmeipack.com\/de\/product\/4oz-120ml-clear-plastic-straight-sided-round-plastic-jar\/","title":{"rendered":"4oz 120ml Klarer, gerader, runder Kunststofftopf"},"content":{"rendered":"","protected":false},"excerpt":{"rendered":"<p>Dieser durchsichtige Kunststoffbeh\u00e4lter wird mit einem wei\u00dfen Deckel geliefert und hat eine Gr\u00f6\u00dfe von 50*62 mm, sein Fassungsverm\u00f6gen betr\u00e4gt 40oz\/120ml. Diese Gl\u00e4ser sind aus BPA-freien und lebensmittelechten Materialien hergestellt. Sie sind sicher, zuverl\u00e4ssig, langlebig und wiederverwendbar, machen Sie sich keine Sorgen \u00fcber sch\u00e4dliche Giftstoffe. Sie sind die idealen Beh\u00e4lter f\u00fcr die Aufbewahrung zu Hause, in der K\u00fcche und in der Speisekammer. Sie k\u00f6nnen damit trockene Lebensmittel, Kaffeebohnen, Pulver, Salz, Zucker, Erdnussbutter, Honig, Kekse, Marmelade, Snacks, Badesalz, Kosmetik und Lotion aufbewahren. Breite \u00d6ffnung, bequem f\u00fcr Sie, um Ihre Artikel zu erreichen. Kunststoffdeckel und Innenauskleidung sorgen f\u00fcr eine dichte Abdichtung, um ein Auslaufen zu verhindern. Leicht zu reinigen, die Reinigung in der Sp\u00fclmaschine wird nicht empfohlen. Bitte beachten Sie, dass Sie kein kochendes Wasser und keine Gegenst\u00e4nde mit zu hoher Temperatur direkt in das Gef\u00e4\u00df gie\u00dfen.<\/p>\n<div style=\"width: 1290px;\" class=\"wp-video\"><!--[if lt IE 9]><script>document.createElement('video');<\/script><![endif]--><br \/>\n<video class=\"wp-video-shortcode\" id=\"video-474-1\" width=\"1290\" height=\"726\" loop autoplay preload=\"auto\" controls=\"controls\"><source type=\"video\/mp4\" src=\"http:\/\/yingmeipack.com\/wp-content\/uploads\/2022\/11\/4oz-120ml-clear-plastic-straight-sided-round-plastic-jar.mp4?_=1\" \/><a href=\"http:\/\/yingmeipack.com\/wp-content\/uploads\/2022\/11\/4oz-120ml-clear-plastic-straight-sided-round-plastic-jar.mp4\">http:\/\/yingmeipack.com\/wp-content\/uploads\/2022\/11\/4oz-120ml-clear-plastic-straight-sided-round-plastic-jar.mp4<\/a><\/video><\/div>","protected":false},"featured_media":476,"template":"","meta":{"_kad_post_transparent":"default","_kad_post_title":"","_kad_post_layout":"default","_kad_post_sidebar_id":"","_kad_post_content_style":"default","_kad_post_vertical_padding":"default","_kad_post_feature":"","_kad_post_feature_position":"","_kad_post_header":false,"_kad_post_footer":false,"jetpack_publicize_message":"","jetpack_publicize_feature_enabled":true,"jetpack_social_post_already_shared":false,"jetpack_social_options":{"image_generator_settings":{"template":"highway","default_image_id":0,"enabled":false},"version":2}},"product_brand":[],"product_cat":[19,24,20,25],"product_tag":[175,174,176,177],"class_list":{"0":"post-474","1":"product","2":"type-product","3":"status-publish","4":"has-post-thumbnail","6":"product_cat-bottles","7":"product_cat-jars","8":"product_cat-plastic-bottles","9":"product_cat-plastic-jars","10":"product_tag-120ml-plastic-jar","11":"product_tag-4oz-plastic-jar","12":"product_tag-clear-plastic-jar","13":"product_tag-round-plastic-jar","15":"first","16":"instock","17":"shipping-taxable","18":"product-type-simple","19":"entry","20":"content-bg","21":"loop-entry"},"aioseo_notices":[],"jetpack_publicize_connections":[],"jetpack_sharing_enabled":true,"_links":{"self":[{"href":"https:\/\/yingmeipack.com\/de\/wp-json\/wp\/v2\/product\/474","targetHints":{"allow":["GET"]}}],"collection":[{"href":"https:\/\/yingmeipack.com\/de\/wp-json\/wp\/v2\/product"}],"about":[{"href":"https:\/\/yingmeipack.com\/de\/wp-json\/wp\/v2\/types\/product"}],"version-history":[{"count":1,"href":"https:\/\/yingmeipack.com\/de\/wp-json\/wp\/v2\/product\/474\/revisions"}],"predecessor-version":[{"id":481,"href":"https:\/\/yingmeipack.com\/de\/wp-json\/wp\/v2\/product\/474\/revisions\/481"}],"wp:featuredmedia":[{"embeddable":true,"href":"https:\/\/yingmeipack.com\/de\/wp-json\/wp\/v2\/media\/476"}],"wp:attachment":[{"href":"https:\/\/yingmeipack.com\/de\/wp-json\/wp\/v2\/media?parent=474"}],"wp:term":[{"taxonomy":"product_brand","embeddable":true,"href":"https:\/\/yingmeipack.com\/de\/wp-json\/wp\/v2\/product_brand?post=474"},{"taxonomy":"product_cat","embeddable":true,"href":"https:\/\/yingmeipack.com\/de\/wp-json\/wp\/v2\/product_cat?post=474"},{"taxonomy":"product_tag","embeddable":true,"href":"https:\/\/yingmeipack.com\/de\/wp-json\/wp\/v2\/product_tag?post=474"}],"curies":[{"name":"wp","href":"https:\/\/api.w.org\/{rel}","templated":true}]}}