{"id":467,"date":"2022-11-22T01:42:57","date_gmt":"2022-11-22T01:42:57","guid":{"rendered":"https:\/\/yingmeipack.com\/?post_type=product&#038;p=467"},"modified":"2022-11-22T01:52:27","modified_gmt":"2022-11-22T01:52:27","slug":"cheap-black-pp-plastic-ribbed-lotion-pumps-with-smooth-skirt","status":"publish","type":"product","link":"https:\/\/yingmeipack.com\/de\/product\/cheap-black-pp-plastic-ribbed-lotion-pumps-with-smooth-skirt\/","title":{"rendered":"G\u00fcnstige schwarze PP Kunststoff gerippt Lotion Pumpen mit glatten Rock"},"content":{"rendered":"","protected":false},"excerpt":{"rendered":"<p>Die schwarzen Lotionspumpen aus Polypropylen verf\u00fcgen \u00fcber einen Verriegelungsschlitz in der Kappe und werden in verriegelter Position geliefert, so dass sie direkt an Ihrem Beh\u00e4lter angebracht werden k\u00f6nnen. Mit den Lotionspumpen lassen sich Produkte mit hoher Viskosit\u00e4t, wie Lotionen und Fl\u00fcssigseifen, leicht dosieren. Die schwarzen Lotionpumpen k\u00f6nnen mit Glas-, Kunststoff- oder Metallbeh\u00e4ltern verwendet werden und geben pro Hub 0,5 ml des Produkts ab. Die Lotionpumpen sind in einer 24\/410 Kappengr\u00f6\u00dfe mit verschiedenen Tauchrohrl\u00e4ngen erh\u00e4ltlich.<\/p>","protected":false},"featured_media":468,"template":"","meta":{"_kad_post_transparent":"default","_kad_post_title":"","_kad_post_layout":"default","_kad_post_sidebar_id":"","_kad_post_content_style":"default","_kad_post_vertical_padding":"default","_kad_post_feature":"","_kad_post_feature_position":"","_kad_post_header":false,"_kad_post_footer":false,"jetpack_publicize_message":"","jetpack_publicize_feature_enabled":true,"jetpack_social_post_already_shared":false,"jetpack_social_options":{"image_generator_settings":{"template":"highway","default_image_id":0,"enabled":false},"version":2}},"product_brand":[],"product_cat":[32],"product_tag":[170,172,173,171],"class_list":{"0":"post-467","1":"product","2":"type-product","3":"status-publish","4":"has-post-thumbnail","6":"product_cat-pumps","7":"product_tag-black-lotion-pumps","8":"product_tag-plastic-lotion-pumps","9":"product_tag-pp-lotion-pumps","10":"product_tag-ribbed-lotion-pumps","12":"first","13":"instock","14":"shipping-taxable","15":"product-type-simple","16":"entry","17":"content-bg","18":"loop-entry"},"aioseo_notices":[],"jetpack_publicize_connections":[],"jetpack_sharing_enabled":true,"_links":{"self":[{"href":"https:\/\/yingmeipack.com\/de\/wp-json\/wp\/v2\/product\/467","targetHints":{"allow":["GET"]}}],"collection":[{"href":"https:\/\/yingmeipack.com\/de\/wp-json\/wp\/v2\/product"}],"about":[{"href":"https:\/\/yingmeipack.com\/de\/wp-json\/wp\/v2\/types\/product"}],"version-history":[{"count":1,"href":"https:\/\/yingmeipack.com\/de\/wp-json\/wp\/v2\/product\/467\/revisions"}],"predecessor-version":[{"id":473,"href":"https:\/\/yingmeipack.com\/de\/wp-json\/wp\/v2\/product\/467\/revisions\/473"}],"wp:featuredmedia":[{"embeddable":true,"href":"https:\/\/yingmeipack.com\/de\/wp-json\/wp\/v2\/media\/468"}],"wp:attachment":[{"href":"https:\/\/yingmeipack.com\/de\/wp-json\/wp\/v2\/media?parent=467"}],"wp:term":[{"taxonomy":"product_brand","embeddable":true,"href":"https:\/\/yingmeipack.com\/de\/wp-json\/wp\/v2\/product_brand?post=467"},{"taxonomy":"product_cat","embeddable":true,"href":"https:\/\/yingmeipack.com\/de\/wp-json\/wp\/v2\/product_cat?post=467"},{"taxonomy":"product_tag","embeddable":true,"href":"https:\/\/yingmeipack.com\/de\/wp-json\/wp\/v2\/product_tag?post=467"}],"curies":[{"name":"wp","href":"https:\/\/api.w.org\/{rel}","templated":true}]}}