{"id":457,"date":"2022-11-21T14:12:00","date_gmt":"2022-11-21T14:12:00","guid":{"rendered":"https:\/\/yingmeipack.com\/?post_type=product&#038;p=457"},"modified":"2022-11-21T14:27:22","modified_gmt":"2022-11-21T14:27:22","slug":"round-matte-black-aluminum-jars-travel-tins-containers-cans","status":"publish","type":"product","link":"https:\/\/yingmeipack.com\/de\/product\/round-matte-black-aluminum-jars-travel-tins-containers-cans\/","title":{"rendered":"Runde mattschwarze Aluminiumgl\u00e4ser Reisedosen Beh\u00e4lter Dosen"},"content":{"rendered":"","protected":false},"excerpt":{"rendered":"<p>Aluminium ist ein leichtes Metall mit hervorragender Rostbest\u00e4ndigkeit. Daher eignet es sich sehr gut f\u00fcr die Herstellung von Gl\u00e4sern zur Aufbewahrung von Kerzen. Diese Kerzengl\u00e4ser bestehen aus einer nahtlosen Struktur mit einer schwarzen Beschichtung. Die runden Aluminiumdosen sind in einem St\u00fcck gestanzt und nahtlos, so dass es keine seitlichen Undichtigkeiten gibt. Der Schraubdeckel ist leicht zu schlie\u00dfen und zu \u00f6ffnen. Und er wird mit einem Schaumstoffpolster geliefert, das den auslaufsicheren Effekt doppelt verst\u00e4rkt. Diese 9-Unzen-Kerzendosen sind 101 mm hoch und haben einen Durchmesser von 83 mm. Sie haben einen flachen Deckel, so dass sie sich nicht nur gut stapeln lassen, sondern auch mit einem h\u00fcbschen Etikett versehen werden k\u00f6nnen. Unsere Aluminiumdosen sind f\u00fcr eine Vielzahl von Anl\u00e4ssen geeignet. Sie k\u00f6nnen sie nicht nur als Kerzenbeh\u00e4lter verwenden, sondern auch als Aufbewahrungsgef\u00e4\u00dfe f\u00fcr Bastelarbeiten, Lippenbalsam, Proben, Schrauben und andere Kleinteile, usw. Nach dem Kauf unserer Zinngl\u00e4ser mit Deckel haben Sie Anspruch auf ein 30-t\u00e4giges, sorgenfreies R\u00fcckgaberecht. Sollten Sie Fragen oder Zweifel an dem Produkt haben, k\u00f6nnen Sie uns gerne eine E-Mail schicken. Wir werden so schnell wie m\u00f6glich auf Sie zur\u00fcckkommen.<\/p>\n<div style=\"width: 1290px;\" class=\"wp-video\"><!--[if lt IE 9]><script>document.createElement('video');<\/script><![endif]--><br \/>\n<video class=\"wp-video-shortcode\" id=\"video-457-1\" width=\"1290\" height=\"726\" loop autoplay preload=\"auto\" controls=\"controls\"><source type=\"video\/mp4\" src=\"http:\/\/yingmeipack.com\/wp-content\/uploads\/2022\/11\/Matte-Black-Aluminum-Jars.mp4?_=1\" \/><a href=\"http:\/\/yingmeipack.com\/wp-content\/uploads\/2022\/11\/Matte-Black-Aluminum-Jars.mp4\">http:\/\/yingmeipack.com\/wp-content\/uploads\/2022\/11\/Matte-Black-Aluminum-Jars.mp4<\/a><\/video><\/div>","protected":false},"featured_media":458,"template":"","meta":{"_kad_post_transparent":"default","_kad_post_title":"","_kad_post_layout":"default","_kad_post_sidebar_id":"","_kad_post_content_style":"default","_kad_post_vertical_padding":"default","_kad_post_feature":"","_kad_post_feature_position":"","_kad_post_header":false,"_kad_post_footer":false,"jetpack_publicize_message":"","jetpack_publicize_feature_enabled":true,"jetpack_social_post_already_shared":false,"jetpack_social_options":{"image_generator_settings":{"template":"highway","default_image_id":0,"enabled":false},"version":2}},"product_brand":[],"product_cat":[28,24,27],"product_tag":[169,168,167,166,58],"class_list":{"0":"post-457","1":"product","2":"type-product","3":"status-publish","4":"has-post-thumbnail","6":"product_cat-aluminum-jars","7":"product_cat-jars","8":"product_cat-metal-jars","9":"product_tag-aluminum-travel-cans","10":"product_tag-aluminum-travel-containers","11":"product_tag-aluminum-travel-tins","12":"product_tag-matte-black-aluminum-jars","13":"product_tag-round-aluminum-jars","15":"first","16":"instock","17":"shipping-taxable","18":"product-type-simple","19":"entry","20":"content-bg","21":"loop-entry"},"aioseo_notices":[],"jetpack_publicize_connections":[],"jetpack_sharing_enabled":true,"_links":{"self":[{"href":"https:\/\/yingmeipack.com\/de\/wp-json\/wp\/v2\/product\/457","targetHints":{"allow":["GET"]}}],"collection":[{"href":"https:\/\/yingmeipack.com\/de\/wp-json\/wp\/v2\/product"}],"about":[{"href":"https:\/\/yingmeipack.com\/de\/wp-json\/wp\/v2\/types\/product"}],"version-history":[{"count":1,"href":"https:\/\/yingmeipack.com\/de\/wp-json\/wp\/v2\/product\/457\/revisions"}],"predecessor-version":[{"id":466,"href":"https:\/\/yingmeipack.com\/de\/wp-json\/wp\/v2\/product\/457\/revisions\/466"}],"wp:featuredmedia":[{"embeddable":true,"href":"https:\/\/yingmeipack.com\/de\/wp-json\/wp\/v2\/media\/458"}],"wp:attachment":[{"href":"https:\/\/yingmeipack.com\/de\/wp-json\/wp\/v2\/media?parent=457"}],"wp:term":[{"taxonomy":"product_brand","embeddable":true,"href":"https:\/\/yingmeipack.com\/de\/wp-json\/wp\/v2\/product_brand?post=457"},{"taxonomy":"product_cat","embeddable":true,"href":"https:\/\/yingmeipack.com\/de\/wp-json\/wp\/v2\/product_cat?post=457"},{"taxonomy":"product_tag","embeddable":true,"href":"https:\/\/yingmeipack.com\/de\/wp-json\/wp\/v2\/product_tag?post=457"}],"curies":[{"name":"wp","href":"https:\/\/api.w.org\/{rel}","templated":true}]}}