{"id":440,"date":"2022-11-21T13:22:32","date_gmt":"2022-11-21T13:22:32","guid":{"rendered":"https:\/\/yingmeipack.com\/?post_type=product&#038;p=440"},"modified":"2022-11-21T13:36:07","modified_gmt":"2022-11-21T13:36:07","slug":"80ml-refilled-colored-plastic-cosmetic-jar-container-with-lid","status":"publish","type":"product","link":"https:\/\/yingmeipack.com\/de\/product\/80ml-refilled-colored-plastic-cosmetic-jar-container-with-lid\/","title":{"rendered":"80ml Nachgef\u00fcllter farbiger Kunststoff-Kosmetikbeh\u00e4lter mit Deckel"},"content":{"rendered":"","protected":false},"excerpt":{"rendered":"<p>Dieser runde, klare 80-ml-Beh\u00e4lter mit Schraubdeckel ist aus lebensmittelechtem Kunststoff hergestellt. Die Gr\u00f6\u00dfe dieser Kunststoff-Kosmetik-Glas ist 38*70 mm (Durchmesser x H\u00f6he). Die farbigen Kunststoffdosen mit farbigen flachen Top gesichert runden Schraubdeckel. Der Boden der Dosen besteht aus doppelwandigem, dickem Kunststoff, auslaufsicher und BPA-frei. Widerstandsf\u00e4hig gegen Bruch und Umschlag. Wide Mouth Jar- Leicht zu \u00f6ffnen und zu schlie\u00dfen zum Bef\u00fcllen und Entnehmen. Gr\u00f6\u00dfere Lagerung und breitere Anwendung. Leicht zu \u00f6ffnen und zu schlie\u00dfen mit den Schraubdeckeln. Wiederverwendbar f\u00fcr eine langfristige Nutzung. Kann f\u00fcr die Lagerung, Anzeige, Mischen, DIY Handwerk oder Party Geschenke an Freunde und Familie verwendet werden. Wiederverwendbare Gl\u00e4ser zur Aufbewahrung von Sch\u00f6nheitsprodukten, Cremes, Fl\u00fcssigkeiten, Pillen, Pulvern, kleinen Accessoires, Hardware und K\u00fcchenutensilien. Leicht zu erkennen und halten Sie alles organisiert.<\/p>","protected":false},"featured_media":441,"template":"","meta":{"_kad_post_transparent":"default","_kad_post_title":"","_kad_post_layout":"default","_kad_post_sidebar_id":"","_kad_post_content_style":"default","_kad_post_vertical_padding":"default","_kad_post_feature":"","_kad_post_feature_position":"","_kad_post_header":false,"_kad_post_footer":false,"jetpack_publicize_message":"","jetpack_publicize_feature_enabled":true,"jetpack_social_post_already_shared":false,"jetpack_social_options":{"image_generator_settings":{"template":"highway","default_image_id":0,"enabled":false},"version":2}},"product_brand":[],"product_cat":[19,24,20,25],"product_tag":[158,159,103,160],"class_list":{"0":"post-440","1":"product","2":"type-product","3":"status-publish","4":"has-post-thumbnail","6":"product_cat-bottles","7":"product_cat-jars","8":"product_cat-plastic-bottles","9":"product_cat-plastic-jars","10":"product_tag-80ml-plastic-jar","11":"product_tag-colored-plastic-cosmetic-jar","12":"product_tag-plastic-cosmetic-jar","13":"product_tag-refilled-plastic-cosmetic-jar","15":"first","16":"instock","17":"shipping-taxable","18":"product-type-simple","19":"entry","20":"content-bg","21":"loop-entry"},"aioseo_notices":[],"jetpack_publicize_connections":[],"jetpack_sharing_enabled":true,"_links":{"self":[{"href":"https:\/\/yingmeipack.com\/de\/wp-json\/wp\/v2\/product\/440","targetHints":{"allow":["GET"]}}],"collection":[{"href":"https:\/\/yingmeipack.com\/de\/wp-json\/wp\/v2\/product"}],"about":[{"href":"https:\/\/yingmeipack.com\/de\/wp-json\/wp\/v2\/types\/product"}],"version-history":[{"count":1,"href":"https:\/\/yingmeipack.com\/de\/wp-json\/wp\/v2\/product\/440\/revisions"}],"predecessor-version":[{"id":447,"href":"https:\/\/yingmeipack.com\/de\/wp-json\/wp\/v2\/product\/440\/revisions\/447"}],"wp:featuredmedia":[{"embeddable":true,"href":"https:\/\/yingmeipack.com\/de\/wp-json\/wp\/v2\/media\/441"}],"wp:attachment":[{"href":"https:\/\/yingmeipack.com\/de\/wp-json\/wp\/v2\/media?parent=440"}],"wp:term":[{"taxonomy":"product_brand","embeddable":true,"href":"https:\/\/yingmeipack.com\/de\/wp-json\/wp\/v2\/product_brand?post=440"},{"taxonomy":"product_cat","embeddable":true,"href":"https:\/\/yingmeipack.com\/de\/wp-json\/wp\/v2\/product_cat?post=440"},{"taxonomy":"product_tag","embeddable":true,"href":"https:\/\/yingmeipack.com\/de\/wp-json\/wp\/v2\/product_tag?post=440"}],"curies":[{"name":"wp","href":"https:\/\/api.w.org\/{rel}","templated":true}]}}