{"id":423,"date":"2022-11-21T03:21:58","date_gmt":"2022-11-21T03:21:58","guid":{"rendered":"https:\/\/yingmeipack.com\/?post_type=product&#038;p=423"},"modified":"2025-06-05T09:45:36","modified_gmt":"2025-06-05T09:45:36","slug":"silver-solid-aluminum-cosmetics-jar-container-with-window-cap","status":"publish","type":"product","link":"https:\/\/yingmeipack.com\/de\/product\/silver-solid-aluminum-cosmetics-jar-container-with-window-cap\/","title":{"rendered":"Silberner massiver Aluminium-Kosmetikbeh\u00e4lter mit Fensterverschluss"},"content":{"rendered":"","protected":false},"excerpt":{"rendered":"<p>Verleihen Sie Ihrem besonderen Anlass eine kreative Note! Diese stilvollen Boxen eignen sich hervorragend als Tischdekoration und Geschenk f\u00fcr Hochzeiten, Babypartys, Jubil\u00e4en oder Geburtstage. Dekorieren Sie sie einfach passend zu Ihrem Thema und f\u00fcllen Sie sie dann mit Ihren Lieblingsleckereien f\u00fcr die G\u00e4ste.<br \/>\nSilberne Aluminiumdosen mit Schraubdeckel, Metalldose mit durchsichtigem Deckel. rostfrei, auslaufsicher. Wiederverwendbar, leicht und ideal f\u00fcr die Reise. Auslaufsichere Dichtung enthalten.<br \/>\nDie Dosen sind aus hochwertigem, langlebigem und leichtem Aluminium gefertigt.<br \/>\nUnsere Aluminiumdosen k\u00f6nnen zur Aufbewahrung einer Vielzahl von Gegenst\u00e4nden wie Lippenbalsam, Rasierwasser, Shampoo, Kosmetika, Kerzen, Lipgloss und anderem Kunstzubeh\u00f6r verwendet werden. Perfekt f\u00fcr Ihre handgemachte Wahl.<br \/>\nDie Schraubdeckel erm\u00f6glichen ein einfaches Verschlie\u00dfen des Deckels und verf\u00fcgen \u00fcber eine zus\u00e4tzliche auslaufsichere Dichtung im Inneren des Deckels.<\/p>\n<div style=\"width: 1280px;\" class=\"wp-video\"><!--[if lt IE 9]><script>document.createElement('video');<\/script><![endif]--><br \/>\n<video class=\"wp-video-shortcode\" id=\"video-423-1\" width=\"1280\" height=\"720\" loop autoplay preload=\"auto\" controls=\"controls\"><source type=\"video\/mp4\" src=\"http:\/\/yingmeipack.com\/wp-content\/uploads\/2022\/11\/Aluminum-Cosmetics-Jar.mp4?_=1\" \/><a href=\"http:\/\/yingmeipack.com\/wp-content\/uploads\/2022\/11\/Aluminum-Cosmetics-Jar.mp4\">http:\/\/yingmeipack.com\/wp-content\/uploads\/2022\/11\/Aluminum-Cosmetics-Jar.mp4<\/a><\/video><\/div>","protected":false},"featured_media":424,"template":"","meta":{"_kad_post_transparent":"default","_kad_post_title":"","_kad_post_layout":"default","_kad_post_sidebar_id":"","_kad_post_content_style":"default","_kad_post_vertical_padding":"default","_kad_post_feature":"","_kad_post_feature_position":"","_kad_post_header":false,"_kad_post_footer":false,"jetpack_publicize_message":"","jetpack_publicize_feature_enabled":true,"jetpack_social_post_already_shared":false,"jetpack_social_options":{"image_generator_settings":{"template":"highway","default_image_id":0,"enabled":false},"version":2}},"product_brand":[],"product_cat":[28,24,27],"product_tag":[154,155,153,156],"class_list":{"0":"post-423","1":"product","2":"type-product","3":"status-publish","4":"has-post-thumbnail","6":"product_cat-aluminum-jars","7":"product_cat-jars","8":"product_cat-metal-jars","9":"product_tag-aluminum-cosmetics-jar","10":"product_tag-silver-aluminum-container","11":"product_tag-silver-aluminum-jar","12":"product_tag-solid-aluminum-jar","14":"first","15":"instock","16":"shipping-taxable","17":"purchasable","18":"product-type-simple","19":"entry","20":"content-bg","21":"loop-entry"},"aioseo_notices":[],"jetpack_publicize_connections":[],"jetpack_sharing_enabled":true,"_links":{"self":[{"href":"https:\/\/yingmeipack.com\/de\/wp-json\/wp\/v2\/product\/423","targetHints":{"allow":["GET"]}}],"collection":[{"href":"https:\/\/yingmeipack.com\/de\/wp-json\/wp\/v2\/product"}],"about":[{"href":"https:\/\/yingmeipack.com\/de\/wp-json\/wp\/v2\/types\/product"}],"version-history":[{"count":2,"href":"https:\/\/yingmeipack.com\/de\/wp-json\/wp\/v2\/product\/423\/revisions"}],"predecessor-version":[{"id":432,"href":"https:\/\/yingmeipack.com\/de\/wp-json\/wp\/v2\/product\/423\/revisions\/432"}],"wp:featuredmedia":[{"embeddable":true,"href":"https:\/\/yingmeipack.com\/de\/wp-json\/wp\/v2\/media\/424"}],"wp:attachment":[{"href":"https:\/\/yingmeipack.com\/de\/wp-json\/wp\/v2\/media?parent=423"}],"wp:term":[{"taxonomy":"product_brand","embeddable":true,"href":"https:\/\/yingmeipack.com\/de\/wp-json\/wp\/v2\/product_brand?post=423"},{"taxonomy":"product_cat","embeddable":true,"href":"https:\/\/yingmeipack.com\/de\/wp-json\/wp\/v2\/product_cat?post=423"},{"taxonomy":"product_tag","embeddable":true,"href":"https:\/\/yingmeipack.com\/de\/wp-json\/wp\/v2\/product_tag?post=423"}],"curies":[{"name":"wp","href":"https:\/\/api.w.org\/{rel}","templated":true}]}}