{"id":416,"date":"2022-11-21T03:14:07","date_gmt":"2022-11-21T03:14:07","guid":{"rendered":"https:\/\/yingmeipack.com\/?post_type=product&#038;p=416"},"modified":"2022-11-21T03:21:16","modified_gmt":"2022-11-21T03:21:16","slug":"pp-plastic-fine-mist-fingertip-sprayers-with-clear-overcap","status":"publish","type":"product","link":"https:\/\/yingmeipack.com\/de\/product\/pp-plastic-fine-mist-fingertip-sprayers-with-clear-overcap\/","title":{"rendered":"PP-Kunststoff-Feinnebel-Fingerspray mit klarer \u00dcberkappe"},"content":{"rendered":"","protected":false},"excerpt":{"rendered":"<p>Es handelt sich um einen PP-Kunststoffspr\u00fcher 20-410 mit glatter Sch\u00fcrze f\u00fcr feinen Spr\u00fchnebel mit klarer \u00dcberkappe und 5,25-Zoll-Tauchrohr (0,12 ml Aussto\u00df). Der Feinnebel-Fingerspitzenzerst\u00e4uber besteht aus mehreren Teilen: dem Tauchrohr, der Kappe, der federbelasteten Pumpe und der klaren \u00dcberkappe. Der Spr\u00fcher wird auf einen passenden Beh\u00e4lter montiert, wobei sich das Tauchrohr am Boden der Flasche befindet. Wenn die Pumpe gedr\u00fcckt wird, wird das Produkt in einem feinen Nebel abgegeben. Dieser Spr\u00fcher wird mit einer durchsichtigen Kunststoffkappe geliefert, um ein versehentliches Austreten des Produkts zu verhindern. Polypropylen (PP) ist mit dem Harzkennzeichnungscode 5 gekennzeichnet. PP ist weniger flexibel als LDPE, etwas steifer als andere Kunststoffe, relativ kosteng\u00fcnstig und kann durchscheinend, undurchsichtig oder von beliebiger Farbe sein. PP hat eine sehr gute Erm\u00fcdungsbest\u00e4ndigkeit und einen extrem hohen Schmelzpunkt (320 Grad Fahrenheit oder 160 Grad Celsius). Dieser Verschluss passt auf einen Beh\u00e4lter mit einer M\u00fcndung 20-410.<\/p>","protected":false},"featured_media":417,"template":"","meta":{"_kad_post_transparent":"default","_kad_post_title":"","_kad_post_layout":"default","_kad_post_sidebar_id":"","_kad_post_content_style":"default","_kad_post_vertical_padding":"default","_kad_post_feature":"","_kad_post_feature_position":"","_kad_post_header":false,"_kad_post_footer":false,"jetpack_publicize_message":"","jetpack_publicize_feature_enabled":true,"jetpack_social_post_already_shared":false,"jetpack_social_options":{"image_generator_settings":{"template":"highway","default_image_id":0,"enabled":false},"version":2}},"product_brand":[],"product_cat":[33],"product_tag":[151,152],"class_list":{"0":"post-416","1":"product","2":"type-product","3":"status-publish","4":"has-post-thumbnail","6":"product_cat-sprayers","7":"product_tag-fine-mist-sprayers","8":"product_tag-fingertip-sprayer","10":"first","11":"instock","12":"shipping-taxable","13":"product-type-simple","14":"entry","15":"content-bg","16":"loop-entry"},"aioseo_notices":[],"jetpack_publicize_connections":[],"jetpack_sharing_enabled":true,"_links":{"self":[{"href":"https:\/\/yingmeipack.com\/de\/wp-json\/wp\/v2\/product\/416","targetHints":{"allow":["GET"]}}],"collection":[{"href":"https:\/\/yingmeipack.com\/de\/wp-json\/wp\/v2\/product"}],"about":[{"href":"https:\/\/yingmeipack.com\/de\/wp-json\/wp\/v2\/types\/product"}],"version-history":[{"count":1,"href":"https:\/\/yingmeipack.com\/de\/wp-json\/wp\/v2\/product\/416\/revisions"}],"predecessor-version":[{"id":422,"href":"https:\/\/yingmeipack.com\/de\/wp-json\/wp\/v2\/product\/416\/revisions\/422"}],"wp:featuredmedia":[{"embeddable":true,"href":"https:\/\/yingmeipack.com\/de\/wp-json\/wp\/v2\/media\/417"}],"wp:attachment":[{"href":"https:\/\/yingmeipack.com\/de\/wp-json\/wp\/v2\/media?parent=416"}],"wp:term":[{"taxonomy":"product_brand","embeddable":true,"href":"https:\/\/yingmeipack.com\/de\/wp-json\/wp\/v2\/product_brand?post=416"},{"taxonomy":"product_cat","embeddable":true,"href":"https:\/\/yingmeipack.com\/de\/wp-json\/wp\/v2\/product_cat?post=416"},{"taxonomy":"product_tag","embeddable":true,"href":"https:\/\/yingmeipack.com\/de\/wp-json\/wp\/v2\/product_tag?post=416"}],"curies":[{"name":"wp","href":"https:\/\/api.w.org\/{rel}","templated":true}]}}