{"id":4100,"date":"2025-09-11T03:50:42","date_gmt":"2025-09-11T03:50:42","guid":{"rendered":"https:\/\/yingmeipack.com\/?post_type=product&#038;p=4100"},"modified":"2025-09-11T04:05:18","modified_gmt":"2025-09-11T04:05:18","slug":"600ml-refillable-clear-pet-plastic-can-with-aluminum-cap","status":"publish","type":"product","link":"https:\/\/yingmeipack.com\/de\/product\/600ml-refillable-clear-pet-plastic-can-with-aluminum-cap\/","title":{"rendered":"600ml refillable clear PET plastic can with aluminum cap"},"content":{"rendered":"","protected":false},"excerpt":{"rendered":"<p>Size: dia83mm*h128mm\u00a0 500ml<\/p>\n<p>\u3010Hochwertiges Material\u3011Diese Kunststoffgl\u00e4ser mit Deckel sind aus hochwertigem lebensmittelechtem PET-Kunststoff, robust, langlebig, wiederverwendbar, transparent und leicht.Sie k\u00f6nnen diese leeren Gl\u00e4ser sicher verwenden, um Ihre Lebensmittel zu f\u00fcllen, ohne sich um die Auswirkungen der Gl\u00e4ser zu sorgen.Diese Lebensmittelgl\u00e4ser werden Ihre Bed\u00fcrfnisse f\u00fcr Ihre Lebensmittellagerung erf\u00fcllen, legen Sie einfach Ihr Lieblingsessen hinein.<br \/>\n\u3010Auslaufsicheres Design\u3011Die Kunststoffgl\u00e4ser mit Deckel nehmen auslaufsicheres Design an, es gibt Schraubgewinde und Dichtungen auf der Oberseite des Schleimbeh\u00e4lters, die eine gute Luftdichtheit besitzen, k\u00f6nnen effektiv Leckagen verhindern und verhindern, dass die Feuchtigkeit in den klaren Gl\u00e4sern mit der Luft in Kontakt kommt, was zu trockenen und nassen Gegenst\u00e4nden f\u00fchrt.<br \/>\n\u3010Widely Use\u3011Diese Lebensmittel Gl\u00e4ser sind sehr geeignet f\u00fcr Marmelade, getrocknete Lebensmittel, N\u00fcsse, Gew\u00fcrze, Mehl, Zucker und verschiedene Lebensmittel Lagerung, sondern auch die ideale kosmetische Beh\u00e4lter f\u00fcr Peelings, K\u00f6rperbutter, Lotion, Badesalz, perfekt f\u00fcr Sie, um Ihre eigenen DIY K\u00f6rper oder Haarpflege Produktion.Nat\u00fcrlich k\u00f6nnen Sie diese Schleim Beh\u00e4lter verwenden, um Ihre Schleim oder andere kleine Teil wie Schraube oder Nagel zu speichern, als Geschenk an einen Freund ist auch eine gute Wahl.<br \/>\n\u3010WORRY-FREE AFTER-SALES\u3011Wenn Sie irgendwelche Gebrauchsprobleme \u00fcber unsere Gl\u00e4ser mit Deckeln haben, die nicht gel\u00f6st werden k\u00f6nnen, z\u00f6gern Sie bitte nicht, uns f\u00fcr Hilfe zu kontaktieren.Kundenzufriedenheit mit unseren Kunststoffgl\u00e4sern mit Deckeln ist zuerst zu uns. Wir werden Ihnen sofort antworten, um Ihr Problem zu l\u00f6sen und Ihnen eine zufriedenstellende Antwort zu geben, stellen Sie sicher, dass Sie einen gro\u00dfartigen Service mit unseren Kunststoffgl\u00e4sern erhalten.<\/p>","protected":false},"featured_media":4102,"template":"","meta":{"_kad_post_transparent":"default","_kad_post_title":"","_kad_post_layout":"default","_kad_post_sidebar_id":"","_kad_post_content_style":"default","_kad_post_vertical_padding":"default","_kad_post_feature":"","_kad_post_feature_position":"","_kad_post_header":false,"_kad_post_footer":false,"jetpack_publicize_message":"","jetpack_publicize_feature_enabled":true,"jetpack_social_post_already_shared":true,"jetpack_social_options":{"image_generator_settings":{"template":"highway","default_image_id":0,"enabled":false},"version":2}},"product_brand":[],"product_cat":[19,24,20,25],"product_tag":[215,214,217,216],"class_list":{"0":"post-4100","1":"product","2":"type-product","3":"status-publish","4":"has-post-thumbnail","6":"product_cat-bottles","7":"product_cat-jars","8":"product_cat-plastic-bottles","9":"product_cat-plastic-jars","10":"product_tag-bpa-free-pet-plastic-jars","11":"product_tag-clear-pet-plastic-jars","12":"product_tag-plastic-jar-with-gold-lid","13":"product_tag-refillable-plastic-jar","15":"first","16":"instock","17":"shipping-taxable","18":"product-type-simple","19":"entry","20":"content-bg","21":"loop-entry"},"aioseo_notices":[],"jetpack_publicize_connections":[],"jetpack_sharing_enabled":true,"_links":{"self":[{"href":"https:\/\/yingmeipack.com\/de\/wp-json\/wp\/v2\/product\/4100","targetHints":{"allow":["GET"]}}],"collection":[{"href":"https:\/\/yingmeipack.com\/de\/wp-json\/wp\/v2\/product"}],"about":[{"href":"https:\/\/yingmeipack.com\/de\/wp-json\/wp\/v2\/types\/product"}],"version-history":[{"count":1,"href":"https:\/\/yingmeipack.com\/de\/wp-json\/wp\/v2\/product\/4100\/revisions"}],"predecessor-version":[{"id":4108,"href":"https:\/\/yingmeipack.com\/de\/wp-json\/wp\/v2\/product\/4100\/revisions\/4108"}],"wp:featuredmedia":[{"embeddable":true,"href":"https:\/\/yingmeipack.com\/de\/wp-json\/wp\/v2\/media\/4102"}],"wp:attachment":[{"href":"https:\/\/yingmeipack.com\/de\/wp-json\/wp\/v2\/media?parent=4100"}],"wp:term":[{"taxonomy":"product_brand","embeddable":true,"href":"https:\/\/yingmeipack.com\/de\/wp-json\/wp\/v2\/product_brand?post=4100"},{"taxonomy":"product_cat","embeddable":true,"href":"https:\/\/yingmeipack.com\/de\/wp-json\/wp\/v2\/product_cat?post=4100"},{"taxonomy":"product_tag","embeddable":true,"href":"https:\/\/yingmeipack.com\/de\/wp-json\/wp\/v2\/product_tag?post=4100"}],"curies":[{"name":"wp","href":"https:\/\/api.w.org\/{rel}","templated":true}]}}