{"id":408,"date":"2022-11-21T02:46:29","date_gmt":"2022-11-21T02:46:29","guid":{"rendered":"https:\/\/yingmeipack.com\/?post_type=product&#038;p=408"},"modified":"2025-07-31T01:41:50","modified_gmt":"2025-07-31T01:41:50","slug":"gold-aluminum-blank-square-solid-storage-tins-box-container","status":"publish","type":"product","link":"https:\/\/yingmeipack.com\/de\/product\/gold-aluminum-blank-square-solid-storage-tins-box-container\/","title":{"rendered":"120ml Gold Aluminum Blank Square Storage Tins Container"},"content":{"rendered":"","protected":false},"excerpt":{"rendered":"<p>Packung: insgesamt 15 quadratische silberne Dosen mit quadratischem Deckel, reichliche Menge kann Ihre Anforderungen an die Aufbewahrung erf\u00fcllen, genug Ersatzbeh\u00e4lter f\u00fcr den tats\u00e4chlichen Bedarf<br \/>\nDeckel mit Klarsichtfenster, leicht zu \u00f6ffnen und zu schlie\u00dfen, Sie k\u00f6nnen direkt sehen, was darin aufbewahrt wird.<br \/>\nHergestellt aus strapazierf\u00e4higem Wei\u00dfblech, schwer zu biegen sie durch die H\u00e4nde, Silber Oberfl\u00e4che sieht elegant, kollisionsbest\u00e4ndig. Jede 4 Unzen Box misst 84*62*26 (L x B x H) in der Gr\u00f6\u00dfe<br \/>\nBezaubernde und sch\u00f6ne quadratische silberne Form, mit einem durchsichtigen Deckel, Sie k\u00f6nnen direkt sehen, welcher Artikel drin ist, sparen Sie Ihre Zeit und M\u00fche, ohne den Deckel zu \u00f6ffnen<br \/>\nMehrere DIY-Anwendungen: Perfekt f\u00fcr selbstgemachte DIY-Projekte, Kerzenherstellung ohne Auslaufen, Pillen, Partygeschenke, S\u00fc\u00dfigkeiten, Schmuck, Schatzk\u00e4stchen, B\u00fcromaterial oder zum Einf\u00fcgen in Geschenke.<\/p>","protected":false},"featured_media":3198,"template":"","meta":{"_kad_post_transparent":"default","_kad_post_title":"","_kad_post_layout":"default","_kad_post_sidebar_id":"","_kad_post_content_style":"default","_kad_post_vertical_padding":"default","_kad_post_feature":"","_kad_post_feature_position":"","_kad_post_header":false,"_kad_post_footer":false,"jetpack_publicize_message":"","jetpack_publicize_feature_enabled":true,"jetpack_social_post_already_shared":false,"jetpack_social_options":{"image_generator_settings":{"template":"highway","default_image_id":0,"enabled":false},"version":2}},"product_brand":[],"product_cat":[48],"product_tag":[148,149,146,147,150],"class_list":{"0":"post-408","1":"product","2":"type-product","3":"status-publish","4":"has-post-thumbnail","6":"product_cat-box","7":"product_tag-aluminum-storage-box","8":"product_tag-blank-aluminum-tins","9":"product_tag-gold-solid-tins","10":"product_tag-gold-storage-tins","11":"product_tag-square-aluminum-tins","13":"first","14":"instock","15":"shipping-taxable","16":"product-type-simple","17":"entry","18":"content-bg","19":"loop-entry"},"aioseo_notices":[],"jetpack_publicize_connections":[],"jetpack_sharing_enabled":true,"_links":{"self":[{"href":"https:\/\/yingmeipack.com\/de\/wp-json\/wp\/v2\/product\/408","targetHints":{"allow":["GET"]}}],"collection":[{"href":"https:\/\/yingmeipack.com\/de\/wp-json\/wp\/v2\/product"}],"about":[{"href":"https:\/\/yingmeipack.com\/de\/wp-json\/wp\/v2\/types\/product"}],"version-history":[{"count":3,"href":"https:\/\/yingmeipack.com\/de\/wp-json\/wp\/v2\/product\/408\/revisions"}],"predecessor-version":[{"id":3200,"href":"https:\/\/yingmeipack.com\/de\/wp-json\/wp\/v2\/product\/408\/revisions\/3200"}],"wp:featuredmedia":[{"embeddable":true,"href":"https:\/\/yingmeipack.com\/de\/wp-json\/wp\/v2\/media\/3198"}],"wp:attachment":[{"href":"https:\/\/yingmeipack.com\/de\/wp-json\/wp\/v2\/media?parent=408"}],"wp:term":[{"taxonomy":"product_brand","embeddable":true,"href":"https:\/\/yingmeipack.com\/de\/wp-json\/wp\/v2\/product_brand?post=408"},{"taxonomy":"product_cat","embeddable":true,"href":"https:\/\/yingmeipack.com\/de\/wp-json\/wp\/v2\/product_cat?post=408"},{"taxonomy":"product_tag","embeddable":true,"href":"https:\/\/yingmeipack.com\/de\/wp-json\/wp\/v2\/product_tag?post=408"}],"curies":[{"name":"wp","href":"https:\/\/api.w.org\/{rel}","templated":true}]}}