{"id":4029,"date":"2025-09-09T02:41:48","date_gmt":"2025-09-09T02:41:48","guid":{"rendered":"https:\/\/yingmeipack.com\/?post_type=product&#038;p=4029"},"modified":"2025-09-09T02:59:47","modified_gmt":"2025-09-09T02:59:47","slug":"custom-cartoon-25ml-aluminum-cream-jar-for-beauty-packaging","status":"publish","type":"product","link":"https:\/\/yingmeipack.com\/de\/product\/custom-cartoon-25ml-aluminum-cream-jar-for-beauty-packaging\/","title":{"rendered":"Custom Cartoon 25ml Aluminum Cream jar for Beauty Packaging"},"content":{"rendered":"","protected":false},"excerpt":{"rendered":"<ul class=\"a-unordered-list a-vertical a-spacing-mini\">\n<li><span class=\"a-list-item\">Makeup Ruond Cream Container: Diese Geschenkboxen sind langlebig, verschlei\u00dffest und sturzsicher. Eine Verpackungsbox f\u00fcr Weihnachten, Geburtstag, Hochzeit,<\/span><\/li>\n<li><span class=\"a-list-item\">Aluminium Runde Kerze Dose: Die Blechdose ist ein leerer Beh\u00e4lter mit rundem Design, die das Risiko von spitzen verletzen Menschen, einfach und Sicherheit zu \u00f6ffnen und zu schlie\u00dfen reduzieren kann.<\/span><\/li>\n<li><span class=\"a-list-item\">Runde Metalldosen: Sie k\u00f6nnen f\u00fcr die Verpackung Boxen wie Tee-Boxen, S\u00fc\u00dfigkeiten-Boxen, Schmuck-Boxen werden,<\/span><\/li>\n<li><span class=\"a-list-item\">Teeblatt-Dosen: Hergestellt aus Aluminium, nicht leicht zu bekommen gebrochen, die Sie eine Zeit lang dienen wird, haben sie glatte Oberfl\u00e4che, die zusammen f\u00fcr den bequemen Einsatz platziert werden k\u00f6nnen.<\/span><\/li>\n<li><span class=\"a-list-item\">Kosmetische Probenbeh\u00e4lter: Nahtlose Konstruktion, langlebig, leicht zu tragen und zu verwenden. DIY Kerze machen Projekte.<\/span><\/li>\n<\/ul>\n<ul class=\"a-unordered-list a-vertical a-spacing-mini\">\n<li><span class=\"a-list-item\">Aluminiumdosen f\u00fcr selbstgemachte Lippenbalsame, Pillen, Partygeschenke, Bonbons, Minzbonbons, Vitamine, Hautpflege, Schminkproben oder lose Tees, Kr\u00e4uter, Medikamente usw.<\/span><\/li>\n<li><span class=\"a-list-item\">Runder Schraubdeckel f\u00fcr T\u00f6pfe aus haltbarem Aluminium mit sicherem Schraubdeckel zum Schutz Ihrer Produkte und zur Vermeidung von Lecks.<\/span><\/li>\n<li><span class=\"a-list-item\">Diese Schraubdeckel der Beh\u00e4lter haben keine scharfen Kanten, alle Kanten sind abgerundet, um ein Verkratzen der Hand zu verhindern.<\/span><\/li>\n<li><span class=\"a-list-item\">0,8 oz Dosen mit Deckel Leicht und klein, perfekt f\u00fcr die Reise!<\/span><\/li>\n<\/ul>","protected":false},"featured_media":4032,"template":"","meta":{"_kad_post_transparent":"default","_kad_post_title":"","_kad_post_layout":"default","_kad_post_sidebar_id":"","_kad_post_content_style":"default","_kad_post_vertical_padding":"default","_kad_post_feature":"","_kad_post_feature_position":"","_kad_post_header":false,"_kad_post_footer":false,"jetpack_publicize_message":"","jetpack_publicize_feature_enabled":true,"jetpack_social_post_already_shared":true,"jetpack_social_options":{"image_generator_settings":{"template":"highway","default_image_id":0,"enabled":false},"version":2}},"product_brand":[],"product_cat":[28,24,27],"product_tag":[767,766,765,768],"class_list":{"0":"post-4029","1":"product","2":"type-product","3":"status-publish","4":"has-post-thumbnail","6":"product_cat-aluminum-jars","7":"product_cat-jars","8":"product_cat-metal-jars","9":"product_tag-aluminum-beauty-packaging-jar","10":"product_tag-cartoon-aluminum-cream-jar","11":"product_tag-custom-25ml-aluminum-cream-jar","12":"product_tag-custom-beauty-cream-jar","14":"first","15":"instock","16":"shipping-taxable","17":"purchasable","18":"product-type-simple","19":"entry","20":"content-bg","21":"loop-entry"},"aioseo_notices":[],"jetpack_publicize_connections":[],"jetpack_sharing_enabled":true,"_links":{"self":[{"href":"https:\/\/yingmeipack.com\/de\/wp-json\/wp\/v2\/product\/4029","targetHints":{"allow":["GET"]}}],"collection":[{"href":"https:\/\/yingmeipack.com\/de\/wp-json\/wp\/v2\/product"}],"about":[{"href":"https:\/\/yingmeipack.com\/de\/wp-json\/wp\/v2\/types\/product"}],"version-history":[{"count":1,"href":"https:\/\/yingmeipack.com\/de\/wp-json\/wp\/v2\/product\/4029\/revisions"}],"predecessor-version":[{"id":4037,"href":"https:\/\/yingmeipack.com\/de\/wp-json\/wp\/v2\/product\/4029\/revisions\/4037"}],"wp:featuredmedia":[{"embeddable":true,"href":"https:\/\/yingmeipack.com\/de\/wp-json\/wp\/v2\/media\/4032"}],"wp:attachment":[{"href":"https:\/\/yingmeipack.com\/de\/wp-json\/wp\/v2\/media?parent=4029"}],"wp:term":[{"taxonomy":"product_brand","embeddable":true,"href":"https:\/\/yingmeipack.com\/de\/wp-json\/wp\/v2\/product_brand?post=4029"},{"taxonomy":"product_cat","embeddable":true,"href":"https:\/\/yingmeipack.com\/de\/wp-json\/wp\/v2\/product_cat?post=4029"},{"taxonomy":"product_tag","embeddable":true,"href":"https:\/\/yingmeipack.com\/de\/wp-json\/wp\/v2\/product_tag?post=4029"}],"curies":[{"name":"wp","href":"https:\/\/api.w.org\/{rel}","templated":true}]}}