{"id":4012,"date":"2025-09-09T00:55:14","date_gmt":"2025-09-09T00:55:14","guid":{"rendered":"https:\/\/yingmeipack.com\/?post_type=product&#038;p=4012"},"modified":"2025-09-09T01:25:41","modified_gmt":"2025-09-09T01:25:41","slug":"250ml-airtight-transparent-pet-jar-with-gold-aluminum-cap","status":"publish","type":"product","link":"https:\/\/yingmeipack.com\/de\/product\/250ml-airtight-transparent-pet-jar-with-gold-aluminum-cap\/","title":{"rendered":"250ml Airtight Transparent PET Jar with Gold Aluminum Cap"},"content":{"rendered":"","protected":false},"excerpt":{"rendered":"<p>Size: dia85mm*h63mm<\/p>\n<p>\u3010High Quality Material\u3011This plastic jars with lids are made of high quality food grade PET plastic,BPA-Free,sturdy,durable,reusable,transparent and lightweight.You can safely use these empty jars to fill your food without worrying about the effects of the jars,these food jars will meet your needs for your food storage,just put your favourite food in it.<br \/>\n\u3010Leak Proof Design\u3011The plastic jars with gold aluminum lids adopt leak proof design,there have screw thread and gasket seals on the top of the slime container,possessing good airtightness can effectively prevent leakage and prevent the moisture in the clear jars from contacting the air, resulting in dry and wet items.<br \/>\n\u3010Widely Use\u3011Diese Lebensmittel Gl\u00e4ser sind sehr geeignet f\u00fcr Marmelade, getrocknete Lebensmittel, N\u00fcsse, Gew\u00fcrze, Mehl, Zucker und verschiedene Lebensmittel Lagerung, sondern auch die ideale kosmetische Beh\u00e4lter f\u00fcr Peelings, K\u00f6rperbutter, Lotion, Badesalz, perfekt f\u00fcr Sie, um Ihre eigenen DIY K\u00f6rper oder Haarpflege Produktion.Nat\u00fcrlich k\u00f6nnen Sie diese Schleim Beh\u00e4lter verwenden, um Ihre Schleim oder andere kleine Teil wie Schraube oder Nagel zu speichern, als Geschenk an einen Freund ist auch eine gute Wahl.<br \/>\n\u3010WORRY-FREE AFTER-SALES\u3011Wenn Sie irgendwelche Gebrauchsprobleme \u00fcber unsere Gl\u00e4ser mit Deckeln haben, die nicht gel\u00f6st werden k\u00f6nnen, z\u00f6gern Sie bitte nicht, uns f\u00fcr Hilfe zu kontaktieren.Kundenzufriedenheit mit unseren Kunststoffgl\u00e4sern mit Deckeln ist zuerst zu uns. Wir werden Ihnen sofort antworten, um Ihr Problem zu l\u00f6sen und Ihnen eine zufriedenstellende Antwort zu geben, stellen Sie sicher, dass Sie einen gro\u00dfartigen Service mit unseren Kunststoffgl\u00e4sern erhalten.<\/p>","protected":false},"featured_media":4013,"template":"","meta":{"_kad_post_transparent":"default","_kad_post_title":"","_kad_post_layout":"default","_kad_post_sidebar_id":"","_kad_post_content_style":"default","_kad_post_vertical_padding":"default","_kad_post_feature":"","_kad_post_feature_position":"","_kad_post_header":false,"_kad_post_footer":false,"jetpack_publicize_message":"","jetpack_publicize_feature_enabled":true,"jetpack_social_post_already_shared":true,"jetpack_social_options":{"image_generator_settings":{"template":"highway","default_image_id":0,"enabled":false},"version":2}},"product_brand":[],"product_cat":[19,24,20,25],"product_tag":[215,217,762],"class_list":{"0":"post-4012","1":"product","2":"type-product","3":"status-publish","4":"has-post-thumbnail","6":"product_cat-bottles","7":"product_cat-jars","8":"product_cat-plastic-bottles","9":"product_cat-plastic-jars","10":"product_tag-bpa-free-pet-plastic-jars","11":"product_tag-plastic-jar-with-gold-lid","12":"product_tag-transparent-pet-jar","14":"first","15":"instock","16":"shipping-taxable","17":"product-type-simple","18":"entry","19":"content-bg","20":"loop-entry"},"aioseo_notices":[],"jetpack_publicize_connections":[],"jetpack_sharing_enabled":true,"_links":{"self":[{"href":"https:\/\/yingmeipack.com\/de\/wp-json\/wp\/v2\/product\/4012","targetHints":{"allow":["GET"]}}],"collection":[{"href":"https:\/\/yingmeipack.com\/de\/wp-json\/wp\/v2\/product"}],"about":[{"href":"https:\/\/yingmeipack.com\/de\/wp-json\/wp\/v2\/types\/product"}],"version-history":[{"count":1,"href":"https:\/\/yingmeipack.com\/de\/wp-json\/wp\/v2\/product\/4012\/revisions"}],"predecessor-version":[{"id":4019,"href":"https:\/\/yingmeipack.com\/de\/wp-json\/wp\/v2\/product\/4012\/revisions\/4019"}],"wp:featuredmedia":[{"embeddable":true,"href":"https:\/\/yingmeipack.com\/de\/wp-json\/wp\/v2\/media\/4013"}],"wp:attachment":[{"href":"https:\/\/yingmeipack.com\/de\/wp-json\/wp\/v2\/media?parent=4012"}],"wp:term":[{"taxonomy":"product_brand","embeddable":true,"href":"https:\/\/yingmeipack.com\/de\/wp-json\/wp\/v2\/product_brand?post=4012"},{"taxonomy":"product_cat","embeddable":true,"href":"https:\/\/yingmeipack.com\/de\/wp-json\/wp\/v2\/product_cat?post=4012"},{"taxonomy":"product_tag","embeddable":true,"href":"https:\/\/yingmeipack.com\/de\/wp-json\/wp\/v2\/product_tag?post=4012"}],"curies":[{"name":"wp","href":"https:\/\/api.w.org\/{rel}","templated":true}]}}