{"id":400,"date":"2022-11-21T02:30:29","date_gmt":"2022-11-21T02:30:29","guid":{"rendered":"https:\/\/yingmeipack.com\/?post_type=product&#038;p=400"},"modified":"2025-06-05T09:53:44","modified_gmt":"2025-06-05T09:53:44","slug":"200g-screw-aluminum-jar-shallow-round-screw-top-seamless-tin","status":"publish","type":"product","link":"https:\/\/yingmeipack.com\/de\/product\/200g-screw-aluminum-jar-shallow-round-screw-top-seamless-tin\/","title":{"rendered":"200g Schraube Aluminium Glas flache Runde Schraube oben nahtlose Zinn"},"content":{"rendered":"","protected":false},"excerpt":{"rendered":"<p>Das Paket enth\u00e4lt: Packung mit 20 St\u00fcck. Die Schraubdeckel der Beh\u00e4lter haben keine scharfen Kanten, alle Kanten sind abgerundet, um Kratzer in der Hand zu vermeiden.<br \/>\nHochwertiges Material: Diese runden Aluminiumdosen sind aus langlebigem, leichtem und korrosionsbest\u00e4ndigem verzinntem Aluminium hergestellt. Sie haben einen leicht zu \u00f6ffnenden und zu schlie\u00dfenden Schraubdeckel und sch\u00fctzen Ihre Artikel vor direkter Sonneneinstrahlung und hohen Temperaturen.<br \/>\nGr\u00f6\u00dfe: 92 mm Durchmesser x 45 mm H\u00f6he, Fassungsverm\u00f6gen: 200 Gramm. Bequem zu tragen: diese Gl\u00e4ser passen nahtlos in Ihre Tasche, Geldb\u00f6rse, Handtasche, Rucksack, oder Gep\u00e4ck.<br \/>\nDie Mehrzweckdosen k\u00f6nnen zur Aufbewahrung von Kerzen als Partygeschenk verwendet werden, au\u00dferdem sind sie ein ideales Geschenk, das zur Aufbewahrung einer Vielzahl von Gegenst\u00e4nden wie Lippenbalsam, Kosmetika, Probierdosen, Lipgloss und anderem Kunstzubeh\u00f6r dient.<br \/>\nQualit\u00e4t und Effizienz: jedes Produkt wurde sorgf\u00e4ltig ausgew\u00e4hlt und gepr\u00fcft. Wenn Sie auf unangenehme Gr\u00fcnde sto\u00dfen, kontaktieren Sie uns bitte rechtzeitig.<\/p>","protected":false},"featured_media":401,"template":"","meta":{"_kad_post_transparent":"default","_kad_post_title":"","_kad_post_layout":"default","_kad_post_sidebar_id":"","_kad_post_content_style":"default","_kad_post_vertical_padding":"default","_kad_post_feature":"","_kad_post_feature_position":"","_kad_post_header":false,"_kad_post_footer":false,"jetpack_publicize_message":"","jetpack_publicize_feature_enabled":true,"jetpack_social_post_already_shared":false,"jetpack_social_options":{"image_generator_settings":{"template":"highway","default_image_id":0,"enabled":false},"version":2}},"product_brand":[],"product_cat":[28,24,27],"product_tag":[85,143,144,145],"class_list":{"0":"post-400","1":"product","2":"type-product","3":"status-publish","4":"has-post-thumbnail","6":"product_cat-aluminum-jars","7":"product_cat-jars","8":"product_cat-metal-jars","9":"product_tag-round-aluminum-jar","10":"product_tag-screw-aluminum-jar","11":"product_tag-screw-top-seamless-tin","12":"product_tag-shallow-aluminum-jar","14":"first","15":"instock","16":"shipping-taxable","17":"purchasable","18":"product-type-simple","19":"entry","20":"content-bg","21":"loop-entry"},"aioseo_notices":[],"jetpack_publicize_connections":[],"jetpack_sharing_enabled":true,"_links":{"self":[{"href":"https:\/\/yingmeipack.com\/de\/wp-json\/wp\/v2\/product\/400","targetHints":{"allow":["GET"]}}],"collection":[{"href":"https:\/\/yingmeipack.com\/de\/wp-json\/wp\/v2\/product"}],"about":[{"href":"https:\/\/yingmeipack.com\/de\/wp-json\/wp\/v2\/types\/product"}],"version-history":[{"count":1,"href":"https:\/\/yingmeipack.com\/de\/wp-json\/wp\/v2\/product\/400\/revisions"}],"predecessor-version":[{"id":407,"href":"https:\/\/yingmeipack.com\/de\/wp-json\/wp\/v2\/product\/400\/revisions\/407"}],"wp:featuredmedia":[{"embeddable":true,"href":"https:\/\/yingmeipack.com\/de\/wp-json\/wp\/v2\/media\/401"}],"wp:attachment":[{"href":"https:\/\/yingmeipack.com\/de\/wp-json\/wp\/v2\/media?parent=400"}],"wp:term":[{"taxonomy":"product_brand","embeddable":true,"href":"https:\/\/yingmeipack.com\/de\/wp-json\/wp\/v2\/product_brand?post=400"},{"taxonomy":"product_cat","embeddable":true,"href":"https:\/\/yingmeipack.com\/de\/wp-json\/wp\/v2\/product_cat?post=400"},{"taxonomy":"product_tag","embeddable":true,"href":"https:\/\/yingmeipack.com\/de\/wp-json\/wp\/v2\/product_tag?post=400"}],"curies":[{"name":"wp","href":"https:\/\/api.w.org\/{rel}","templated":true}]}}