{"id":391,"date":"2022-11-20T14:30:03","date_gmt":"2022-11-20T14:30:03","guid":{"rendered":"https:\/\/yingmeipack.com\/?post_type=product&#038;p=391"},"modified":"2022-11-20T14:38:21","modified_gmt":"2022-11-20T14:38:21","slug":"custom-empty-mascara-tube-container-bottle-with-eyelash-wand","status":"publish","type":"product","link":"https:\/\/yingmeipack.com\/de\/product\/custom-empty-mascara-tube-container-bottle-with-eyelash-wand\/","title":{"rendered":"Custom Empty Mascara Tube Container Flasche mit Wimpernstab"},"content":{"rendered":"","protected":false},"excerpt":{"rendered":"<p>Wir bieten eine Reihe von aufregenden Mascarabeh\u00e4ltern, Stiften und B\u00fcrsten in verschiedenen Formen, Farben, Materialien und Profilen. Unsere leeren Mascarabeh\u00e4lter werden aus hochwertigen Materialien wie AS, ABS, PETG und PCTG hergestellt. Jeder Artikel ist f\u00fcr die Verwendung mit Make-up in der Sch\u00f6nheits- und Kosmetikindustrie konzipiert. Die von uns hergestellten und gelieferten Mascara-Verpackungsbeh\u00e4lter sind garantiert von hervorragender Qualit\u00e4t und haben einen wettbewerbsf\u00e4higen Preis. Unser Team ist stolz auf seine p\u00fcnktliche Lieferung, um Ihre Produktfristen einzuhalten. Die Kunden k\u00f6nnen dar\u00fcber hinaus alle Details entsprechend ihren eigenen Anforderungen an die Markenbildung anpassen.<\/p>","protected":false},"featured_media":392,"template":"","meta":{"_kad_post_transparent":"default","_kad_post_title":"","_kad_post_layout":"default","_kad_post_sidebar_id":"","_kad_post_content_style":"default","_kad_post_vertical_padding":"default","_kad_post_feature":"","_kad_post_feature_position":"","_kad_post_header":false,"_kad_post_footer":false,"jetpack_publicize_message":"","jetpack_publicize_feature_enabled":true,"jetpack_social_post_already_shared":false,"jetpack_social_options":{"image_generator_settings":{"template":"highway","default_image_id":0,"enabled":false},"version":2}},"product_brand":[],"product_cat":[46],"product_tag":[142,140,139,141],"class_list":{"0":"post-391","1":"product","2":"type-product","3":"status-publish","4":"has-post-thumbnail","6":"product_cat-mascara","7":"product_tag-empty-mascara-bottle","8":"product_tag-empty-mascara-container","9":"product_tag-empty-mascara-tube","10":"product_tag-mascara-tube-with-eyelash-wand","12":"first","13":"instock","14":"shipping-taxable","15":"product-type-simple","16":"entry","17":"content-bg","18":"loop-entry"},"aioseo_notices":[],"jetpack_publicize_connections":[],"jetpack_sharing_enabled":true,"_links":{"self":[{"href":"https:\/\/yingmeipack.com\/de\/wp-json\/wp\/v2\/product\/391","targetHints":{"allow":["GET"]}}],"collection":[{"href":"https:\/\/yingmeipack.com\/de\/wp-json\/wp\/v2\/product"}],"about":[{"href":"https:\/\/yingmeipack.com\/de\/wp-json\/wp\/v2\/types\/product"}],"version-history":[{"count":2,"href":"https:\/\/yingmeipack.com\/de\/wp-json\/wp\/v2\/product\/391\/revisions"}],"predecessor-version":[{"id":398,"href":"https:\/\/yingmeipack.com\/de\/wp-json\/wp\/v2\/product\/391\/revisions\/398"}],"wp:featuredmedia":[{"embeddable":true,"href":"https:\/\/yingmeipack.com\/de\/wp-json\/wp\/v2\/media\/392"}],"wp:attachment":[{"href":"https:\/\/yingmeipack.com\/de\/wp-json\/wp\/v2\/media?parent=391"}],"wp:term":[{"taxonomy":"product_brand","embeddable":true,"href":"https:\/\/yingmeipack.com\/de\/wp-json\/wp\/v2\/product_brand?post=391"},{"taxonomy":"product_cat","embeddable":true,"href":"https:\/\/yingmeipack.com\/de\/wp-json\/wp\/v2\/product_cat?post=391"},{"taxonomy":"product_tag","embeddable":true,"href":"https:\/\/yingmeipack.com\/de\/wp-json\/wp\/v2\/product_tag?post=391"}],"curies":[{"name":"wp","href":"https:\/\/api.w.org\/{rel}","templated":true}]}}