{"id":3858,"date":"2025-09-03T03:56:44","date_gmt":"2025-09-03T03:56:44","guid":{"rendered":"https:\/\/yingmeipack.com\/?post_type=product&#038;p=3858"},"modified":"2025-09-03T06:19:26","modified_gmt":"2025-09-03T06:19:26","slug":"bulk-150ml-silver-lift-off-lid-aluminum-can-wholesale","status":"publish","type":"product","link":"https:\/\/yingmeipack.com\/de\/product\/bulk-150ml-silver-lift-off-lid-aluminum-can-wholesale\/","title":{"rendered":"Bulk 150ml Silver Lift-Off Lid Aluminum Can Wholesale"},"content":{"rendered":"","protected":false},"excerpt":{"rendered":"<p>150 Gram Aluminum Silver Tin Metal Storage Containers with Flip Top Lids<br \/>\nCapacity: 150G\/150ML<br \/>\nAlle Gl\u00e4ser enthalten einen Boden und einen Deckel (z. B.: 12 Gl\u00e4ser = 12 B\u00f6den und 12 Deckel)<br \/>\nDimensions: 95mm*23mm<br \/>\nLeicht und kompakt, perfekt f\u00fcr Reisen<br \/>\nCan be Used to Store a Wide Variety of Items \u2013 From Cosmetics to Jewelry to Art Supplies and Hardware<br \/>\nWiederverwendbare Aluminiumdosen zur Aufbewahrung von Cremes, Lotionen, Make-up, Kosmetika, Lippenbalsam, Peelings, Salben, Nagelzubeh\u00f6r, Anh\u00e4ngern, Perlen, kleinem Schmuck und mehr<br \/>\nKann zum Mischen oder Probieren von Sch\u00f6nheits- oder Gesundheitsprodukten verwendet werden<br \/>\nIdeal f\u00fcr den professionellen oder privaten Gebrauch<\/p>","protected":false},"featured_media":3862,"template":"","meta":{"_kad_post_transparent":"default","_kad_post_title":"","_kad_post_layout":"default","_kad_post_sidebar_id":"","_kad_post_content_style":"default","_kad_post_vertical_padding":"default","_kad_post_feature":"","_kad_post_feature_position":"","_kad_post_header":false,"_kad_post_footer":false,"jetpack_publicize_message":"","jetpack_publicize_feature_enabled":true,"jetpack_social_post_already_shared":true,"jetpack_social_options":{"image_generator_settings":{"template":"highway","default_image_id":0,"enabled":false},"version":2}},"product_brand":[],"product_cat":[28,24,27],"product_tag":[718,723,722,720],"class_list":{"0":"post-3858","1":"product","2":"type-product","3":"status-publish","4":"has-post-thumbnail","6":"product_cat-aluminum-jars","7":"product_cat-jars","8":"product_cat-metal-jars","9":"product_tag-aluminum-can","10":"product_tag-bulkbulk-150ml-aluminum-can","11":"product_tag-lift-off-lid","12":"product_tag-wholesale","14":"first","15":"instock","16":"shipping-taxable","17":"purchasable","18":"product-type-simple","19":"entry","20":"content-bg","21":"loop-entry"},"aioseo_notices":[],"jetpack_publicize_connections":[],"jetpack_sharing_enabled":true,"_links":{"self":[{"href":"https:\/\/yingmeipack.com\/de\/wp-json\/wp\/v2\/product\/3858","targetHints":{"allow":["GET"]}}],"collection":[{"href":"https:\/\/yingmeipack.com\/de\/wp-json\/wp\/v2\/product"}],"about":[{"href":"https:\/\/yingmeipack.com\/de\/wp-json\/wp\/v2\/types\/product"}],"version-history":[{"count":1,"href":"https:\/\/yingmeipack.com\/de\/wp-json\/wp\/v2\/product\/3858\/revisions"}],"predecessor-version":[{"id":3866,"href":"https:\/\/yingmeipack.com\/de\/wp-json\/wp\/v2\/product\/3858\/revisions\/3866"}],"wp:featuredmedia":[{"embeddable":true,"href":"https:\/\/yingmeipack.com\/de\/wp-json\/wp\/v2\/media\/3862"}],"wp:attachment":[{"href":"https:\/\/yingmeipack.com\/de\/wp-json\/wp\/v2\/media?parent=3858"}],"wp:term":[{"taxonomy":"product_brand","embeddable":true,"href":"https:\/\/yingmeipack.com\/de\/wp-json\/wp\/v2\/product_brand?post=3858"},{"taxonomy":"product_cat","embeddable":true,"href":"https:\/\/yingmeipack.com\/de\/wp-json\/wp\/v2\/product_cat?post=3858"},{"taxonomy":"product_tag","embeddable":true,"href":"https:\/\/yingmeipack.com\/de\/wp-json\/wp\/v2\/product_tag?post=3858"}],"curies":[{"name":"wp","href":"https:\/\/api.w.org\/{rel}","templated":true}]}}