{"id":383,"date":"2022-11-20T09:10:18","date_gmt":"2022-11-20T09:10:18","guid":{"rendered":"https:\/\/yingmeipack.com\/?post_type=product&#038;p=383"},"modified":"2022-11-20T14:28:26","modified_gmt":"2022-11-20T14:28:26","slug":"1000ml-airtight-portable-silver-aluminum-storage-jars-tins","status":"publish","type":"product","link":"https:\/\/yingmeipack.com\/de\/product\/1000ml-airtight-portable-silver-aluminum-storage-jars-tins\/","title":{"rendered":"1000ml Luftdicht Portable Silber Aluminium Lagerung Gl\u00e4ser Dosen"},"content":{"rendered":"","protected":false},"excerpt":{"rendered":"<p>Wenn Sie auf der Suche nach einer gro\u00dfen Aluminiumflasche sind, dann suchen Sie nicht weiter. Mit einem Volumen von 1000ml und einer Gr\u00f6\u00dfe von 83x195mm ist diese Sch\u00f6nheit die gr\u00f6\u00dfte Metallflasche in unserem Sortiment. Trotz ihres gro\u00dfen Volumens hat sie ein extrem schlankes und leichtes Design. Die Flasche ist au\u00dferdem nahtlos, was ihr ein hochwertiges Finish verleiht. Zusammen mit ihrem glatten Metall-Look verleiht diese sch\u00f6ne Flasche Ihrer Produktlinie garantiert einen Hauch von Klasse und Eleganz. Trotz ihres geringen Gewichts ist die Flasche sehr haltbar. Dadurch eignet sie sich sowohl f\u00fcr gewerbliche als auch f\u00fcr industrielle Verpackungszwecke. Die Flasche ist aus rostfreiem Aluminium gefertigt, so dass Sie sie gefahrlos im Badezimmer und in jeder anderen feuchten Umgebung verwenden k\u00f6nnen. Wenn Sie auf der Suche nach einem gro\u00dfen Beh\u00e4lter zur Aufbewahrung von Lebensmitteln, Kosmetika oder Medikamenten sind, ist unser 1000-ml-Aluminiumgef\u00e4\u00df die perfekte Wahl f\u00fcr Sie.<\/p>","protected":false},"featured_media":384,"template":"","meta":{"_kad_post_transparent":"default","_kad_post_title":"","_kad_post_layout":"default","_kad_post_sidebar_id":"","_kad_post_content_style":"default","_kad_post_vertical_padding":"default","_kad_post_feature":"","_kad_post_feature_position":"","_kad_post_header":false,"_kad_post_footer":false,"jetpack_publicize_message":"","jetpack_publicize_feature_enabled":true,"jetpack_social_post_already_shared":false,"jetpack_social_options":{"image_generator_settings":{"template":"highway","default_image_id":0,"enabled":false},"version":2}},"product_brand":[],"product_cat":[28,24,27],"product_tag":[138,136,134,135,137],"class_list":{"0":"post-383","1":"product","2":"type-product","3":"status-publish","4":"has-post-thumbnail","6":"product_cat-aluminum-jars","7":"product_cat-jars","8":"product_cat-metal-jars","9":"product_tag-1000ml-aluminum-jars","10":"product_tag-airtight-aluminum-jars","11":"product_tag-aluminum-storage-jar","12":"product_tag-aluminum-storage-tins","13":"product_tag-portable-aluminum-jars","15":"first","16":"instock","17":"shipping-taxable","18":"product-type-simple","19":"entry","20":"content-bg","21":"loop-entry"},"aioseo_notices":[],"jetpack_publicize_connections":[],"jetpack_sharing_enabled":true,"_links":{"self":[{"href":"https:\/\/yingmeipack.com\/de\/wp-json\/wp\/v2\/product\/383","targetHints":{"allow":["GET"]}}],"collection":[{"href":"https:\/\/yingmeipack.com\/de\/wp-json\/wp\/v2\/product"}],"about":[{"href":"https:\/\/yingmeipack.com\/de\/wp-json\/wp\/v2\/types\/product"}],"version-history":[{"count":2,"href":"https:\/\/yingmeipack.com\/de\/wp-json\/wp\/v2\/product\/383\/revisions"}],"predecessor-version":[{"id":390,"href":"https:\/\/yingmeipack.com\/de\/wp-json\/wp\/v2\/product\/383\/revisions\/390"}],"wp:featuredmedia":[{"embeddable":true,"href":"https:\/\/yingmeipack.com\/de\/wp-json\/wp\/v2\/media\/384"}],"wp:attachment":[{"href":"https:\/\/yingmeipack.com\/de\/wp-json\/wp\/v2\/media?parent=383"}],"wp:term":[{"taxonomy":"product_brand","embeddable":true,"href":"https:\/\/yingmeipack.com\/de\/wp-json\/wp\/v2\/product_brand?post=383"},{"taxonomy":"product_cat","embeddable":true,"href":"https:\/\/yingmeipack.com\/de\/wp-json\/wp\/v2\/product_cat?post=383"},{"taxonomy":"product_tag","embeddable":true,"href":"https:\/\/yingmeipack.com\/de\/wp-json\/wp\/v2\/product_tag?post=383"}],"curies":[{"name":"wp","href":"https:\/\/api.w.org\/{rel}","templated":true}]}}