{"id":3763,"date":"2025-08-30T09:58:55","date_gmt":"2025-08-30T09:58:55","guid":{"rendered":"https:\/\/yingmeipack.com\/?post_type=product&#038;p=3763"},"modified":"2025-09-06T09:09:05","modified_gmt":"2025-09-06T09:09:05","slug":"50ml-transparent-printed-pet-plastic-jar-with-aluminum-cap","status":"publish","type":"product","link":"https:\/\/yingmeipack.com\/de\/product\/50ml-transparent-printed-pet-plastic-jar-with-aluminum-cap\/","title":{"rendered":"50ml transparent printed PET plastic jar with aluminum cap"},"content":{"rendered":"","protected":false},"excerpt":{"rendered":"<p>Size: mouth:38mm, body: 50mm,bottom:42mm,<\/p>\n<p>\u3010Hochwertiges Material\u3011Diese Kunststoffgl\u00e4ser mit Deckel sind aus hochwertigem lebensmittelechtem PET-Kunststoff, robust, langlebig, wiederverwendbar, transparent und leicht.Sie k\u00f6nnen diese leeren Gl\u00e4ser sicher verwenden, um Ihre Lebensmittel zu f\u00fcllen, ohne sich um die Auswirkungen der Gl\u00e4ser zu sorgen.Diese Lebensmittelgl\u00e4ser werden Ihre Bed\u00fcrfnisse f\u00fcr Ihre Lebensmittellagerung erf\u00fcllen, legen Sie einfach Ihr Lieblingsessen hinein.<br \/>\n\u3010Leak Proof Design\u3011The plastic jars with aluminum caps adopt leak proof design,there have screw thread and gasket seals on the top of the slime container,possessing good airtightness can effectively prevent leakage and prevent the moisture in the clear jars from contacting the air, resulting in dry and wet items.<br \/>\n\u3010Widely Use\u3011Diese Lebensmittel Gl\u00e4ser sind sehr geeignet f\u00fcr Marmelade, getrocknete Lebensmittel, N\u00fcsse, Gew\u00fcrze, Mehl, Zucker und verschiedene Lebensmittel Lagerung, sondern auch die ideale kosmetische Beh\u00e4lter f\u00fcr Peelings, K\u00f6rperbutter, Lotion, Badesalz, perfekt f\u00fcr Sie, um Ihre eigenen DIY K\u00f6rper oder Haarpflege Produktion.Nat\u00fcrlich k\u00f6nnen Sie diese Schleim Beh\u00e4lter verwenden, um Ihre Schleim oder andere kleine Teil wie Schraube oder Nagel zu speichern, als Geschenk an einen Freund ist auch eine gute Wahl.<br \/>\n\u3010WORRY-FREE AFTER-SALES\u3011Wenn Sie irgendwelche Gebrauchsprobleme \u00fcber unsere Gl\u00e4ser mit Deckeln haben, die nicht gel\u00f6st werden k\u00f6nnen, z\u00f6gern Sie bitte nicht, uns f\u00fcr Hilfe zu kontaktieren.Kundenzufriedenheit mit unseren Kunststoffgl\u00e4sern mit Deckeln ist zuerst zu uns. Wir werden Ihnen sofort antworten, um Ihr Problem zu l\u00f6sen und Ihnen eine zufriedenstellende Antwort zu geben, stellen Sie sicher, dass Sie einen gro\u00dfartigen Service mit unseren Kunststoffgl\u00e4sern erhalten.<\/p>","protected":false},"featured_media":3969,"template":"","meta":{"_kad_post_transparent":"default","_kad_post_title":"","_kad_post_layout":"default","_kad_post_sidebar_id":"","_kad_post_content_style":"default","_kad_post_vertical_padding":"default","_kad_post_feature":"","_kad_post_feature_position":"","_kad_post_header":false,"_kad_post_footer":false,"jetpack_publicize_message":"","jetpack_publicize_feature_enabled":true,"jetpack_social_post_already_shared":true,"jetpack_social_options":{"image_generator_settings":{"template":"highway","default_image_id":0,"enabled":false},"version":2}},"product_brand":[],"product_cat":[19,24,20,25],"product_tag":[756,753,754,755],"class_list":{"0":"post-3763","1":"product","2":"type-product","3":"status-publish","4":"has-post-thumbnail","6":"product_cat-bottles","7":"product_cat-jars","8":"product_cat-plastic-bottles","9":"product_cat-plastic-jars","10":"product_tag-diy-gift-jar","11":"product_tag-food-grade-pet","12":"product_tag-leak-proof-design","13":"product_tag-multi-use-container","15":"first","16":"instock","17":"shipping-taxable","18":"product-type-simple","19":"entry","20":"content-bg","21":"loop-entry"},"aioseo_notices":[],"jetpack_publicize_connections":[],"jetpack_sharing_enabled":true,"_links":{"self":[{"href":"https:\/\/yingmeipack.com\/de\/wp-json\/wp\/v2\/product\/3763","targetHints":{"allow":["GET"]}}],"collection":[{"href":"https:\/\/yingmeipack.com\/de\/wp-json\/wp\/v2\/product"}],"about":[{"href":"https:\/\/yingmeipack.com\/de\/wp-json\/wp\/v2\/types\/product"}],"version-history":[{"count":1,"href":"https:\/\/yingmeipack.com\/de\/wp-json\/wp\/v2\/product\/3763\/revisions"}],"predecessor-version":[{"id":3975,"href":"https:\/\/yingmeipack.com\/de\/wp-json\/wp\/v2\/product\/3763\/revisions\/3975"}],"wp:featuredmedia":[{"embeddable":true,"href":"https:\/\/yingmeipack.com\/de\/wp-json\/wp\/v2\/media\/3969"}],"wp:attachment":[{"href":"https:\/\/yingmeipack.com\/de\/wp-json\/wp\/v2\/media?parent=3763"}],"wp:term":[{"taxonomy":"product_brand","embeddable":true,"href":"https:\/\/yingmeipack.com\/de\/wp-json\/wp\/v2\/product_brand?post=3763"},{"taxonomy":"product_cat","embeddable":true,"href":"https:\/\/yingmeipack.com\/de\/wp-json\/wp\/v2\/product_cat?post=3763"},{"taxonomy":"product_tag","embeddable":true,"href":"https:\/\/yingmeipack.com\/de\/wp-json\/wp\/v2\/product_tag?post=3763"}],"curies":[{"name":"wp","href":"https:\/\/api.w.org\/{rel}","templated":true}]}}