{"id":376,"date":"2022-11-20T08:57:22","date_gmt":"2022-11-20T08:57:22","guid":{"rendered":"https:\/\/yingmeipack.com\/?post_type=product&#038;p=376"},"modified":"2022-11-20T09:07:56","modified_gmt":"2022-11-20T09:07:56","slug":"smooth-metal-aluminum-plastic-screw-cover-cap-lid-for-jars","status":"publish","type":"product","link":"https:\/\/yingmeipack.com\/de\/product\/smooth-metal-aluminum-plastic-screw-cover-cap-lid-for-jars\/","title":{"rendered":"Glatter Metall-Aluminium-Kunststoff-Schraubdeckel Deckel f\u00fcr Gl\u00e4ser"},"content":{"rendered":"","protected":false},"excerpt":{"rendered":"<p>Wir k\u00f6nnen eine gro\u00dfe Auswahl an Metall- und Kunststoffverschl\u00fcssen anbieten, die f\u00fcr Glasflaschen, Gl\u00e4ser und Kr\u00fcge geeignet sind. Diese Metallverschl\u00fcsse sind von der FDA zugelassen und in Aluminium oder elektrolytischem Wei\u00dfblech (verzinnter Stahl) erh\u00e4ltlich. Zu den Farben geh\u00f6ren Silber, Zinn, Aluminium, Gold, Schwarz, Wei\u00df, Gelb und Rot. Es sind verschiedene Auskleidungen erh\u00e4ltlich, darunter Zellstoff &amp; Poly, Zellstoff &amp; Poly-Vinyl, F-217, Zellstoff &amp; Aluminiumfolie und Plastisol.<br \/>\nUnsere Metallkappen sind Einweg-Metallverschl\u00fcsse aus Wei\u00dfblech. Eine manuelle Vorrichtung oder automatische Produktionslinien beeinflussen den Verschlussprozess. Der Verschluss eignet sich f\u00fcr alle Hei\u00df- und Kaltabf\u00fcllungen f\u00fcr trockene, w\u00e4ssrige und fetthaltige Produkte unter Pasteurisierungs- und Sterilisationsverfahren. Dieser Verschluss wird haupts\u00e4chlich f\u00fcr Obst, Gem\u00fcse, Fleisch, So\u00dfen und kleine Portionen von Spezialit\u00e4ten verwendet und ist eine optimale Wahl f\u00fcr jede Art von Lebensmittelprodukt.<\/p>","protected":false},"featured_media":377,"template":"","meta":{"_kad_post_transparent":"default","_kad_post_title":"","_kad_post_layout":"default","_kad_post_sidebar_id":"","_kad_post_content_style":"default","_kad_post_vertical_padding":"default","_kad_post_feature":"","_kad_post_feature_position":"","_kad_post_header":false,"_kad_post_footer":false,"jetpack_publicize_message":"","jetpack_publicize_feature_enabled":true,"jetpack_social_post_already_shared":false,"jetpack_social_options":{"image_generator_settings":{"template":"highway","default_image_id":0,"enabled":false},"version":2}},"product_brand":[],"product_cat":[34],"product_tag":[132,133,131,130],"class_list":{"0":"post-376","1":"product","2":"type-product","3":"status-publish","4":"has-post-thumbnail","6":"product_cat-caps","7":"product_tag-plastic-screw-cap","8":"product_tag-plastic-screw-lid","9":"product_tag-screw-cover","10":"product_tag-screw-cover-cap","12":"first","13":"instock","14":"shipping-taxable","15":"product-type-simple","16":"entry","17":"content-bg","18":"loop-entry"},"aioseo_notices":[],"jetpack_publicize_connections":[],"jetpack_sharing_enabled":true,"_links":{"self":[{"href":"https:\/\/yingmeipack.com\/de\/wp-json\/wp\/v2\/product\/376","targetHints":{"allow":["GET"]}}],"collection":[{"href":"https:\/\/yingmeipack.com\/de\/wp-json\/wp\/v2\/product"}],"about":[{"href":"https:\/\/yingmeipack.com\/de\/wp-json\/wp\/v2\/types\/product"}],"version-history":[{"count":1,"href":"https:\/\/yingmeipack.com\/de\/wp-json\/wp\/v2\/product\/376\/revisions"}],"predecessor-version":[{"id":382,"href":"https:\/\/yingmeipack.com\/de\/wp-json\/wp\/v2\/product\/376\/revisions\/382"}],"wp:featuredmedia":[{"embeddable":true,"href":"https:\/\/yingmeipack.com\/de\/wp-json\/wp\/v2\/media\/377"}],"wp:attachment":[{"href":"https:\/\/yingmeipack.com\/de\/wp-json\/wp\/v2\/media?parent=376"}],"wp:term":[{"taxonomy":"product_brand","embeddable":true,"href":"https:\/\/yingmeipack.com\/de\/wp-json\/wp\/v2\/product_brand?post=376"},{"taxonomy":"product_cat","embeddable":true,"href":"https:\/\/yingmeipack.com\/de\/wp-json\/wp\/v2\/product_cat?post=376"},{"taxonomy":"product_tag","embeddable":true,"href":"https:\/\/yingmeipack.com\/de\/wp-json\/wp\/v2\/product_tag?post=376"}],"curies":[{"name":"wp","href":"https:\/\/api.w.org\/{rel}","templated":true}]}}