{"id":3744,"date":"2025-08-30T03:44:11","date_gmt":"2025-08-30T03:44:11","guid":{"rendered":"https:\/\/yingmeipack.com\/?post_type=product&#038;p=3744"},"modified":"2025-08-30T03:55:30","modified_gmt":"2025-08-30T03:55:30","slug":"40ml-silver-slide-top-aluminum-can-modern-cosmetic-jar","status":"publish","type":"product","link":"https:\/\/yingmeipack.com\/de\/product\/40ml-silver-slide-top-aluminum-can-modern-cosmetic-jar\/","title":{"rendered":"40ml Silver Slide-Top Aluminum Can Modern Cosmetic Jar"},"content":{"rendered":"","protected":false},"excerpt":{"rendered":"<p>Verleihen Sie Ihrem besonderen Anlass eine kreative Note! Diese stilvollen Boxen eignen sich hervorragend als Tischdekoration und Geschenk f\u00fcr Hochzeiten, Babypartys, Jubil\u00e4en oder Geburtstage. Dekorieren Sie sie einfach passend zu Ihrem Thema und f\u00fcllen Sie sie dann mit Ihren Lieblingsleckereien f\u00fcr die G\u00e4ste.<br \/>\nSilver Aluminum Tins reusable, lightweight and ideal for travel.<br \/>\nDie Dosen sind aus hochwertigem, langlebigem und leichtem Aluminium gefertigt.<br \/>\nUnsere Aluminiumdosen k\u00f6nnen zur Aufbewahrung einer Vielzahl von Gegenst\u00e4nden wie Lippenbalsam, Rasierwasser, Shampoo, Kosmetika, Kerzen, Lipgloss und anderem Kunstzubeh\u00f6r verwendet werden. Perfekt f\u00fcr Ihre handgemachte Wahl.<br \/>\nSlip-on style lids, don&#8217;t screw, easy to open with single hand operating.<\/p>\n<div style=\"width: 1280px;\" class=\"wp-video\"><!--[if lt IE 9]><script>document.createElement('video');<\/script><![endif]--><br \/>\n<video class=\"wp-video-shortcode\" id=\"video-3744-1\" width=\"1280\" height=\"720\" loop autoplay preload=\"auto\" controls=\"controls\"><source type=\"video\/mp4\" src=\"http:\/\/yingmeipack.com\/wp-content\/uploads\/2022\/11\/Aluminum-Cosmetics-Jar.mp4?_=1\" \/><a href=\"http:\/\/yingmeipack.com\/wp-content\/uploads\/2022\/11\/Aluminum-Cosmetics-Jar.mp4\">http:\/\/yingmeipack.com\/wp-content\/uploads\/2022\/11\/Aluminum-Cosmetics-Jar.mp4<\/a><\/video><\/div>","protected":false},"featured_media":3746,"template":"","meta":{"_kad_post_transparent":"default","_kad_post_title":"","_kad_post_layout":"default","_kad_post_sidebar_id":"","_kad_post_content_style":"default","_kad_post_vertical_padding":"default","_kad_post_feature":"","_kad_post_feature_position":"","_kad_post_header":false,"_kad_post_footer":false,"jetpack_publicize_message":"","jetpack_publicize_feature_enabled":true,"jetpack_social_post_already_shared":true,"jetpack_social_options":{"image_generator_settings":{"template":"highway","default_image_id":0,"enabled":false},"version":2}},"product_brand":[],"product_cat":[28,24,27],"product_tag":[388,385,688],"class_list":{"0":"post-3744","1":"product","2":"type-product","3":"status-publish","4":"has-post-thumbnail","6":"product_cat-aluminum-jars","7":"product_cat-jars","8":"product_cat-metal-jars","9":"product_tag-aluminum-cosmetic-jar","10":"product_tag-cosmetic-packaging","11":"product_tag-slider-can","13":"first","14":"instock","15":"shipping-taxable","16":"purchasable","17":"product-type-simple","18":"entry","19":"content-bg","20":"loop-entry"},"aioseo_notices":[],"jetpack_publicize_connections":[],"jetpack_sharing_enabled":true,"_links":{"self":[{"href":"https:\/\/yingmeipack.com\/de\/wp-json\/wp\/v2\/product\/3744","targetHints":{"allow":["GET"]}}],"collection":[{"href":"https:\/\/yingmeipack.com\/de\/wp-json\/wp\/v2\/product"}],"about":[{"href":"https:\/\/yingmeipack.com\/de\/wp-json\/wp\/v2\/types\/product"}],"version-history":[{"count":1,"href":"https:\/\/yingmeipack.com\/de\/wp-json\/wp\/v2\/product\/3744\/revisions"}],"predecessor-version":[{"id":3752,"href":"https:\/\/yingmeipack.com\/de\/wp-json\/wp\/v2\/product\/3744\/revisions\/3752"}],"wp:featuredmedia":[{"embeddable":true,"href":"https:\/\/yingmeipack.com\/de\/wp-json\/wp\/v2\/media\/3746"}],"wp:attachment":[{"href":"https:\/\/yingmeipack.com\/de\/wp-json\/wp\/v2\/media?parent=3744"}],"wp:term":[{"taxonomy":"product_brand","embeddable":true,"href":"https:\/\/yingmeipack.com\/de\/wp-json\/wp\/v2\/product_brand?post=3744"},{"taxonomy":"product_cat","embeddable":true,"href":"https:\/\/yingmeipack.com\/de\/wp-json\/wp\/v2\/product_cat?post=3744"},{"taxonomy":"product_tag","embeddable":true,"href":"https:\/\/yingmeipack.com\/de\/wp-json\/wp\/v2\/product_tag?post=3744"}],"curies":[{"name":"wp","href":"https:\/\/api.w.org\/{rel}","templated":true}]}}