{"id":3743,"date":"2025-08-30T03:40:34","date_gmt":"2025-08-30T03:40:34","guid":{"rendered":"https:\/\/yingmeipack.com\/?post_type=product&#038;p=3743"},"modified":"2025-09-03T01:59:13","modified_gmt":"2025-09-03T01:59:13","slug":"750ml-gold-aluminum-can-wholesale-food-grade","status":"publish","type":"product","link":"https:\/\/yingmeipack.com\/de\/product\/750ml-gold-aluminum-can-wholesale-food-grade\/","title":{"rendered":"750ml Gold Aluminum Can &#8211; Wholesale Food-Grade"},"content":{"rendered":"","protected":false},"excerpt":{"rendered":"<p>Unsere Oberfl\u00e4chentechnologie kann Siebdruck, Farbdruck, Pr\u00e4gung, Aush\u00f6hlung, Fenster\u00f6ffnung und andere Prozesse durchf\u00fchren, und die Farbe und Gr\u00f6\u00dfe k\u00f6nnen angepasst werden.<\/p>\n<p>This screw lid aluminum jar is made from food grade materials, and the dimension is 92*116 mm. Bulk pack meets your multipurpose uses. Tightly sealed screw twist cover structure with a foam pad under the inner lid that can effectively prevent leakage. Made of aluminium, lightweight but durable, easy to carry. These tin cans have no sharp edges, all edges are rounded and are seamlessly formed. The material can be recycled or re-used making. Great containers for lip balms, lip gloss, creams, cosmetics, salve, pills, beads, screws, candies, coffee,tea,buttons, coins, herbs, tea, candles and much more. They are also suitable for slime storage, making candles and DIY craft.<\/p>","protected":false},"featured_media":3837,"template":"","meta":{"_kad_post_transparent":"default","_kad_post_title":"","_kad_post_layout":"default","_kad_post_sidebar_id":"","_kad_post_content_style":"default","_kad_post_vertical_padding":"default","_kad_post_feature":"","_kad_post_feature_position":"","_kad_post_header":false,"_kad_post_footer":false,"jetpack_publicize_message":"","jetpack_publicize_feature_enabled":true,"jetpack_social_post_already_shared":true,"jetpack_social_options":{"image_generator_settings":{"template":"highway","default_image_id":0,"enabled":false},"version":2}},"product_brand":[],"product_cat":[28,24,27],"product_tag":[715,714,716,713],"class_list":{"0":"post-3743","1":"product","2":"type-product","3":"status-publish","4":"has-post-thumbnail","6":"product_cat-aluminum-jars","7":"product_cat-jars","8":"product_cat-metal-jars","9":"product_tag-750ml-food-grade-aluminum-can","10":"product_tag-food-grade-gold-aluminum-can","11":"product_tag-gold-wholesale-aluminum-can","12":"product_tag-wholesale-750ml-aluminum-can","14":"first","15":"instock","16":"shipping-taxable","17":"purchasable","18":"product-type-simple","19":"entry","20":"content-bg","21":"loop-entry"},"aioseo_notices":[],"jetpack_publicize_connections":[],"jetpack_sharing_enabled":true,"_links":{"self":[{"href":"https:\/\/yingmeipack.com\/de\/wp-json\/wp\/v2\/product\/3743","targetHints":{"allow":["GET"]}}],"collection":[{"href":"https:\/\/yingmeipack.com\/de\/wp-json\/wp\/v2\/product"}],"about":[{"href":"https:\/\/yingmeipack.com\/de\/wp-json\/wp\/v2\/types\/product"}],"version-history":[{"count":1,"href":"https:\/\/yingmeipack.com\/de\/wp-json\/wp\/v2\/product\/3743\/revisions"}],"predecessor-version":[{"id":3841,"href":"https:\/\/yingmeipack.com\/de\/wp-json\/wp\/v2\/product\/3743\/revisions\/3841"}],"wp:featuredmedia":[{"embeddable":true,"href":"https:\/\/yingmeipack.com\/de\/wp-json\/wp\/v2\/media\/3837"}],"wp:attachment":[{"href":"https:\/\/yingmeipack.com\/de\/wp-json\/wp\/v2\/media?parent=3743"}],"wp:term":[{"taxonomy":"product_brand","embeddable":true,"href":"https:\/\/yingmeipack.com\/de\/wp-json\/wp\/v2\/product_brand?post=3743"},{"taxonomy":"product_cat","embeddable":true,"href":"https:\/\/yingmeipack.com\/de\/wp-json\/wp\/v2\/product_cat?post=3743"},{"taxonomy":"product_tag","embeddable":true,"href":"https:\/\/yingmeipack.com\/de\/wp-json\/wp\/v2\/product_tag?post=3743"}],"curies":[{"name":"wp","href":"https:\/\/api.w.org\/{rel}","templated":true}]}}