{"id":367,"date":"2022-11-20T07:22:24","date_gmt":"2022-11-20T07:22:24","guid":{"rendered":"https:\/\/yingmeipack.com\/?post_type=product&#038;p=367"},"modified":"2022-11-20T07:35:13","modified_gmt":"2022-11-20T07:35:13","slug":"eco-friendly-plastic-candle-jars-container-with-screw-lid","status":"publish","type":"product","link":"https:\/\/yingmeipack.com\/de\/product\/eco-friendly-plastic-candle-jars-container-with-screw-lid\/","title":{"rendered":"Umweltfreundliche Kunststoff-Kerzengl\u00e4ser Beh\u00e4lter mit Schraubdeckel"},"content":{"rendered":"","protected":false},"excerpt":{"rendered":"<p>Unsere Auswahl an Kunststoff-Kerzengl\u00e4sern und Votivgl\u00e4sern ist sowohl f\u00fcr Hobby- als auch f\u00fcr Profi-Kerzenmacher geeignet. Wir k\u00f6nnen eine Vielzahl von PET-Kerzengl\u00e4sern anbieten, die in verschiedenen Gr\u00f6\u00dfen, Formen und Farben erh\u00e4ltlich sind. PET-Gl\u00e4ser werden in klar, matt und bernsteinfarben angeboten und k\u00f6nnen mit einer Vielzahl von verschiedenen Verschlussoptionen kombiniert werden. Kerzenst\u00e4nder aus Kunststoff sind sowohl in klarer als auch in mattierter Ausf\u00fchrung erh\u00e4ltlich und werden entweder in runder oder quadratischer Form angeboten. Mit einer Vielzahl von Dekorationsm\u00f6glichkeiten wie Etiketten, Edelsteinen, Dekorfarben oder \u00c4tzungen k\u00f6nnen Sie Ihren Beh\u00e4lter pers\u00f6nlich in eine einzigartige und besondere Geschenkidee oder Produktlinie verwandeln. Was auch immer Ihr Handwerk ist, wir haben den richtigen Beh\u00e4lter f\u00fcr Sie. Wie immer sollten Sie Ihre Kerzenbeh\u00e4lter mit dem Produkt auf Kompatibilit\u00e4t testen und bei der Herstellung oder dem Abbrennen von Kerzen immer Vorsicht walten lassen. Wir behaupten nicht, dass diese Beh\u00e4lter f\u00fcr eine bestimmte Verwendung geeignet sind. Sie k\u00f6nnen Ihre Kerzenverpackungen nach Ihren W\u00fcnschen und Bed\u00fcrfnissen gestalten.<\/p>","protected":false},"featured_media":368,"template":"","meta":{"_kad_post_transparent":"default","_kad_post_title":"","_kad_post_layout":"default","_kad_post_sidebar_id":"","_kad_post_content_style":"default","_kad_post_vertical_padding":"default","_kad_post_feature":"","_kad_post_feature_position":"","_kad_post_header":false,"_kad_post_footer":false,"jetpack_publicize_message":"","jetpack_publicize_feature_enabled":true,"jetpack_social_post_already_shared":false,"jetpack_social_options":{"image_generator_settings":{"template":"highway","default_image_id":0,"enabled":false},"version":2}},"product_brand":[],"product_cat":[19,24,20,25],"product_tag":[128,126,129,127],"class_list":{"0":"post-367","1":"product","2":"type-product","3":"status-publish","4":"has-post-thumbnail","6":"product_cat-bottles","7":"product_cat-jars","8":"product_cat-plastic-bottles","9":"product_cat-plastic-jars","10":"product_tag-eco-friendly-candle-container","11":"product_tag-eco-friendly-candle-jars","12":"product_tag-plastic-candle-container","13":"product_tag-plastic-candle-jars","15":"first","16":"instock","17":"shipping-taxable","18":"product-type-simple","19":"entry","20":"content-bg","21":"loop-entry"},"aioseo_notices":[],"jetpack_publicize_connections":[],"jetpack_sharing_enabled":true,"_links":{"self":[{"href":"https:\/\/yingmeipack.com\/de\/wp-json\/wp\/v2\/product\/367","targetHints":{"allow":["GET"]}}],"collection":[{"href":"https:\/\/yingmeipack.com\/de\/wp-json\/wp\/v2\/product"}],"about":[{"href":"https:\/\/yingmeipack.com\/de\/wp-json\/wp\/v2\/types\/product"}],"version-history":[{"count":2,"href":"https:\/\/yingmeipack.com\/de\/wp-json\/wp\/v2\/product\/367\/revisions"}],"predecessor-version":[{"id":375,"href":"https:\/\/yingmeipack.com\/de\/wp-json\/wp\/v2\/product\/367\/revisions\/375"}],"wp:featuredmedia":[{"embeddable":true,"href":"https:\/\/yingmeipack.com\/de\/wp-json\/wp\/v2\/media\/368"}],"wp:attachment":[{"href":"https:\/\/yingmeipack.com\/de\/wp-json\/wp\/v2\/media?parent=367"}],"wp:term":[{"taxonomy":"product_brand","embeddable":true,"href":"https:\/\/yingmeipack.com\/de\/wp-json\/wp\/v2\/product_brand?post=367"},{"taxonomy":"product_cat","embeddable":true,"href":"https:\/\/yingmeipack.com\/de\/wp-json\/wp\/v2\/product_cat?post=367"},{"taxonomy":"product_tag","embeddable":true,"href":"https:\/\/yingmeipack.com\/de\/wp-json\/wp\/v2\/product_tag?post=367"}],"curies":[{"name":"wp","href":"https:\/\/api.w.org\/{rel}","templated":true}]}}