{"id":348,"date":"2022-11-20T02:54:18","date_gmt":"2022-11-20T02:54:18","guid":{"rendered":"https:\/\/yingmeipack.com\/?post_type=product&#038;p=348"},"modified":"2022-11-20T07:04:00","modified_gmt":"2022-11-20T07:04:00","slug":"100ml-custom-printing-luxury-square-perfume-glass-bottle","status":"publish","type":"product","link":"https:\/\/yingmeipack.com\/de\/product\/100ml-custom-printing-luxury-square-perfume-glass-bottle\/","title":{"rendered":"100ml benutzerdefinierte Druck Luxus Quadrat Parf\u00fcm Glasflasche"},"content":{"rendered":"","protected":false},"excerpt":{"rendered":"<p>Diese farbige Parf\u00fcm quadratische Glasflasche wird von unserem aktuellen Kunden angepasst, die Kapazit\u00e4t von ihm ist 100ml. Hochwertig poliert und sch\u00f6n. Jede Flasche mit einzelnen Box verpackt, um zu verhindern, dass es aus zerbrechen. Es ist tragbar und nachf\u00fcllbar mit einem gl\u00e4nzenden Silber Metall feinen Nebel Zerst\u00e4uber mit stilvollen passenden Kappe, elegante feinen Nebel Zerst\u00e4uber f\u00fcr Parf\u00fcm, mit Metall feinen Nebel Zerst\u00e4uber bietet einen feinen Nebel Spray. Gro\u00df genug, um direkt in die \u00d6ffnung der Flasche zu spr\u00fchen und sie zu f\u00fcllen. Plastikstrohhalm, der bis zum Boden der Flasche reicht, um sicherzustellen, dass der Inhalt bis zum letzten Tropfen zug\u00e4nglich ist.<\/p>\n<p>&nbsp;<\/p>","protected":false},"featured_media":349,"template":"","meta":{"_kad_post_transparent":"default","_kad_post_title":"","_kad_post_layout":"default","_kad_post_sidebar_id":"","_kad_post_content_style":"default","_kad_post_vertical_padding":"default","_kad_post_feature":"","_kad_post_feature_position":"","_kad_post_header":false,"_kad_post_footer":false,"jetpack_publicize_message":"","jetpack_publicize_feature_enabled":true,"jetpack_social_post_already_shared":false,"jetpack_social_options":{"image_generator_settings":{"template":"highway","default_image_id":0,"enabled":false},"version":2}},"product_brand":[],"product_cat":[19,21,23],"product_tag":[120,121,118,122],"class_list":{"0":"post-348","1":"product","2":"type-product","3":"status-publish","4":"has-post-thumbnail","6":"product_cat-bottles","7":"product_cat-glass-bottles","8":"product_cat-square-glass-bottles","9":"product_tag-100ml-perfume-bottle","10":"product_tag-custom-perfume-bottle","11":"product_tag-perfume-glass-bottle","12":"product_tag-square-perfume-bottle","14":"first","15":"instock","16":"shipping-taxable","17":"product-type-simple","18":"entry","19":"content-bg","20":"loop-entry"},"aioseo_notices":[],"jetpack_publicize_connections":[],"jetpack_sharing_enabled":true,"_links":{"self":[{"href":"https:\/\/yingmeipack.com\/de\/wp-json\/wp\/v2\/product\/348","targetHints":{"allow":["GET"]}}],"collection":[{"href":"https:\/\/yingmeipack.com\/de\/wp-json\/wp\/v2\/product"}],"about":[{"href":"https:\/\/yingmeipack.com\/de\/wp-json\/wp\/v2\/types\/product"}],"version-history":[{"count":3,"href":"https:\/\/yingmeipack.com\/de\/wp-json\/wp\/v2\/product\/348\/revisions"}],"predecessor-version":[{"id":358,"href":"https:\/\/yingmeipack.com\/de\/wp-json\/wp\/v2\/product\/348\/revisions\/358"}],"wp:featuredmedia":[{"embeddable":true,"href":"https:\/\/yingmeipack.com\/de\/wp-json\/wp\/v2\/media\/349"}],"wp:attachment":[{"href":"https:\/\/yingmeipack.com\/de\/wp-json\/wp\/v2\/media?parent=348"}],"wp:term":[{"taxonomy":"product_brand","embeddable":true,"href":"https:\/\/yingmeipack.com\/de\/wp-json\/wp\/v2\/product_brand?post=348"},{"taxonomy":"product_cat","embeddable":true,"href":"https:\/\/yingmeipack.com\/de\/wp-json\/wp\/v2\/product_cat?post=348"},{"taxonomy":"product_tag","embeddable":true,"href":"https:\/\/yingmeipack.com\/de\/wp-json\/wp\/v2\/product_tag?post=348"}],"curies":[{"name":"wp","href":"https:\/\/api.w.org\/{rel}","templated":true}]}}